{"id":290,"date":"2021-10-20T17:09:46","date_gmt":"2021-10-20T14:09:46","guid":{"rendered":"https:\/\/marketplace.epassi.fi\/powercenter\/?post_type=product&#038;p=290"},"modified":"2026-01-01T05:01:48","modified_gmt":"2026-01-01T03:01:48","slug":"kuntosali-jasenyys-12kk-24kk","status":"publish","type":"product","link":"https:\/\/marketplace.epassi.fi\/powercenter\/kauppa\/liikuntaedut\/kuntosali\/kuntosali-jasenyys-12kk-24kk\/","title":{"rendered":"12 kk Kuntosalij\u00e4senyys (toistuva korttiveloitus)"},"content":{"rendered":"<p><strong>12 kk Kuntosalij\u00e4senyys + 29 eur liittymismaksu<\/strong><\/p>\n<p>12 kk m\u00e4\u00e4r\u00e4aikainen sopimus. Koko p\u00e4iv\u00e4n kuntosalikortti klo 04.30-24:00. Ostos on voimassa 12 kk (365 pv) ostohetkest\u00e4. Kuntosalij\u00e4senyys on k\u00e4ytett\u00e4viss\u00e4 Power Center sovelluksella.<\/p>\n<p><b>Olen tutustunut Power Center Oy:n verkkokaupan ehtoihin sek\u00e4 asiakassopimusehtoihin ja suorittamalla maksun hyv\u00e4ksyn ne.<\/b><\/p>\n<p>Hinnastomme l\u00f6yd\u00e4t t\u00e4\u00e4lt\u00e4: <a href=\"https:\/\/powercenter.fi\/hinnat\/\">https:\/\/powercenter.fi\/hinnat\/<\/a><br \/>\n<b>Sopimusehdot ja s\u00e4\u00e4nn\u00f6t l\u00f6yd\u00e4t t\u00e4\u00e4lt\u00e4: <\/b>https:\/\/powercenter.fi\/sopimusehdot-ja-saannot\/<\/p>\n<p>&nbsp;<\/p>\n<p>&nbsp;<\/p>\n","protected":false},"excerpt":{"rendered":"<p>12 kk Kuntosalij\u00e4senyys + 29 eur liittymismaksu 12 kk m\u00e4\u00e4r\u00e4aikainen sopimus. Koko p\u00e4iv\u00e4n kuntosalikortti klo 04.30-24:00. Ostos on voimassa 12 kk (365 pv) ostohetkest\u00e4. Kuntosalij\u00e4senyys on k\u00e4ytett\u00e4viss\u00e4 Power Center sovelluksella. Olen tutustunut Power Center Oy:n verkkokaupan ehtoihin sek\u00e4 asiakassopimusehtoihin ja suorittamalla maksun hyv\u00e4ksyn ne. Hinnastomme l\u00f6yd\u00e4t t\u00e4\u00e4lt\u00e4: https:\/\/powercenter.fi\/hinnat\/ Sopimusehdot ja s\u00e4\u00e4nn\u00f6t l\u00f6yd\u00e4t t\u00e4\u00e4lt\u00e4: https:\/\/powercenter.fi\/sopimusehdot-ja-saannot\/ &nbsp;&#8230;<\/p>\n","protected":false},"featured_media":331,"comment_status":"open","ping_status":"closed","template":"","meta":{"_acf_changed":false,"_kad_post_transparent":"default","_kad_post_title":"","_kad_post_layout":"default","_kad_post_sidebar_id":"","_kad_post_content_style":"default","_kad_post_vertical_padding":"default","_kad_post_feature":"","_kad_post_feature_position":"","_kad_post_header":false,"_kad_post_footer":false,"_kad_post_classname":""},"product_brand":[],"product_cat":[23,19],"product_tag":[],"class_list":{"0":"post-290","1":"product","2":"type-product","3":"status-publish","4":"has-post-thumbnail","6":"product_cat-kuntosali","7":"product_cat-liikuntaedut","9":"first","10":"instock","11":"taxable","12":"shipping-taxable","13":"purchasable","14":"product-type-simple","15":"entry","16":"content-bg","17":"loop-entry"},"acf":[],"_links":{"self":[{"href":"https:\/\/marketplace.epassi.fi\/powercenter\/wp-json\/wp\/v2\/product\/290","targetHints":{"allow":["GET"]}}],"collection":[{"href":"https:\/\/marketplace.epassi.fi\/powercenter\/wp-json\/wp\/v2\/product"}],"about":[{"href":"https:\/\/marketplace.epassi.fi\/powercenter\/wp-json\/wp\/v2\/types\/product"}],"replies":[{"embeddable":true,"href":"https:\/\/marketplace.epassi.fi\/powercenter\/wp-json\/wp\/v2\/comments?post=290"}],"wp:featuredmedia":[{"embeddable":true,"href":"https:\/\/marketplace.epassi.fi\/powercenter\/wp-json\/wp\/v2\/media\/331"}],"wp:attachment":[{"href":"https:\/\/marketplace.epassi.fi\/powercenter\/wp-json\/wp\/v2\/media?parent=290"}],"wp:term":[{"taxonomy":"product_brand","embeddable":true,"href":"https:\/\/marketplace.epassi.fi\/powercenter\/wp-json\/wp\/v2\/product_brand?post=290"},{"taxonomy":"product_cat","embeddable":true,"href":"https:\/\/marketplace.epassi.fi\/powercenter\/wp-json\/wp\/v2\/product_cat?post=290"},{"taxonomy":"product_tag","embeddable":true,"href":"https:\/\/marketplace.epassi.fi\/powercenter\/wp-json\/wp\/v2\/product_tag?post=290"}],"curies":[{"name":"wp","href":"https:\/\/api.w.org\/{rel}","templated":true}]}}