{"id":366,"date":"2024-01-08T12:54:56","date_gmt":"2024-01-08T10:54:56","guid":{"rendered":"https:\/\/marketplace.epassi.fi\/powercenter\/?post_type=product&#038;p=366"},"modified":"2026-01-01T05:01:48","modified_gmt":"2026-01-01T03:01:48","slug":"ryhmaliikunta-ja-hot-tunnit-24-viikkoa","status":"publish","type":"product","link":"https:\/\/marketplace.epassi.fi\/powercenter\/kauppa\/liikuntaedut\/ryhmaliikunta\/ryhmaliikunta-ja-hot-tunnit-24-viikkoa\/","title":{"rendered":"POWERMIXX kev\u00e4tkausi 2025"},"content":{"rendered":"<p>Powermixx- j\u00e4senyys kev\u00e4tkausi 2025. Tuote on voimassa 13.1.2025-18.5.2025.<br \/>\nJ\u00e4senyys sis\u00e4lt\u00e4\u00e4 rajattoman kuntosalin ja ohjatun liikunnan\u00a0aikataulun mukaisesti sek\u00e4-Powermixx- ohjelmoinnin mobiilisovellukseen 18 viikon ajaksi.<\/p>\n<p>Tutustu Powermixx tuntitarjontaan t\u00e4\u00e4ll\u00e4 https:\/\/powercenter.fi\/fi-fi\/powermixx-ohjattu-liikunta\/70\/<\/p>\n<p><b>Olen tutustunut Power Center Oy:n verkkokaupan ehtoihin sek\u00e4 asiakassopimusehtoihin ja suorittamalla maksun hyv\u00e4ksyn ne.<\/b><\/p>\n<p>Hinnastomme l\u00f6yd\u00e4t t\u00e4\u00e4lt\u00e4: <a href=\"https:\/\/powercenter.fi\/hinnat\/\">https:\/\/powercenter.fi\/hinnat\/<\/a><br \/>\n<b>Sopimusehdot ja s\u00e4\u00e4nn\u00f6t l\u00f6yd\u00e4t t\u00e4\u00e4lt\u00e4: <\/b>https:\/\/powercenter.fi\/sopimusehdot-ja-saannot\/<\/p>\n","protected":false},"excerpt":{"rendered":"<p>Powermixx- j\u00e4senyys kev\u00e4tkausi 2025. Tuote on voimassa 13.1.2025-18.5.2025. J\u00e4senyys sis\u00e4lt\u00e4\u00e4 rajattoman kuntosalin ja ohjatun liikunnan\u00a0aikataulun mukaisesti sek\u00e4-Powermixx- ohjelmoinnin mobiilisovellukseen 18 viikon ajaksi. Tutustu Powermixx tuntitarjontaan t\u00e4\u00e4ll\u00e4 https:\/\/powercenter.fi\/fi-fi\/powermixx-ohjattu-liikunta\/70\/ Olen tutustunut Power Center Oy:n verkkokaupan ehtoihin sek\u00e4 asiakassopimusehtoihin ja suorittamalla maksun hyv\u00e4ksyn ne. Hinnastomme l\u00f6yd\u00e4t t\u00e4\u00e4lt\u00e4: https:\/\/powercenter.fi\/hinnat\/ Sopimusehdot ja s\u00e4\u00e4nn\u00f6t l\u00f6yd\u00e4t t\u00e4\u00e4lt\u00e4: https:\/\/powercenter.fi\/sopimusehdot-ja-saannot\/<\/p>\n","protected":false},"featured_media":367,"comment_status":"open","ping_status":"closed","template":"","meta":{"_acf_changed":false,"_kad_post_transparent":"default","_kad_post_title":"","_kad_post_layout":"default","_kad_post_sidebar_id":"","_kad_post_content_style":"default","_kad_post_vertical_padding":"default","_kad_post_feature":"","_kad_post_feature_position":"","_kad_post_header":false,"_kad_post_footer":false,"_kad_post_classname":""},"product_brand":[],"product_cat":[19,27],"product_tag":[],"class_list":{"0":"post-366","1":"product","2":"type-product","3":"status-publish","4":"has-post-thumbnail","6":"product_cat-liikuntaedut","7":"product_cat-ryhmaliikunta","9":"first","10":"instock","11":"taxable","12":"shipping-taxable","13":"purchasable","14":"product-type-simple","15":"entry","16":"content-bg","17":"loop-entry"},"acf":[],"_links":{"self":[{"href":"https:\/\/marketplace.epassi.fi\/powercenter\/wp-json\/wp\/v2\/product\/366","targetHints":{"allow":["GET"]}}],"collection":[{"href":"https:\/\/marketplace.epassi.fi\/powercenter\/wp-json\/wp\/v2\/product"}],"about":[{"href":"https:\/\/marketplace.epassi.fi\/powercenter\/wp-json\/wp\/v2\/types\/product"}],"replies":[{"embeddable":true,"href":"https:\/\/marketplace.epassi.fi\/powercenter\/wp-json\/wp\/v2\/comments?post=366"}],"wp:featuredmedia":[{"embeddable":true,"href":"https:\/\/marketplace.epassi.fi\/powercenter\/wp-json\/wp\/v2\/media\/367"}],"wp:attachment":[{"href":"https:\/\/marketplace.epassi.fi\/powercenter\/wp-json\/wp\/v2\/media?parent=366"}],"wp:term":[{"taxonomy":"product_brand","embeddable":true,"href":"https:\/\/marketplace.epassi.fi\/powercenter\/wp-json\/wp\/v2\/product_brand?post=366"},{"taxonomy":"product_cat","embeddable":true,"href":"https:\/\/marketplace.epassi.fi\/powercenter\/wp-json\/wp\/v2\/product_cat?post=366"},{"taxonomy":"product_tag","embeddable":true,"href":"https:\/\/marketplace.epassi.fi\/powercenter\/wp-json\/wp\/v2\/product_tag?post=366"}],"curies":[{"name":"wp","href":"https:\/\/api.w.org\/{rel}","templated":true}]}}