{"id":22,"date":"2021-09-13T17:45:59","date_gmt":"2021-09-13T17:45:59","guid":{"rendered":"https:\/\/marketplace.epassi.fi\/prehab\/?page_id=22"},"modified":"2021-10-12T10:57:35","modified_gmt":"2021-10-12T10:57:35","slug":"info","status":"publish","type":"page","link":"https:\/\/marketplace.epassi.fi\/prehab\/info\/","title":{"rendered":"Info"},"content":{"rendered":"\n\t<div class=\"entry-content single-content\">\n\n\t\t<div class=\"wp-block-columns\" style=\"gap:30px\">\n\t\t\t<div class=\"wp-block-column\">\n\t\t\t\t<h2>Yrityksemme ja palvelumme<\/h2>\n\t\t\t\t<p><p>Olemme pieks\u00e4m\u00e4kel\u00e4inen fysioterapiayritys, joka koostuu nelj\u00e4st\u00e4 motivoituneesta ja laaja-alaisesti koulutetusta fysioterapeutista.<br \/>\nYrityksess\u00e4mme on paljon erikoisalaosaamista fysioterapian peruspalvelujen lis\u00e4ksi. <\/p>\n<p>Palvelemme asiakkaitamme Pieks\u00e4m\u00e4en keskustassa sek\u00e4 sivutoimipisteill\u00e4mme J\u00e4ppil\u00e4ss\u00e4 ja Virtasalmella.<\/p>\n<p>Voit tutustua sinua palvelevaan ja hoitavaan henkil\u00f6st\u00f6\u00f6n kotisivuillamme.<br \/>\nMuistathan , ett\u00e4 kysyv\u00e4 ei tielt\u00e4 eksy. Meid\u00e4t tavoitat asiassasi ketter\u00e4sti joko puhelimitse tai s-postitse.<\/p>\n<\/p>\n\t\t\t\t<h3>Prehab Oy<\/h3>\n\t\t\t\t<p>Tasakatu 3<br>\n\t\t\t\t\t76100 Pieks\u00e4m\u00e4ki<\/p>\n\t\t\t\t<p><a href=\"tel:050 3234621\">050 3234621<\/a><\/p>\n\t\t\t\t<p><a href=\"mailto:info@prehab.fi\">info@prehab.fi<\/a><\/p>\n\n\t\t\t\t<h2>Toimipisteet<\/h2><div class=\"info-page-location-list\"><div class=\"info-page-location\"><h3>Prehab Oy<\/h3><p>Tasakatu 3, 76100 Pieks\u00e4m\u00e4ki<\/p><p><p><a href=\"https:\/\/www.google.com\/maps\/search\/?api=1&query=Google&query_place_id=ChIJ2SLqHjYshUYRYwOPEXIpRYc\">Katso sijainti kartalla <span>&#8599;<\/span><\/a><\/p><\/p><p><\/p><\/div><\/div>\t\t\t<\/div>\n\n\t\t\t<div class=\"wp-block-column\">\n\t\t\t\t<figure class=\"wp-block-image size-large\"><img loading=\"lazy\" decoding=\"async\" width=\"768\" height=\"768\" src=\"https:\/\/marketplace.epassi.fi\/prehab\/wp-content\/uploads\/sites\/33\/2021\/11\/KH-Prehab-Oy-logo-jpg-768x768.jpg\" class=\"attachment-medium_large size-medium_large\" alt=\"\" \/><\/figure>\n\t\t\t<\/div>\n\t\t<\/div>\n\t<\/div>\n\t\n","protected":false},"excerpt":{"rendered":"","protected":false},"author":2,"featured_media":0,"parent":0,"menu_order":0,"comment_status":"closed","ping_status":"closed","template":"","meta":{"_acf_changed":false,"_kad_post_transparent":"","_kad_post_title":"","_kad_post_layout":"","_kad_post_sidebar_id":"","_kad_post_content_style":"","_kad_post_vertical_padding":"","_kad_post_feature":"","_kad_post_feature_position":"","_kad_post_header":false,"_kad_post_footer":false,"_kad_post_classname":"","footnotes":""},"class_list":["post-22","page","type-page","status-publish","hentry"],"acf":[],"_links":{"self":[{"href":"https:\/\/marketplace.epassi.fi\/prehab\/wp-json\/wp\/v2\/pages\/22","targetHints":{"allow":["GET"]}}],"collection":[{"href":"https:\/\/marketplace.epassi.fi\/prehab\/wp-json\/wp\/v2\/pages"}],"about":[{"href":"https:\/\/marketplace.epassi.fi\/prehab\/wp-json\/wp\/v2\/types\/page"}],"author":[{"embeddable":true,"href":"https:\/\/marketplace.epassi.fi\/prehab\/wp-json\/wp\/v2\/users\/2"}],"replies":[{"embeddable":true,"href":"https:\/\/marketplace.epassi.fi\/prehab\/wp-json\/wp\/v2\/comments?post=22"}],"version-history":[{"count":10,"href":"https:\/\/marketplace.epassi.fi\/prehab\/wp-json\/wp\/v2\/pages\/22\/revisions"}],"predecessor-version":[{"id":264,"href":"https:\/\/marketplace.epassi.fi\/prehab\/wp-json\/wp\/v2\/pages\/22\/revisions\/264"}],"wp:attachment":[{"href":"https:\/\/marketplace.epassi.fi\/prehab\/wp-json\/wp\/v2\/media?parent=22"}],"curies":[{"name":"wp","href":"https:\/\/api.w.org\/{rel}","templated":true}]}}