{"id":290,"date":"2021-10-20T17:09:46","date_gmt":"2021-10-20T14:09:46","guid":{"rendered":"https:\/\/marketplace.epassi.fi\/prehab\/?post_type=product&#038;p=290"},"modified":"2025-10-30T13:55:33","modified_gmt":"2025-10-30T11:55:33","slug":"kuntosaliohjaus","status":"publish","type":"product","link":"https:\/\/marketplace.epassi.fi\/prehab\/kauppa\/hyvinvointi\/fysioterapia\/kuntosaliohjaus\/","title":{"rendered":"Kuntosaliohjaus"},"content":{"rendered":"<p>Autamme niin vasta-alkajaa kuin kokenutta harjoittelijaa kuntosaliharjoittelun startissa tai harjoitussis\u00e4lt\u00f6jen p\u00e4ivityksess\u00e4.<\/p>\n<p>Yrityksest\u00e4mme l\u00f6ytyy sertifikoitua personal training ja voimavalmennusosaamista.<\/p>\n","protected":false},"excerpt":{"rendered":"<p>Autamme niin vasta-alkajaa kuin kokenutta harjoittelijaa kuntosaliharjoittelun startissa tai harjoitussis\u00e4lt\u00f6jen p\u00e4ivityksess\u00e4. Yrityksest\u00e4mme l\u00f6ytyy sertifikoitua personal training ja voimavalmennusosaamista.<\/p>\n","protected":false},"featured_media":309,"comment_status":"open","ping_status":"closed","template":"","meta":{"_acf_changed":false,"_kad_post_transparent":"default","_kad_post_title":"","_kad_post_layout":"default","_kad_post_sidebar_id":"","_kad_post_content_style":"default","_kad_post_vertical_padding":"default","_kad_post_feature":"","_kad_post_feature_position":"","_kad_post_header":false,"_kad_post_footer":false,"_kad_post_classname":""},"product_brand":[],"product_cat":[32,31,21],"product_tag":[],"class_list":{"0":"post-290","1":"product","2":"type-product","3":"status-publish","4":"has-post-thumbnail","6":"product_cat-fysioterapia","7":"product_cat-hieronta","8":"product_cat-hyvinvointi","10":"first","11":"instock","12":"virtual","13":"taxable","14":"purchasable","15":"product-type-simple","16":"entry","17":"content-bg","18":"loop-entry"},"acf":[],"_links":{"self":[{"href":"https:\/\/marketplace.epassi.fi\/prehab\/wp-json\/wp\/v2\/product\/290","targetHints":{"allow":["GET"]}}],"collection":[{"href":"https:\/\/marketplace.epassi.fi\/prehab\/wp-json\/wp\/v2\/product"}],"about":[{"href":"https:\/\/marketplace.epassi.fi\/prehab\/wp-json\/wp\/v2\/types\/product"}],"replies":[{"embeddable":true,"href":"https:\/\/marketplace.epassi.fi\/prehab\/wp-json\/wp\/v2\/comments?post=290"}],"wp:featuredmedia":[{"embeddable":true,"href":"https:\/\/marketplace.epassi.fi\/prehab\/wp-json\/wp\/v2\/media\/309"}],"wp:attachment":[{"href":"https:\/\/marketplace.epassi.fi\/prehab\/wp-json\/wp\/v2\/media?parent=290"}],"wp:term":[{"taxonomy":"product_brand","embeddable":true,"href":"https:\/\/marketplace.epassi.fi\/prehab\/wp-json\/wp\/v2\/product_brand?post=290"},{"taxonomy":"product_cat","embeddable":true,"href":"https:\/\/marketplace.epassi.fi\/prehab\/wp-json\/wp\/v2\/product_cat?post=290"},{"taxonomy":"product_tag","embeddable":true,"href":"https:\/\/marketplace.epassi.fi\/prehab\/wp-json\/wp\/v2\/product_tag?post=290"}],"curies":[{"name":"wp","href":"https:\/\/api.w.org\/{rel}","templated":true}]}}