{"id":310,"date":"2021-11-16T23:00:57","date_gmt":"2021-11-16T21:00:57","guid":{"rendered":"https:\/\/marketplace.epassi.fi\/prehab\/?post_type=product&#038;p=310"},"modified":"2025-10-30T13:55:28","modified_gmt":"2025-10-30T11:55:28","slug":"fysioterapia","status":"publish","type":"product","link":"https:\/\/marketplace.epassi.fi\/prehab\/kauppa\/hyvinvointi\/fysioterapia\/fysioterapia\/","title":{"rendered":"Fysioterapia"},"content":{"rendered":"<p>Fysioterapiassa arvioidaan kuntoutujan terveytt\u00e4, liikkumista, toimintakyky\u00e4 ja toimintarajoitteita h\u00e4nen toimintaymp\u00e4rist\u00f6ss\u00e4\u00e4n. Fysioterapeutin ty\u00f6kaluja ovat mm. terveytt\u00e4 ja toimintakyky\u00e4 edist\u00e4v\u00e4 ohjaus ja neuvonta, liikkeentuoton tutkiminen ja harjoittaminen, lihas, nivel- ja hermorakenteiden tutkiminen, kliininen ja erotusdiagnostinen p\u00e4\u00e4ttely sek\u00e4 manuaalinen terapia.<\/p>\n","protected":false},"excerpt":{"rendered":"<p>Fysioterapiassa arvioidaan kuntoutujan terveytt\u00e4, liikkumista, toimintakyky\u00e4 ja toimintarajoitteita h\u00e4nen toimintaymp\u00e4rist\u00f6ss\u00e4\u00e4n. Fysioterapeutin ty\u00f6kaluja ovat mm. terveytt\u00e4 ja toimintakyky\u00e4 edist\u00e4v\u00e4 ohjaus ja neuvonta, liikkeentuoton tutkiminen ja harjoittaminen, lihas, nivel- ja hermorakenteiden tutkiminen, kliininen ja erotusdiagnostinen p\u00e4\u00e4ttely sek\u00e4 manuaalinen terapia.<\/p>\n","protected":false},"featured_media":311,"comment_status":"open","ping_status":"closed","template":"","meta":{"_acf_changed":false,"_kad_post_transparent":"default","_kad_post_title":"","_kad_post_layout":"default","_kad_post_sidebar_id":"","_kad_post_content_style":"default","_kad_post_vertical_padding":"default","_kad_post_feature":"","_kad_post_feature_position":"","_kad_post_header":false,"_kad_post_footer":false,"_kad_post_classname":""},"product_brand":[],"product_cat":[32,31,21],"product_tag":[],"class_list":{"0":"post-310","1":"product","2":"type-product","3":"status-publish","4":"has-post-thumbnail","6":"product_cat-fysioterapia","7":"product_cat-hieronta","8":"product_cat-hyvinvointi","10":"first","11":"instock","12":"taxable","13":"shipping-taxable","14":"purchasable","15":"product-type-simple","16":"entry","17":"content-bg","18":"loop-entry"},"acf":[],"_links":{"self":[{"href":"https:\/\/marketplace.epassi.fi\/prehab\/wp-json\/wp\/v2\/product\/310","targetHints":{"allow":["GET"]}}],"collection":[{"href":"https:\/\/marketplace.epassi.fi\/prehab\/wp-json\/wp\/v2\/product"}],"about":[{"href":"https:\/\/marketplace.epassi.fi\/prehab\/wp-json\/wp\/v2\/types\/product"}],"replies":[{"embeddable":true,"href":"https:\/\/marketplace.epassi.fi\/prehab\/wp-json\/wp\/v2\/comments?post=310"}],"wp:featuredmedia":[{"embeddable":true,"href":"https:\/\/marketplace.epassi.fi\/prehab\/wp-json\/wp\/v2\/media\/311"}],"wp:attachment":[{"href":"https:\/\/marketplace.epassi.fi\/prehab\/wp-json\/wp\/v2\/media?parent=310"}],"wp:term":[{"taxonomy":"product_brand","embeddable":true,"href":"https:\/\/marketplace.epassi.fi\/prehab\/wp-json\/wp\/v2\/product_brand?post=310"},{"taxonomy":"product_cat","embeddable":true,"href":"https:\/\/marketplace.epassi.fi\/prehab\/wp-json\/wp\/v2\/product_cat?post=310"},{"taxonomy":"product_tag","embeddable":true,"href":"https:\/\/marketplace.epassi.fi\/prehab\/wp-json\/wp\/v2\/product_tag?post=310"}],"curies":[{"name":"wp","href":"https:\/\/api.w.org\/{rel}","templated":true}]}}