{"id":312,"date":"2021-11-16T23:01:10","date_gmt":"2021-11-16T21:01:10","guid":{"rendered":"https:\/\/marketplace.epassi.fi\/prehab\/?post_type=product&#038;p=312"},"modified":"2025-10-30T13:55:22","modified_gmt":"2025-10-30T11:55:22","slug":"omt-fysioterapia","status":"publish","type":"product","link":"https:\/\/marketplace.epassi.fi\/prehab\/kauppa\/hyvinvointi\/fysioterapia\/omt-fysioterapia\/","title":{"rendered":"OMT-fysioterapia"},"content":{"rendered":"<div class=\"et_pb_module et_pb_text et_pb_text_1 et_pb_text_align_left et_pb_bg_layout_light et_had_animation\">\n<div class=\"et_pb_text_inner\">\n<p>Ortopedinen Manuaalinen Terapia (OMT) on fysioterapian erikoisala, joka keskittyy henkil\u00f6n fyysisen toimintakyvyn arviointiin, hermo-, lihas- ja nivelrakenteiden tutkimiseen ja terapiaan sek\u00e4 toimintah\u00e4iri\u00f6iden ennaltaehk\u00e4isyyn.<\/p>\n<\/div>\n<\/div>\n<div class=\"et_pb_module et_pb_text et_pb_text_2 et_pb_text_align_left et_pb_bg_layout_light et_had_animation\">\n<div class=\"et_pb_text_inner\">\n<p>OMT perustuu tarkkaan tutkimiseen ja kliiniseen p\u00e4\u00e4ttelyyn. Terapiamuotoina k\u00e4ytet\u00e4\u00e4n mm. manuaalisia tekniikoita ja terapeuttista harjoittelua.<\/p>\n<\/div>\n<\/div>\n","protected":false},"excerpt":{"rendered":"<p>Ortopedinen Manuaalinen Terapia (OMT) on fysioterapian erikoisala, joka keskittyy henkil\u00f6n fyysisen toimintakyvyn arviointiin, hermo-, lihas- ja nivelrakenteiden tutkimiseen ja terapiaan sek\u00e4 toimintah\u00e4iri\u00f6iden ennaltaehk\u00e4isyyn. OMT perustuu tarkkaan tutkimiseen ja kliiniseen p\u00e4\u00e4ttelyyn. Terapiamuotoina k\u00e4ytet\u00e4\u00e4n mm. manuaalisia tekniikoita ja terapeuttista harjoittelua.<\/p>\n","protected":false},"featured_media":313,"comment_status":"open","ping_status":"closed","template":"","meta":{"_acf_changed":false,"_kad_post_transparent":"default","_kad_post_title":"","_kad_post_layout":"default","_kad_post_sidebar_id":"","_kad_post_content_style":"default","_kad_post_vertical_padding":"default","_kad_post_feature":"","_kad_post_feature_position":"","_kad_post_header":false,"_kad_post_footer":false,"_kad_post_classname":""},"product_brand":[],"product_cat":[32,21],"product_tag":[],"class_list":{"0":"post-312","1":"product","2":"type-product","3":"status-publish","4":"has-post-thumbnail","6":"product_cat-fysioterapia","7":"product_cat-hyvinvointi","9":"first","10":"instock","11":"taxable","12":"shipping-taxable","13":"purchasable","14":"product-type-simple","15":"entry","16":"content-bg","17":"loop-entry"},"acf":[],"_links":{"self":[{"href":"https:\/\/marketplace.epassi.fi\/prehab\/wp-json\/wp\/v2\/product\/312","targetHints":{"allow":["GET"]}}],"collection":[{"href":"https:\/\/marketplace.epassi.fi\/prehab\/wp-json\/wp\/v2\/product"}],"about":[{"href":"https:\/\/marketplace.epassi.fi\/prehab\/wp-json\/wp\/v2\/types\/product"}],"replies":[{"embeddable":true,"href":"https:\/\/marketplace.epassi.fi\/prehab\/wp-json\/wp\/v2\/comments?post=312"}],"wp:featuredmedia":[{"embeddable":true,"href":"https:\/\/marketplace.epassi.fi\/prehab\/wp-json\/wp\/v2\/media\/313"}],"wp:attachment":[{"href":"https:\/\/marketplace.epassi.fi\/prehab\/wp-json\/wp\/v2\/media?parent=312"}],"wp:term":[{"taxonomy":"product_brand","embeddable":true,"href":"https:\/\/marketplace.epassi.fi\/prehab\/wp-json\/wp\/v2\/product_brand?post=312"},{"taxonomy":"product_cat","embeddable":true,"href":"https:\/\/marketplace.epassi.fi\/prehab\/wp-json\/wp\/v2\/product_cat?post=312"},{"taxonomy":"product_tag","embeddable":true,"href":"https:\/\/marketplace.epassi.fi\/prehab\/wp-json\/wp\/v2\/product_tag?post=312"}],"curies":[{"name":"wp","href":"https:\/\/api.w.org\/{rel}","templated":true}]}}