{"id":337,"date":"2021-12-09T21:03:27","date_gmt":"2021-12-09T19:03:27","guid":{"rendered":"https:\/\/marketplace.epassi.fi\/prohierojat-lempaala\/?post_type=product&#038;p=337"},"modified":"2025-10-30T14:28:15","modified_gmt":"2025-10-30T12:28:15","slug":"hieronta-120min","status":"publish","type":"product","link":"https:\/\/marketplace.epassi.fi\/prohierojat-lempaala\/kauppa\/hyvinvointi\/hieronta\/hieronta-120min\/","title":{"rendered":"Hieronta 120min"},"content":{"rendered":"","protected":false},"excerpt":{"rendered":"<p>Hieronta 120min. Voimassa 6kk ostop\u00e4iv\u00e4st\u00e4. Huomaathan, ett\u00e4 epassi edut ovat henkil\u00f6kohtaisia.<\/p>\n","protected":false},"featured_media":354,"comment_status":"open","ping_status":"closed","template":"","meta":{"_acf_changed":false,"_kad_post_transparent":"default","_kad_post_title":"","_kad_post_layout":"default","_kad_post_sidebar_id":"","_kad_post_content_style":"default","_kad_post_vertical_padding":"default","_kad_post_feature":"","_kad_post_feature_position":"","_kad_post_header":false,"_kad_post_footer":false,"_kad_post_classname":""},"product_brand":[],"product_cat":[31],"product_tag":[],"class_list":{"0":"post-337","1":"product","2":"type-product","3":"status-publish","4":"has-post-thumbnail","6":"product_cat-hieronta","8":"first","9":"instock","10":"purchasable","11":"product-type-simple","12":"entry","13":"content-bg","14":"loop-entry"},"acf":[],"_links":{"self":[{"href":"https:\/\/marketplace.epassi.fi\/prohierojat-lempaala\/wp-json\/wp\/v2\/product\/337","targetHints":{"allow":["GET"]}}],"collection":[{"href":"https:\/\/marketplace.epassi.fi\/prohierojat-lempaala\/wp-json\/wp\/v2\/product"}],"about":[{"href":"https:\/\/marketplace.epassi.fi\/prohierojat-lempaala\/wp-json\/wp\/v2\/types\/product"}],"replies":[{"embeddable":true,"href":"https:\/\/marketplace.epassi.fi\/prohierojat-lempaala\/wp-json\/wp\/v2\/comments?post=337"}],"wp:featuredmedia":[{"embeddable":true,"href":"https:\/\/marketplace.epassi.fi\/prohierojat-lempaala\/wp-json\/wp\/v2\/media\/354"}],"wp:attachment":[{"href":"https:\/\/marketplace.epassi.fi\/prohierojat-lempaala\/wp-json\/wp\/v2\/media?parent=337"}],"wp:term":[{"taxonomy":"product_brand","embeddable":true,"href":"https:\/\/marketplace.epassi.fi\/prohierojat-lempaala\/wp-json\/wp\/v2\/product_brand?post=337"},{"taxonomy":"product_cat","embeddable":true,"href":"https:\/\/marketplace.epassi.fi\/prohierojat-lempaala\/wp-json\/wp\/v2\/product_cat?post=337"},{"taxonomy":"product_tag","embeddable":true,"href":"https:\/\/marketplace.epassi.fi\/prohierojat-lempaala\/wp-json\/wp\/v2\/product_tag?post=337"}],"curies":[{"name":"wp","href":"https:\/\/api.w.org\/{rel}","templated":true}]}}