{"id":289,"date":"2021-10-20T17:08:34","date_gmt":"2021-10-20T17:08:34","guid":{"rendered":"https:\/\/marketplace.epassi.fi\/proxima-finland\/?post_type=product&#038;p=289"},"modified":"2025-10-30T16:00:10","modified_gmt":"2025-10-30T14:00:10","slug":"tuotteen-nimi","status":"publish","type":"product","link":"https:\/\/marketplace.epassi.fi\/proxima-finland\/kauppa\/hyvinvointi\/hieronta\/tuotteen-nimi\/","title":{"rendered":"Hierontalahjakortit"},"content":{"rendered":"<p>Hierontaan Tampereella tai H\u00e4meenkyr\u00f6ss\u00e4!<\/p>\n<p>Ajanvarauksen l\u00f6yd\u00e4t: https:\/\/proximafinland.fi\/ajanvaraus\/<\/p>\n","protected":false},"excerpt":{"rendered":"<p>Hierontalahjakortit 50-300\u20ac<\/p>\n","protected":false},"featured_media":336,"comment_status":"open","ping_status":"closed","template":"","meta":{"_acf_changed":false,"_kad_post_transparent":"default","_kad_post_title":"","_kad_post_layout":"default","_kad_post_sidebar_id":"","_kad_post_content_style":"default","_kad_post_vertical_padding":"default","_kad_post_feature":"","_kad_post_feature_position":"","_kad_post_header":false,"_kad_post_footer":false,"_kad_post_classname":""},"product_brand":[],"product_cat":[31,21],"product_tag":[],"class_list":{"0":"post-289","1":"product","2":"type-product","3":"status-publish","4":"has-post-thumbnail","6":"product_cat-hieronta","7":"product_cat-hyvinvointi","9":"first","10":"instock","11":"taxable","12":"shipping-taxable","13":"purchasable","14":"product-type-variable","15":"entry","16":"content-bg","17":"loop-entry"},"acf":[],"_links":{"self":[{"href":"https:\/\/marketplace.epassi.fi\/proxima-finland\/wp-json\/wp\/v2\/product\/289","targetHints":{"allow":["GET"]}}],"collection":[{"href":"https:\/\/marketplace.epassi.fi\/proxima-finland\/wp-json\/wp\/v2\/product"}],"about":[{"href":"https:\/\/marketplace.epassi.fi\/proxima-finland\/wp-json\/wp\/v2\/types\/product"}],"replies":[{"embeddable":true,"href":"https:\/\/marketplace.epassi.fi\/proxima-finland\/wp-json\/wp\/v2\/comments?post=289"}],"wp:featuredmedia":[{"embeddable":true,"href":"https:\/\/marketplace.epassi.fi\/proxima-finland\/wp-json\/wp\/v2\/media\/336"}],"wp:attachment":[{"href":"https:\/\/marketplace.epassi.fi\/proxima-finland\/wp-json\/wp\/v2\/media?parent=289"}],"wp:term":[{"taxonomy":"product_brand","embeddable":true,"href":"https:\/\/marketplace.epassi.fi\/proxima-finland\/wp-json\/wp\/v2\/product_brand?post=289"},{"taxonomy":"product_cat","embeddable":true,"href":"https:\/\/marketplace.epassi.fi\/proxima-finland\/wp-json\/wp\/v2\/product_cat?post=289"},{"taxonomy":"product_tag","embeddable":true,"href":"https:\/\/marketplace.epassi.fi\/proxima-finland\/wp-json\/wp\/v2\/product_tag?post=289"}],"curies":[{"name":"wp","href":"https:\/\/api.w.org\/{rel}","templated":true}]}}