{"id":290,"date":"2021-10-20T17:09:46","date_gmt":"2021-10-20T17:09:46","guid":{"rendered":"https:\/\/marketplace.epassi.fi\/proxima-finland\/?post_type=product&#038;p=290"},"modified":"2024-09-01T00:08:31","modified_gmt":"2024-08-31T21:08:31","slug":"juoksuwebinaarit","status":"publish","type":"product","link":"https:\/\/marketplace.epassi.fi\/proxima-finland\/kauppa\/liikuntaedut\/liikunta-muut\/juoksuwebinaarit\/","title":{"rendered":"Juoksuwebinaarit"},"content":{"rendered":"<p>Kirjoita t\u00e4h\u00e4n pidempi tuotekuvaus. T\u00e4m\u00e4 kuvaus n\u00e4kyy tuotesivun alaosassa.<\/p>\n","protected":false},"excerpt":{"rendered":"<h2><span style=\"font-family: var(--global-body-font-family);\">Webinaarivaihtoehdot:<\/span><\/h2>\n<ul>\n<li><span style=\"font-family: var(--global-body-font-family); font-size: 17px; font-weight: 400;\">Juoksuharrastuksen aloittaminen<\/span><\/li>\n<li class=\"ct-headline\">Juoksutekniikka ja rasitusvammat<\/li>\n<li id=\"headline-84-10349\" class=\"ct-headline\">Juoksutelakalta takaisin harjoitteluun<\/li>\n<\/ul>\n<p>Lis\u00e4\u00e4 ostoskoriin useampi tuote ja ilmoita, mitk\u00e4 webinaarien oikeudet haluat itsellesi (saat ohjeet s\u00e4hk\u00f6postiisi tilauksen j\u00e4lkeen).<\/p>\n<p>&nbsp;<\/p>\n","protected":false},"featured_media":327,"comment_status":"open","ping_status":"closed","template":"","meta":{"_acf_changed":false,"_kad_post_transparent":"default","_kad_post_title":"","_kad_post_layout":"default","_kad_post_sidebar_id":"","_kad_post_content_style":"default","_kad_post_vertical_padding":"default","_kad_post_feature":"","_kad_post_feature_position":"","_kad_post_header":false,"_kad_post_footer":false,"_kad_post_classname":""},"product_brand":[],"product_cat":[29,19,28],"product_tag":[],"class_list":{"0":"post-290","1":"product","2":"type-product","3":"status-publish","4":"has-post-thumbnail","6":"product_cat-liikunta-muut","7":"product_cat-liikuntaedut","8":"product_cat-verkkotreenit","10":"first","11":"instock","12":"virtual","13":"taxable","14":"purchasable","15":"product-type-simple","16":"entry","17":"content-bg","18":"loop-entry"},"acf":[],"_links":{"self":[{"href":"https:\/\/marketplace.epassi.fi\/proxima-finland\/wp-json\/wp\/v2\/product\/290","targetHints":{"allow":["GET"]}}],"collection":[{"href":"https:\/\/marketplace.epassi.fi\/proxima-finland\/wp-json\/wp\/v2\/product"}],"about":[{"href":"https:\/\/marketplace.epassi.fi\/proxima-finland\/wp-json\/wp\/v2\/types\/product"}],"replies":[{"embeddable":true,"href":"https:\/\/marketplace.epassi.fi\/proxima-finland\/wp-json\/wp\/v2\/comments?post=290"}],"wp:featuredmedia":[{"embeddable":true,"href":"https:\/\/marketplace.epassi.fi\/proxima-finland\/wp-json\/wp\/v2\/media\/327"}],"wp:attachment":[{"href":"https:\/\/marketplace.epassi.fi\/proxima-finland\/wp-json\/wp\/v2\/media?parent=290"}],"wp:term":[{"taxonomy":"product_brand","embeddable":true,"href":"https:\/\/marketplace.epassi.fi\/proxima-finland\/wp-json\/wp\/v2\/product_brand?post=290"},{"taxonomy":"product_cat","embeddable":true,"href":"https:\/\/marketplace.epassi.fi\/proxima-finland\/wp-json\/wp\/v2\/product_cat?post=290"},{"taxonomy":"product_tag","embeddable":true,"href":"https:\/\/marketplace.epassi.fi\/proxima-finland\/wp-json\/wp\/v2\/product_tag?post=290"}],"curies":[{"name":"wp","href":"https:\/\/api.w.org\/{rel}","templated":true}]}}