{"id":22,"date":"2021-09-13T17:45:59","date_gmt":"2021-09-13T17:45:59","guid":{"rendered":"https:\/\/marketplace.epassi.fi\/pt-kuntoklubit\/?page_id=22"},"modified":"2021-10-12T10:57:35","modified_gmt":"2021-10-12T10:57:35","slug":"info","status":"publish","type":"page","link":"https:\/\/marketplace.epassi.fi\/pt-kuntoklubit\/info\/","title":{"rendered":"Info"},"content":{"rendered":"\n\t<div class=\"entry-content single-content\">\n\n\t\t<div class=\"wp-block-columns\" style=\"gap:30px\">\n\t\t\t<div class=\"wp-block-column\">\n\t\t\t\t<h2>P&amp;T-l\u00e4hikuntoklubilla kuntoilet, kun sinulle sopii<\/h2>\n\t\t\t\t<p><p>P&amp;T-l\u00e4hikuntoklubilla liikut vaivattomasti ja silloin, kun sinulle sopii. L\u00f6yd\u00e4t meid\u00e4n Helsingist\u00e4, Espoosta, Tampereelta ja Vantaalta.<br \/>\nL\u00e4hikuntoklubit ovat avoinna j\u00e4senille p\u00e4ivitt\u00e4in klo 5-23.<br \/>\nAloita vaikkapa maksuttomalla kokeilulla, klikkaa verkkoon ja olet salilla jo t\u00e4n\u00e4\u00e4n www.ptsalit.fi\/kokeile<\/p>\n<\/p>\n\t\t\t\t<h3>P&amp;T-kuntoklubit \/ Puls &amp; Tr\u00e4ning<\/h3>\n\t\t\t\t<p><br>\n\t\t\t\t\t <\/p>\n\t\t\t\t<p><a href=\"tel:Myyntipalvelu p. 0207306251 (ma-pe klo 9-16)\">Myyntipalvelu p. 0207306251 (ma-pe klo 9-16)<\/a><\/p>\n\t\t\t\t<p><a href=\"mailto:Myyntipalvleun s\u00e4hk\u00f6postiosoite kuntoon@pandt.fi\">Myyntipalvleun s\u00e4hk\u00f6postiosoite kuntoon@pandt.fi<\/a><\/p>\n\n\t\t\t\t<h2>Toimipisteet<\/h2><div class=\"info-page-location-list\"><div class=\"info-page-location\"><h3>P&amp;T Kaleva<\/h3><p>Sammonkatu 44, 33540 Tampere<\/p><p><a href=\"tel:0207306251\">0207306251<\/a><br><a href=\"mail:kaleva@pandt.fi\">kaleva@pandt.fi<\/a><p><a href=\"https:\/\/www.google.com\/maps\/search\/?api=1&query=Google&query_place_id=ChIJ2aNVuljfjkYRnncf417YBGk\">Katso sijainti kartalla <span>&#8599;<\/span><\/a><\/p><\/p><p>Mukava l\u00e4hikuntoklubi Kalevn syd\u00e4mess\u00e4. Kuntosali avoinna j\u00e4senille p\u00e4ivitt\u00e4in klo 5-23. Lis\u00e4palveluina hierotnaa, fysioterapiaa, ravitsemusvalmennusta ja Personal Training -palvelut.<\/p><\/div><div class=\"info-page-location\"><h3>P&amp;T Tammela<\/h3><p>Kalevan puistotie 22, 33500 Tampere<\/p><p><a href=\"tel:0207306251\">0207306251<\/a><br><a href=\"mail:tammela@pandt.fi\">tammela@pandt.fi<\/a><p><a href=\"https:\/\/www.google.com\/maps\/search\/?api=1&query=Google&query_place_id=ChIJZWj6A6ogj0YRCfq8f69pdKo\">Katso sijainti kartalla <span>&#8599;<\/span><\/a><\/p><\/p><p>Mukava l\u00e4hikuntoklubi Tammelan stadionin yhteydess\u00e4. Kuntosali avoinna j\u00e4senille p\u00e4ivitt\u00e4in klo 5-23. Lis\u00e4palveluina hierotnaa, fysioterapiaa, ravitsemusvalmennusta ja Personal Training -palvelut.<\/p><\/div><div class=\"info-page-location\"><h3>P&amp;T Tampella<\/h3><p>Tampellan esplanadi 3, 33100 Tampere<\/p><p><a href=\"tel:0207306251\">0207306251<\/a><br><a href=\"mail:tampella@pandt.fi\">tampella@pandt.fi<\/a><p><a href=\"https:\/\/www.google.com\/maps\/search\/?api=1&query=Google&query_place_id=ChIJk4qpIVYnj0YRtZBYEoYo1i4\">Katso sijainti kartalla <span>&#8599;<\/span><\/a><\/p><\/p><p>Mukava l\u00e4hikuntoklubi Tampellan syd\u00e4mess\u00e4. Kuntosali avoinna j\u00e4senille p\u00e4ivitt\u00e4in klo 5-23. Lis\u00e4palveluina hierotnaa, fysioterapiaa, ravitsemusvalmennusta ja Personal Training -palvelut.<\/p><\/div><div class=\"info-page-location\"><h3>P&amp;T J\u00e4tk\u00e4saari<\/h3><p>V\u00e4limerenkatu 9, 00180 Helsinki<\/p><p><a href=\"tel:0207306251\">0207306251<\/a><br><a href=\"mail:jatkasaari@pandt.fi\">jatkasaari@pandt.fi<\/a><p><a href=\"https:\/\/www.google.com\/maps\/search\/?api=1&query=Google&query_place_id=ChIJ19yve0wKkkYRmICdkAeNEyg\">Katso sijainti kartalla <span>&#8599;<\/span><\/a><\/p><\/p><p>Mukava l\u00e4hikuntoklubi J\u00e4tk\u00e4saaren syd\u00e4mess\u00e4. Kuntosali avoinna j\u00e4senille p\u00e4ivitt\u00e4in klo 5-23. Lis\u00e4palveluina hierotnaa, fysioterapiaa, ravitsemusvalmennusta ja Personal Training -palvelut.<\/p><\/div><div class=\"info-page-location\"><h3>P&amp;T Latokartano<\/h3><p>Agronominkatu 1, 00790 Helsinki<\/p><p><a href=\"tel:0207306251\">0207306251<\/a><br><a href=\"mail:latokartano@pandt.fi\">latokartano@pandt.fi<\/a><p><a href=\"https:\/\/www.google.com\/maps\/search\/?api=1&query=Google&query_place_id=ChIJTaPJm1gJkkYRrM00NyF6hxs\">Katso sijainti kartalla <span>&#8599;<\/span><\/a><\/p><\/p><p>Mukava l\u00e4hikuntoklubi Latokartanon syd\u00e4mess\u00e4, torin kupeessa. Kuntosali avoinna j\u00e4senille p\u00e4ivitt\u00e4in klo 5-23. Lis\u00e4palveluina hierotnaa, ravitsemusvalmennusta ja Personal Training -palvelut.<\/p><\/div><div class=\"info-page-location\"><h3>P&amp;T Sompasaari<\/h3><p>Sompasaarenlaituri 8, 00540 Helsinki<\/p><p><a href=\"tel:0207306251\">0207306251<\/a><br><a href=\"mail:sompasaari@pandt.fi\">sompasaari@pandt.fi<\/a><p><a href=\"https:\/\/www.google.com\/maps\/search\/?api=1&query=Google&query_place_id=ChIJAdRw72IJkkYRZ0JQWTNioPs\">Katso sijainti kartalla <span>&#8599;<\/span><\/a><\/p><\/p><p>Mukava l\u00e4hikuntoklubi Sompasaaren ytimess\u00e4 mukavalla merin\u00e4k\u00f6alalla. Kuntosali avoinna j\u00e4senille p\u00e4ivitt\u00e4in klo 5-23. Lis\u00e4palveluina Personal Training -palvelut.<\/p><\/div><div class=\"info-page-location\"><h3>P&amp;T Suutarila<\/h3><p>Tapulikaupungintie 39, 00750 Helsinki<\/p><p><a href=\"tel:0207306251\">0207306251<\/a><br><a href=\"mail:suutarila@pandt.fi\">suutarila@pandt.fi<\/a><p><a href=\"https:\/\/www.google.com\/maps\/search\/?api=1&query=Google&query_place_id=ChIJ80K-rN0HkkYRG_2F_5XY58w\">Katso sijainti kartalla <span>&#8599;<\/span><\/a><\/p><\/p><p>Mukava l\u00e4hikuntoklubi Suutarilan palvelualueella K-marketin vieress\u00e4. Kuntosali avoinna j\u00e4senille p\u00e4ivitt\u00e4in klo 5-23. Lis\u00e4palveluina hierotnaa, ravitsemusvalmennusta ja Personal Training -palvelut.<\/p><\/div><div class=\"info-page-location\"><h3>P&amp;T Ullanlinna<\/h3><p>Punanotkonkatu 2, 00130 Helsinki<\/p><p><a href=\"tel:0207306251\">0207306251<\/a><br><a href=\"mail:ullanlinna@pandt.fi\">ullanlinna@pandt.fi<\/a><p><a href=\"https:\/\/www.google.com\/maps\/search\/?api=1&query=Google&query_place_id=ChIJazWiXcgLkkYRXzlcE0p5RXo\">Katso sijainti kartalla <span>&#8599;<\/span><\/a><\/p><\/p><p>Mukava l\u00e4hikuntoklubi Ullanlinnan syd\u00e4mess\u00e4. Kuntosali avoinna j\u00e4senille p\u00e4ivitt\u00e4in klo 5-23. Lis\u00e4palveluina hierotnaa, ravitsemusvalmennusta ja Personal Training -palvelut.<\/p><\/div><div class=\"info-page-location\"><h3>P&amp;T Keilaniemi<\/h3><p>Keilaranta 4, 02150 Espoo<\/p><p><a href=\"tel:0207306251\">0207306251<\/a><br><a href=\"mail:keilaniemi@pandt.fi\">keilaniemi@pandt.fi<\/a><p><a href=\"https:\/\/www.google.com\/maps\/search\/?api=1&query=Google&query_place_id=ChIJn_eEKIz1jUYRsnWnCngPI7E\">Katso sijainti kartalla <span>&#8599;<\/span><\/a><\/p><\/p><p>Mukava l\u00e4hikuntoklubi Keilaniemen ytimess\u00e4 ty\u00f6paikkojen l\u00e4hell\u00e4. Kuntosali avoinna j\u00e4senille p\u00e4ivitt\u00e4in klo 5-23. Lis\u00e4palveluina hierotnaa, fysioterapiaa, ravitsemusvalmennusta ja Personal Training -palvelut.\r\nSuljettu v\u00e4liaikaisesti muuton vuoksi.<\/p><\/div><div class=\"info-page-location\"><h3>P&amp;T Kivist\u00f6<\/h3><p>Zirkonipolku 2, 01700 Vantaa<\/p><p><a href=\"tel:0207306251\">0207306251<\/a><br><a href=\"mail:kivisto@pandt.fi\">kivisto@pandt.fi<\/a><p><a href=\"https:\/\/www.google.com\/maps\/search\/?api=1&query=Google&query_place_id=ChIJa9Z6Qeb5jUYRuh-0ovdqlio\">Katso sijainti kartalla <span>&#8599;<\/span><\/a><\/p><\/p><p>Mukava l\u00e4hikuntoklubi Kivist\u00f6n syd\u00e4mess\u00e4. Kuntosali avoinna j\u00e4senille p\u00e4ivitt\u00e4in klo 5-23. Lis\u00e4palveluina hierotnaa ja Personal Training -palvelut.<\/p><\/div><\/div>\t\t\t<\/div>\n\n\t\t\t<div class=\"wp-block-column\">\n\t\t\t\t<figure class=\"wp-block-image size-large\"><img loading=\"lazy\" decoding=\"async\" width=\"768\" height=\"401\" src=\"https:\/\/marketplace.epassi.fi\/pt-kuntoklubit\/wp-content\/uploads\/sites\/324\/2023\/02\/pt_fb-768x401.jpg\" class=\"attachment-medium_large size-medium_large\" alt=\"\" \/><\/figure>\n\t\t\t<\/div>\n\t\t<\/div>\n\t<\/div>\n\t\n","protected":false},"excerpt":{"rendered":"","protected":false},"author":2,"featured_media":0,"parent":0,"menu_order":0,"comment_status":"closed","ping_status":"closed","template":"","meta":{"_acf_changed":false,"_kad_post_transparent":"","_kad_post_title":"","_kad_post_layout":"","_kad_post_sidebar_id":"","_kad_post_content_style":"","_kad_post_vertical_padding":"","_kad_post_feature":"","_kad_post_feature_position":"","_kad_post_header":false,"_kad_post_footer":false,"_kad_post_classname":"","footnotes":""},"class_list":["post-22","page","type-page","status-publish","hentry"],"acf":[],"_links":{"self":[{"href":"https:\/\/marketplace.epassi.fi\/pt-kuntoklubit\/wp-json\/wp\/v2\/pages\/22","targetHints":{"allow":["GET"]}}],"collection":[{"href":"https:\/\/marketplace.epassi.fi\/pt-kuntoklubit\/wp-json\/wp\/v2\/pages"}],"about":[{"href":"https:\/\/marketplace.epassi.fi\/pt-kuntoklubit\/wp-json\/wp\/v2\/types\/page"}],"author":[{"embeddable":true,"href":"https:\/\/marketplace.epassi.fi\/pt-kuntoklubit\/wp-json\/wp\/v2\/users\/2"}],"replies":[{"embeddable":true,"href":"https:\/\/marketplace.epassi.fi\/pt-kuntoklubit\/wp-json\/wp\/v2\/comments?post=22"}],"version-history":[{"count":10,"href":"https:\/\/marketplace.epassi.fi\/pt-kuntoklubit\/wp-json\/wp\/v2\/pages\/22\/revisions"}],"predecessor-version":[{"id":264,"href":"https:\/\/marketplace.epassi.fi\/pt-kuntoklubit\/wp-json\/wp\/v2\/pages\/22\/revisions\/264"}],"wp:attachment":[{"href":"https:\/\/marketplace.epassi.fi\/pt-kuntoklubit\/wp-json\/wp\/v2\/media?parent=22"}],"curies":[{"name":"wp","href":"https:\/\/api.w.org\/{rel}","templated":true}]}}