{"id":290,"date":"2021-10-20T17:09:46","date_gmt":"2021-10-20T17:09:46","guid":{"rendered":"https:\/\/marketplace.epassi.fi\/pt-kuntoklubit\/?post_type=product&#038;p=290"},"modified":"2026-01-01T05:02:01","modified_gmt":"2026-01-01T03:02:01","slug":"tarjous-kuntosalijasenyys-3kk-vain-12990e-norm-201e","status":"publish","type":"product","link":"https:\/\/marketplace.epassi.fi\/pt-kuntoklubit\/kauppa\/liikuntaedut\/kuntosali\/tarjous-kuntosalijasenyys-3kk-vain-12990e-norm-201e\/","title":{"rendered":"Kuntosalij\u00e4senyys 3 kk"},"content":{"rendered":"<p>Kolmen kuukauden kuntoslaij\u00e4senyys valitulle P&amp;T-lahikuntokubille. Ei jatkositoumuksia. Liittymismaksu 0\u20ac. Liiku p\u00e4ivitt\u00e4in omalla l\u00e4hikuntoklubilla klo 5-23. Hanki j\u00e4senyys Epassi Marketplacen kautta. J\u00e4senyyden aktivoinnin j\u00e4lkeen, saat viimeist\u00e4\u00e4n kahden arkip\u00e4iv\u00e4n kuluessa k\u00e4ytt\u00f6\u00f6si ovikoodin ja muuta j\u00e4senyyteen liittyv\u00e4\u00e4 informaatioita.<br \/>\nJ\u00e4senedut, kuten kaikissa perusj\u00e4senyyksiss\u00e4 mm. -30% alennus Terveystalo Rela-hierojat normaali hintaisista hieronnoista.<\/p>\n<p>Ilmoita ostotapahtuman\/kassatapahtuman &#8221;Lis\u00e4tietoja&#8221;-kohdassa, mihin P&amp;T-l\u00e4hikuntoklubiin j\u00e4senyyden haluta kohdentaa.<\/p>\n","protected":false},"excerpt":{"rendered":"<p>Kirjoita t\u00e4h\u00e4n lyhyt tuotekuvaus. T\u00e4m\u00e4 kuvaus n\u00e4kyy tuotesivun yl\u00e4osassa tuotteen nimen alla.<\/p>\n","protected":false},"featured_media":403,"comment_status":"open","ping_status":"closed","template":"","meta":{"_acf_changed":false,"_kad_post_transparent":"default","_kad_post_title":"","_kad_post_layout":"default","_kad_post_sidebar_id":"","_kad_post_content_style":"default","_kad_post_vertical_padding":"default","_kad_post_feature":"","_kad_post_feature_position":"","_kad_post_header":false,"_kad_post_footer":false,"_kad_post_classname":""},"product_brand":[],"product_cat":[23,19],"product_tag":[],"class_list":{"0":"post-290","1":"product","2":"type-product","3":"status-publish","4":"has-post-thumbnail","6":"product_cat-kuntosali","7":"product_cat-liikuntaedut","9":"first","10":"instock","11":"virtual","12":"taxable","13":"purchasable","14":"product-type-simple","15":"entry","16":"content-bg","17":"loop-entry"},"acf":[],"_links":{"self":[{"href":"https:\/\/marketplace.epassi.fi\/pt-kuntoklubit\/wp-json\/wp\/v2\/product\/290","targetHints":{"allow":["GET"]}}],"collection":[{"href":"https:\/\/marketplace.epassi.fi\/pt-kuntoklubit\/wp-json\/wp\/v2\/product"}],"about":[{"href":"https:\/\/marketplace.epassi.fi\/pt-kuntoklubit\/wp-json\/wp\/v2\/types\/product"}],"replies":[{"embeddable":true,"href":"https:\/\/marketplace.epassi.fi\/pt-kuntoklubit\/wp-json\/wp\/v2\/comments?post=290"}],"wp:featuredmedia":[{"embeddable":true,"href":"https:\/\/marketplace.epassi.fi\/pt-kuntoklubit\/wp-json\/wp\/v2\/media\/403"}],"wp:attachment":[{"href":"https:\/\/marketplace.epassi.fi\/pt-kuntoklubit\/wp-json\/wp\/v2\/media?parent=290"}],"wp:term":[{"taxonomy":"product_brand","embeddable":true,"href":"https:\/\/marketplace.epassi.fi\/pt-kuntoklubit\/wp-json\/wp\/v2\/product_brand?post=290"},{"taxonomy":"product_cat","embeddable":true,"href":"https:\/\/marketplace.epassi.fi\/pt-kuntoklubit\/wp-json\/wp\/v2\/product_cat?post=290"},{"taxonomy":"product_tag","embeddable":true,"href":"https:\/\/marketplace.epassi.fi\/pt-kuntoklubit\/wp-json\/wp\/v2\/product_tag?post=290"}],"curies":[{"name":"wp","href":"https:\/\/api.w.org\/{rel}","templated":true}]}}