{"id":385,"date":"2024-01-03T08:20:47","date_gmt":"2024-01-03T06:20:47","guid":{"rendered":"https:\/\/marketplace.epassi.fi\/pt-kuntoklubit\/?post_type=product&#038;p=385"},"modified":"2026-01-01T05:02:01","modified_gmt":"2026-01-01T03:02:01","slug":"kuntosalijasenyys-4vko-kopio","status":"publish","type":"product","link":"https:\/\/marketplace.epassi.fi\/pt-kuntoklubit\/kauppa\/liikuntaedut\/kuntosali\/kuntosalijasenyys-4vko-kopio\/","title":{"rendered":"Monisalij\u00e4senyys 12 kk vain 24,99 \u20ac\/kk, k\u00e4yt\u00f6ss\u00e4si kaikki Suomen P&amp;T-klubit"},"content":{"rendered":"<div class=\"woocommerce-tabs wc-tabs-wrapper\">\n<div id=\"tab-description\" class=\"woocommerce-Tabs-panel woocommerce-Tabs-panel--description panel entry-content wc-tab\" role=\"tabpanel\" aria-labelledby=\"tab-title-description\">\n<div class=\"woocommerce-tabs wc-tabs-wrapper\">\n<div id=\"tab-description\" class=\"woocommerce-Tabs-panel woocommerce-Tabs-panel--description panel entry-content wc-tab\" role=\"tabpanel\" aria-labelledby=\"tab-title-description\">\n<p>Monisalij\u00e4senyys 12 kk ja k\u00e4yt\u00f6ss\u00e4si ovat kaikki Suomen P&amp;T-l\u00e4hikuntoklubit. Kuntoile p\u00e4ivitt\u00e4in klo 5-23. M\u00e4\u00e4r\u00e4aikainen vuosij\u00e4senyys liittymisp\u00e4iv\u00e4st\u00e4 alkaen. J\u00e4senyys p\u00e4\u00e4ttyy automaattisesti m\u00e4\u00e4r\u00e4aikaisen kauden viimeiseen p\u00e4iv\u00e4\u00e4n. Hanki j\u00e4senyys Epassi Marketplacen kautta. J\u00e4senyyden aktivoinnin j\u00e4lkeen, saat viimeist\u00e4\u00e4n kahden arkip\u00e4iv\u00e4n kuluessa k\u00e4ytt\u00f6\u00f6si ovikoodin ja muuta j\u00e4senyyteen liittyv\u00e4\u00e4 informaatioita.<br \/>\nJ\u00e4senedut, kuten kaikissa perusj\u00e4senyyksiss\u00e4 mm. -30% alennus Terveystalo Rela-hierojat normaali hintaisista hieronnoista.<\/p>\n<p>Ilmoita ostotapahtuman\/kassatapahtuman &#8221;Lis\u00e4tietoja&#8221;-kohdassa, mik\u00e4 on sinua l\u00e4hinn\u00e4 oleva P&amp;T-kuntoklubi.<\/p>\n<\/div>\n<\/div>\n<section class=\"related products\"><\/section>\n<\/div>\n<\/div>\n<section class=\"related products\"><\/section>\n","protected":false},"excerpt":{"rendered":"<p>Monisalij\u00e4senyys 12 kk ja k\u00e4yt\u00f6ss\u00e4si ovat kaikki Suomen P&amp;T-l\u00e4hikuntoklubit. Kuntoile p\u00e4ivitt\u00e4in klo 5-23. M\u00e4\u00e4r\u00e4aikainen vuosij\u00e4senyys liittymisp\u00e4iv\u00e4st\u00e4 alkaen. J\u00e4senyys p\u00e4\u00e4ttyy automaattisesti m\u00e4\u00e4r\u00e4aikaisen kauden viimeiseen p\u00e4iv\u00e4\u00e4n. Hanki j\u00e4senyys Epassi Marketplacen kautta. J\u00e4senyyden aktivoinnin j\u00e4lkeen, saat viimeist\u00e4\u00e4n kahden arkip\u00e4iv\u00e4n kuluessa k\u00e4ytt\u00f6\u00f6si ovikoodin ja muuta j\u00e4senyyteen liittyv\u00e4\u00e4 informaatioita. J\u00e4senedut, kuten kaikissa perusj\u00e4senyyksiss\u00e4 mm. -30% alennus Terveystalo Rela-hierojat normaali hintaisista&#8230;<\/p>\n","protected":false},"featured_media":401,"comment_status":"open","ping_status":"closed","template":"","meta":{"_acf_changed":false,"_kad_post_transparent":"default","_kad_post_title":"","_kad_post_layout":"default","_kad_post_sidebar_id":"","_kad_post_content_style":"default","_kad_post_vertical_padding":"default","_kad_post_feature":"","_kad_post_feature_position":"","_kad_post_header":false,"_kad_post_footer":false,"_kad_post_classname":""},"product_brand":[],"product_cat":[23,19],"product_tag":[],"class_list":{"0":"post-385","1":"product","2":"type-product","3":"status-publish","4":"has-post-thumbnail","6":"product_cat-kuntosali","7":"product_cat-liikuntaedut","9":"first","10":"instock","11":"virtual","12":"taxable","13":"purchasable","14":"product-type-simple","15":"entry","16":"content-bg","17":"loop-entry"},"acf":[],"_links":{"self":[{"href":"https:\/\/marketplace.epassi.fi\/pt-kuntoklubit\/wp-json\/wp\/v2\/product\/385","targetHints":{"allow":["GET"]}}],"collection":[{"href":"https:\/\/marketplace.epassi.fi\/pt-kuntoklubit\/wp-json\/wp\/v2\/product"}],"about":[{"href":"https:\/\/marketplace.epassi.fi\/pt-kuntoklubit\/wp-json\/wp\/v2\/types\/product"}],"replies":[{"embeddable":true,"href":"https:\/\/marketplace.epassi.fi\/pt-kuntoklubit\/wp-json\/wp\/v2\/comments?post=385"}],"wp:featuredmedia":[{"embeddable":true,"href":"https:\/\/marketplace.epassi.fi\/pt-kuntoklubit\/wp-json\/wp\/v2\/media\/401"}],"wp:attachment":[{"href":"https:\/\/marketplace.epassi.fi\/pt-kuntoklubit\/wp-json\/wp\/v2\/media?parent=385"}],"wp:term":[{"taxonomy":"product_brand","embeddable":true,"href":"https:\/\/marketplace.epassi.fi\/pt-kuntoklubit\/wp-json\/wp\/v2\/product_brand?post=385"},{"taxonomy":"product_cat","embeddable":true,"href":"https:\/\/marketplace.epassi.fi\/pt-kuntoklubit\/wp-json\/wp\/v2\/product_cat?post=385"},{"taxonomy":"product_tag","embeddable":true,"href":"https:\/\/marketplace.epassi.fi\/pt-kuntoklubit\/wp-json\/wp\/v2\/product_tag?post=385"}],"curies":[{"name":"wp","href":"https:\/\/api.w.org\/{rel}","templated":true}]}}