{"id":386,"date":"2024-01-03T08:21:36","date_gmt":"2024-01-03T06:21:36","guid":{"rendered":"https:\/\/marketplace.epassi.fi\/pt-kuntoklubit\/?post_type=product&#038;p=386"},"modified":"2026-01-01T05:02:01","modified_gmt":"2026-01-01T03:02:01","slug":"omasalijasenyys-6-kk","status":"publish","type":"product","link":"https:\/\/marketplace.epassi.fi\/pt-kuntoklubit\/kauppa\/liikuntaedut\/kuntosali\/omasalijasenyys-6-kk\/","title":{"rendered":"Omasalij\u00e4senyys 6 kk"},"content":{"rendered":"<p>Omasalij\u00e4senyys 6 kk valitulle P&amp;T-l\u00e4hikuntoklubille. Kuntoklubi k\u00e4yt\u00f6ss\u00e4si p\u00e4ivitt\u00e4in klo 5-23. M\u00e4\u00e4r\u00e4aikainen j\u00e4senyys liittymisp\u00e4iv\u00e4st\u00e4 alkaen. J\u00e4senyys p\u00e4\u00e4ttyy automaattisesti m\u00e4\u00e4r\u00e4aikaisen kauden viimeiseen p\u00e4iv\u00e4\u00e4n. Hanki j\u00e4senyys Epassi Marketplacen kautta. J\u00e4senyyden aktivoinnin j\u00e4lkeen, saat viimeist\u00e4\u00e4n kahden arkip\u00e4iv\u00e4n kuluessa k\u00e4ytt\u00f6\u00f6si ovikoodin ja muuta j\u00e4senyyteen liittyv\u00e4\u00e4 informaatioita.<br \/>\nJ\u00e4senedut, kuten kaikissa perusj\u00e4senyyksiss\u00e4 mm. -30% alennus Terveystalo Rela-hierojat normaali hintaisista hieronnoista.<\/p>\n<p>Ilmoita ostotapahtuman\/kassatapahtuman &#8221;Lis\u00e4tietoja&#8221;-kohdassa, mihin P&amp;T-l\u00e4hikuntoklubiin j\u00e4senyyden haluta kohdentaa.<\/p>\n","protected":false},"excerpt":{"rendered":"<p>Omasalij\u00e4senyys 6 kk valitulle P&amp;T-l\u00e4hikuntoklubille. Kuntoklubi k\u00e4yt\u00f6ss\u00e4si p\u00e4ivitt\u00e4in klo 5-23. M\u00e4\u00e4r\u00e4aikainen j\u00e4senyys liittymisp\u00e4iv\u00e4st\u00e4 alkaen. J\u00e4senyys p\u00e4\u00e4ttyy automaattisesti m\u00e4\u00e4r\u00e4aikaisen kauden viimeiseen p\u00e4iv\u00e4\u00e4n. Hanki j\u00e4senyys Epassi Marketplacen kautta. J\u00e4senyyden aktivoinnin j\u00e4lkeen, saat viimeist\u00e4\u00e4n kahden arkip\u00e4iv\u00e4n kuluessa k\u00e4ytt\u00f6\u00f6si ovikoodin ja muuta j\u00e4senyyteen liittyv\u00e4\u00e4 informaatioita. J\u00e4senedut, kuten kaikissa perusj\u00e4senyyksiss\u00e4 mm. -30% alennus Terveystalo Rela-hierojat normaali hintaisista hieronnoista. Ilmoita ostotapahtuman\/kassatapahtuman&#8230;<\/p>\n","protected":false},"featured_media":402,"comment_status":"open","ping_status":"closed","template":"","meta":{"_acf_changed":false,"_kad_post_transparent":"default","_kad_post_title":"","_kad_post_layout":"default","_kad_post_sidebar_id":"","_kad_post_content_style":"default","_kad_post_vertical_padding":"default","_kad_post_feature":"","_kad_post_feature_position":"","_kad_post_header":false,"_kad_post_footer":false,"_kad_post_classname":""},"product_brand":[],"product_cat":[23,19],"product_tag":[],"class_list":{"0":"post-386","1":"product","2":"type-product","3":"status-publish","4":"has-post-thumbnail","6":"product_cat-kuntosali","7":"product_cat-liikuntaedut","9":"first","10":"instock","11":"featured","12":"taxable","13":"shipping-taxable","14":"purchasable","15":"product-type-simple","16":"entry","17":"content-bg","18":"loop-entry"},"acf":[],"_links":{"self":[{"href":"https:\/\/marketplace.epassi.fi\/pt-kuntoklubit\/wp-json\/wp\/v2\/product\/386","targetHints":{"allow":["GET"]}}],"collection":[{"href":"https:\/\/marketplace.epassi.fi\/pt-kuntoklubit\/wp-json\/wp\/v2\/product"}],"about":[{"href":"https:\/\/marketplace.epassi.fi\/pt-kuntoklubit\/wp-json\/wp\/v2\/types\/product"}],"replies":[{"embeddable":true,"href":"https:\/\/marketplace.epassi.fi\/pt-kuntoklubit\/wp-json\/wp\/v2\/comments?post=386"}],"wp:featuredmedia":[{"embeddable":true,"href":"https:\/\/marketplace.epassi.fi\/pt-kuntoklubit\/wp-json\/wp\/v2\/media\/402"}],"wp:attachment":[{"href":"https:\/\/marketplace.epassi.fi\/pt-kuntoklubit\/wp-json\/wp\/v2\/media?parent=386"}],"wp:term":[{"taxonomy":"product_brand","embeddable":true,"href":"https:\/\/marketplace.epassi.fi\/pt-kuntoklubit\/wp-json\/wp\/v2\/product_brand?post=386"},{"taxonomy":"product_cat","embeddable":true,"href":"https:\/\/marketplace.epassi.fi\/pt-kuntoklubit\/wp-json\/wp\/v2\/product_cat?post=386"},{"taxonomy":"product_tag","embeddable":true,"href":"https:\/\/marketplace.epassi.fi\/pt-kuntoklubit\/wp-json\/wp\/v2\/product_tag?post=386"}],"curies":[{"name":"wp","href":"https:\/\/api.w.org\/{rel}","templated":true}]}}