{"id":388,"date":"2024-01-03T08:41:19","date_gmt":"2024-01-03T06:41:19","guid":{"rendered":"https:\/\/marketplace.epassi.fi\/pt-kuntoklubit\/?post_type=product&#038;p=388"},"modified":"2026-01-01T05:02:01","modified_gmt":"2026-01-01T03:02:01","slug":"pt-kunnon-startti","status":"publish","type":"product","link":"https:\/\/marketplace.epassi.fi\/pt-kuntoklubit\/kauppa\/liikuntaedut\/kuntosali\/pt-kunnon-startti\/","title":{"rendered":"P&amp;T Kunnon startti &#8211; Kaikki mit\u00e4 tarvitset!"},"content":{"rendered":"<p>Kaikki mit\u00e4 tarvitset liikunnan ja kuntoilun aloittamiseen!<br \/>\n1. Kuntosalij\u00e4senyys 3 kk, valitulle P&amp;T-l\u00e4hikuntoklubille<br \/>\n2. Personal Trainerin kanssa 3 harjoitustapaamista<br \/>\n3. Henkil\u00f6kohtianen kuntosaliohjelma<br \/>\n4. Valitsemasi j\u00e4senedut ja lis\u00e4palvelut<\/p>\n<p>Kolmen kuukauden kuntoslaij\u00e4senyys valitulle P&amp;T-lahikuntokubille. Ei jatkositoumuksia. Liittymismaksu 0\u20ac. Liiku p\u00e4ivitt\u00e4in omalla l\u00e4hikuntoklubilla klo 5-23. PT-tapaamiset oman l\u00e4hikuntoklubin Personal Trainerin kanssa yhdess\u00e4 sovittuina ajankohtina. PT:n laatima henkil\u00f6kohtaistettu kuntosaliohjelma. Hanki j\u00e4senyys Epassi Marketplacen kautta. J\u00e4senyyden aktivoinnin j\u00e4lkeen, saat viimeist\u00e4\u00e4n kahden arkip\u00e4iv\u00e4n kuluessa k\u00e4ytt\u00f6\u00f6si ovikoodin ja muuta j\u00e4senyyteen liittyv\u00e4\u00e4 informaatioita.<br \/>\nKokonaisuutta t\u00e4ydenn\u00e4t sinulle parhaiten sopivilla j\u00e4seneduilla ja lis\u00e4palveluilla. J\u00e4senedut, kuten kaikissa perusj\u00e4senyyksiss\u00e4 mm. -30% alennus Terveystalo Rela-hierojat normaali hintaisista hieronnoista.<\/p>\n<p>Ilmoita ostotapahtuman\/kassatapahtuman &#8221;Lis\u00e4tietoja&#8221;-kohdassa, mihin P&amp;T-l\u00e4hikuntoklubiin j\u00e4senyyden haluta kohdentaa.<\/p>\n","protected":false},"excerpt":{"rendered":"<p>Kaikki mit\u00e4 tarvitset liikunnan ja kuntoilun aloittamiseen! 1. Kuntosalij\u00e4senyys 3 kk, valitulle P&amp;T-l\u00e4hikuntoklubille 2. Personal Trainerin kanssa 3 harjoitustapaamista 3. Henkil\u00f6kohtianen kuntosaliohjelma 4. Valitsemasi j\u00e4senedut ja lis\u00e4palvelut Kolmen kuukauden kuntoslaij\u00e4senyys valitulle P&amp;T-lahikuntokubille. Ei jatkositoumuksia. Liittymismaksu 0\u20ac. Liiku p\u00e4ivitt\u00e4in omalla l\u00e4hikuntoklubilla klo 5-23. PT-tapaamiset oman l\u00e4hikuntoklubin Personal Trainerin kanssa yhdess\u00e4 sovittuina ajankohtina. PT:n laatima henkil\u00f6kohtaistettu kuntosaliohjelma&#8230;.<\/p>\n","protected":false},"featured_media":389,"comment_status":"open","ping_status":"closed","template":"","meta":{"_acf_changed":false,"_kad_post_transparent":"default","_kad_post_title":"","_kad_post_layout":"default","_kad_post_sidebar_id":"","_kad_post_content_style":"default","_kad_post_vertical_padding":"default","_kad_post_feature":"","_kad_post_feature_position":"","_kad_post_header":false,"_kad_post_footer":false,"_kad_post_classname":""},"product_brand":[],"product_cat":[23,29,19],"product_tag":[],"class_list":{"0":"post-388","1":"product","2":"type-product","3":"status-publish","4":"has-post-thumbnail","6":"product_cat-kuntosali","7":"product_cat-liikunta-muut","8":"product_cat-liikuntaedut","10":"first","11":"instock","12":"featured","13":"taxable","14":"shipping-taxable","15":"purchasable","16":"product-type-simple","17":"entry","18":"content-bg","19":"loop-entry"},"acf":[],"_links":{"self":[{"href":"https:\/\/marketplace.epassi.fi\/pt-kuntoklubit\/wp-json\/wp\/v2\/product\/388","targetHints":{"allow":["GET"]}}],"collection":[{"href":"https:\/\/marketplace.epassi.fi\/pt-kuntoklubit\/wp-json\/wp\/v2\/product"}],"about":[{"href":"https:\/\/marketplace.epassi.fi\/pt-kuntoklubit\/wp-json\/wp\/v2\/types\/product"}],"replies":[{"embeddable":true,"href":"https:\/\/marketplace.epassi.fi\/pt-kuntoklubit\/wp-json\/wp\/v2\/comments?post=388"}],"wp:featuredmedia":[{"embeddable":true,"href":"https:\/\/marketplace.epassi.fi\/pt-kuntoklubit\/wp-json\/wp\/v2\/media\/389"}],"wp:attachment":[{"href":"https:\/\/marketplace.epassi.fi\/pt-kuntoklubit\/wp-json\/wp\/v2\/media?parent=388"}],"wp:term":[{"taxonomy":"product_brand","embeddable":true,"href":"https:\/\/marketplace.epassi.fi\/pt-kuntoklubit\/wp-json\/wp\/v2\/product_brand?post=388"},{"taxonomy":"product_cat","embeddable":true,"href":"https:\/\/marketplace.epassi.fi\/pt-kuntoklubit\/wp-json\/wp\/v2\/product_cat?post=388"},{"taxonomy":"product_tag","embeddable":true,"href":"https:\/\/marketplace.epassi.fi\/pt-kuntoklubit\/wp-json\/wp\/v2\/product_tag?post=388"}],"curies":[{"name":"wp","href":"https:\/\/api.w.org\/{rel}","templated":true}]}}