{"id":290,"date":"2021-10-20T17:09:46","date_gmt":"2021-10-20T14:09:46","guid":{"rendered":"https:\/\/marketplace.epassi.fi\/puhti\/?post_type=product&#038;p=290"},"modified":"2024-01-05T14:23:29","modified_gmt":"2024-01-05T12:23:29","slug":"puhti-terveystarkastus","status":"publish","type":"product","link":"https:\/\/marketplace.epassi.fi\/puhti\/kauppa\/hyvinvointi\/puhti-terveystarkastus\/","title":{"rendered":"Puhti-laboratoriopaketti"},"content":{"rendered":"<p>Laboratoriopaketti auttaa sinua:<\/p>\n<ul>\n<li>saamaan k\u00e4sityksen omaan hyvinvointiin ja vireystilaan vaikuttavista tekij\u00f6ist\u00e4<\/li>\n<li>n\u00e4kem\u00e4\u00e4n helposti, mitk\u00e4 arvot ovat viitearvojen mukaisia ja mit\u00e4 arvot tarkoittavat<\/li>\n<li>selvitt\u00e4m\u00e4\u00e4n, mit\u00e4 tekij\u00f6it\u00e4 muuttamalla, ja miten, saat lis\u00e4\u00e4 energiaa arkeen.<\/li>\n<\/ul>\n<p>Kun elimist\u00f6si on tasapainossa ja elintapasi kunnossa, jaksat paremmin arjessa, saat lis\u00e4\u00e4 energiaa liikuntaan ja voit ennaltaehk\u00e4ist\u00e4 sairauksia!<\/p>\n<h2>Sis\u00e4lt\u00e4\u00e4 seuraavat testit:<\/h2>\n<ul>\n<li>Perusverenkuva<\/li>\n<li>Kolesterolit (sis. kokonaiskolesteroli, triglyseridit, LDL- ja HDL-kolesterolit, non-HDL, Kol\/HDL-suhde)<\/li>\n<li>Herkk\u00e4 CRP (tulehdus)<\/li>\n<li>Pitk\u00e4aikainen verensokeri (B-HbA1c)<\/li>\n<li>Kreatiniini ja Pt-GFRe (munuaiset)<\/li>\n<li>ALAT (maksa)<\/li>\n<li>D-vitamiini (S -D-25)<\/li>\n<li>Ferritiini (elimist\u00f6n rautavarastot)<\/li>\n<li>Tyreotropiini TSH (kilpirauhanen)<\/li>\n<\/ul>\n","protected":false},"excerpt":{"rendered":"<p>Puhdin suosituin testipaketti, Puhti-laboratoriopaketti sis\u00e4lt\u00e4\u00e4 useita testej\u00e4, jotka antavat sinulle monipuolisesti tietoa siit\u00e4, miten elimist\u00f6si voi. Mukana mm. perusverenkuva, kolesterolit, verensokeri, D-vitamiini, ferritiini, tulehdustila sek\u00e4 kilpirauhasen, maksan ja munuaisten toimintaa heijastelevat tutkimukset.<\/p>\n","protected":false},"featured_media":318,"comment_status":"open","ping_status":"closed","template":"","meta":{"_acf_changed":false,"_kad_post_transparent":"default","_kad_post_title":"","_kad_post_layout":"default","_kad_post_sidebar_id":"","_kad_post_content_style":"default","_kad_post_vertical_padding":"default","_kad_post_feature":"","_kad_post_feature_position":"","_kad_post_header":false,"_kad_post_footer":false,"_kad_post_classname":""},"product_brand":[],"product_cat":[21],"product_tag":[],"class_list":{"0":"post-290","1":"product","2":"type-product","3":"status-publish","4":"has-post-thumbnail","6":"product_cat-hyvinvointi","8":"first","9":"instock","10":"taxable","11":"shipping-taxable","12":"product-type-external","13":"entry","14":"content-bg","15":"loop-entry"},"acf":[],"_links":{"self":[{"href":"https:\/\/marketplace.epassi.fi\/puhti\/wp-json\/wp\/v2\/product\/290","targetHints":{"allow":["GET"]}}],"collection":[{"href":"https:\/\/marketplace.epassi.fi\/puhti\/wp-json\/wp\/v2\/product"}],"about":[{"href":"https:\/\/marketplace.epassi.fi\/puhti\/wp-json\/wp\/v2\/types\/product"}],"replies":[{"embeddable":true,"href":"https:\/\/marketplace.epassi.fi\/puhti\/wp-json\/wp\/v2\/comments?post=290"}],"wp:featuredmedia":[{"embeddable":true,"href":"https:\/\/marketplace.epassi.fi\/puhti\/wp-json\/wp\/v2\/media\/318"}],"wp:attachment":[{"href":"https:\/\/marketplace.epassi.fi\/puhti\/wp-json\/wp\/v2\/media?parent=290"}],"wp:term":[{"taxonomy":"product_brand","embeddable":true,"href":"https:\/\/marketplace.epassi.fi\/puhti\/wp-json\/wp\/v2\/product_brand?post=290"},{"taxonomy":"product_cat","embeddable":true,"href":"https:\/\/marketplace.epassi.fi\/puhti\/wp-json\/wp\/v2\/product_cat?post=290"},{"taxonomy":"product_tag","embeddable":true,"href":"https:\/\/marketplace.epassi.fi\/puhti\/wp-json\/wp\/v2\/product_tag?post=290"}],"curies":[{"name":"wp","href":"https:\/\/api.w.org\/{rel}","templated":true}]}}