{"id":316,"date":"2021-11-24T14:04:08","date_gmt":"2021-11-24T12:04:08","guid":{"rendered":"https:\/\/marketplace.epassi.fi\/puhti\/?post_type=product&#038;p=316"},"modified":"2024-01-05T13:53:15","modified_gmt":"2024-01-05T11:53:15","slug":"d-vitamiinin-ja-ferritiinin-mittaus-ilman-lahetetta","status":"publish","type":"product","link":"https:\/\/marketplace.epassi.fi\/puhti\/kauppa\/hyvinvointi\/d-vitamiinin-ja-ferritiinin-mittaus-ilman-lahetetta\/","title":{"rendered":"D-vitamiinin ja ferritiinin mittaus"},"content":{"rendered":"<p>Tutkimuspakettiin sis\u00e4ltyy seuraavat mittaukset:<\/p>\n<ul>\n<li>ferritiini (S -Ferrit)<\/li>\n<li>D-vitamiini (S -D-25)<\/li>\n<\/ul>\n","protected":false},"excerpt":{"rendered":"<p>Kaksi suosituinta Puhdin testi\u00e4, D-vitamiini ja ferritiini, nyt yhteishintaan! Monet tekij\u00e4t vaikuttavat siihen, miten energisi\u00e4 olemme arjessa. N\u00e4iden testien avulla voit helposti selvitt\u00e4\u00e4, mik\u00e4 on oman elimist\u00f6si rautavarastojen ja D-vitamiinin tilanne.<\/p>\n","protected":false},"featured_media":317,"comment_status":"open","ping_status":"closed","template":"","meta":{"_acf_changed":false,"_kad_post_transparent":"default","_kad_post_title":"","_kad_post_layout":"default","_kad_post_sidebar_id":"","_kad_post_content_style":"default","_kad_post_vertical_padding":"default","_kad_post_feature":"","_kad_post_feature_position":"","_kad_post_header":false,"_kad_post_footer":false,"_kad_post_classname":""},"product_brand":[],"product_cat":[21],"product_tag":[],"class_list":{"0":"post-316","1":"product","2":"type-product","3":"status-publish","4":"has-post-thumbnail","6":"product_cat-hyvinvointi","8":"first","9":"instock","10":"taxable","11":"shipping-taxable","12":"product-type-external","13":"entry","14":"content-bg","15":"loop-entry"},"acf":[],"_links":{"self":[{"href":"https:\/\/marketplace.epassi.fi\/puhti\/wp-json\/wp\/v2\/product\/316","targetHints":{"allow":["GET"]}}],"collection":[{"href":"https:\/\/marketplace.epassi.fi\/puhti\/wp-json\/wp\/v2\/product"}],"about":[{"href":"https:\/\/marketplace.epassi.fi\/puhti\/wp-json\/wp\/v2\/types\/product"}],"replies":[{"embeddable":true,"href":"https:\/\/marketplace.epassi.fi\/puhti\/wp-json\/wp\/v2\/comments?post=316"}],"wp:featuredmedia":[{"embeddable":true,"href":"https:\/\/marketplace.epassi.fi\/puhti\/wp-json\/wp\/v2\/media\/317"}],"wp:attachment":[{"href":"https:\/\/marketplace.epassi.fi\/puhti\/wp-json\/wp\/v2\/media?parent=316"}],"wp:term":[{"taxonomy":"product_brand","embeddable":true,"href":"https:\/\/marketplace.epassi.fi\/puhti\/wp-json\/wp\/v2\/product_brand?post=316"},{"taxonomy":"product_cat","embeddable":true,"href":"https:\/\/marketplace.epassi.fi\/puhti\/wp-json\/wp\/v2\/product_cat?post=316"},{"taxonomy":"product_tag","embeddable":true,"href":"https:\/\/marketplace.epassi.fi\/puhti\/wp-json\/wp\/v2\/product_tag?post=316"}],"curies":[{"name":"wp","href":"https:\/\/api.w.org\/{rel}","templated":true}]}}