{"id":67,"date":"2021-09-13T18:36:17","date_gmt":"2021-09-13T15:36:17","guid":{"rendered":"https:\/\/marketplace.epassi.fi\/puhti\/?post_type=product&#038;p=67"},"modified":"2024-01-05T13:57:25","modified_gmt":"2024-01-05T11:57:25","slug":"50-miehen-terveystarkastus","status":"publish","type":"product","link":"https:\/\/marketplace.epassi.fi\/puhti\/kauppa\/hyvinvointi\/50-miehen-terveystarkastus\/","title":{"rendered":"50+ miehen laboratoriopaketti"},"content":{"rendered":"<p>Testipaketilla saat monipuolisesti tietoa siit\u00e4, miten elimist\u00f6si voi. Laboratoriopaketti auttaa sinua n\u00e4kem\u00e4\u00e4n helposti, mitk\u00e4 arvot ovat viitearvojen mukaisia ja mit\u00e4 arvot tarkoittavat.<\/p>\n<p>N\u00e4ytteenotto klo 7\u201310 testosteronin vuoksi.<\/p>\n<p><strong>Sis\u00e4lt\u00e4\u00e4 testit:<\/strong><\/p>\n<ul>\n<li>verenkuva<\/li>\n<li>kolesterolit (kokonaiskolesteroli, triglyseridit, LDL-kolesteroli ja HDL-kolesteroli, non-HDL, Kol\/HDL-suhde)<\/li>\n<li>pitk\u00e4aikainen verensokeri (B-HbA1c)<\/li>\n<li>D-vitamiini<\/li>\n<li>B12-vitamiini<\/li>\n<li>ferritiini (rautavarastot)<\/li>\n<li>herkk\u00e4 CRP (tulehdus)<\/li>\n<li>ALAT (maksa)<\/li>\n<li>Kreatiniini ja Pt-GFRe (munuaiset)<\/li>\n<li>TSH (kilpirauhanen)<\/li>\n<li>PSA (eturauhanen)<\/li>\n<li>vapaa laskettu testosteroni<\/li>\n<\/ul>\n","protected":false},"excerpt":{"rendered":"<p>Kun elimist\u00f6si on tasapainossa ja elintapasi kunnossa, voit jaksaa paremmin arjessa, saada lis\u00e4\u00e4 energiaa ja ennaltaehk\u00e4ist\u00e4 sairauksia! Laboratoriopaketti auttaa sinua tarkistamaan, miten elimist\u00f6si voi ja tekem\u00e4\u00e4n parempia valintoja.<\/p>\n","protected":false},"featured_media":319,"comment_status":"open","ping_status":"closed","template":"","meta":{"_acf_changed":false,"_kad_post_transparent":"default","_kad_post_title":"","_kad_post_layout":"default","_kad_post_sidebar_id":"","_kad_post_content_style":"default","_kad_post_vertical_padding":"default","_kad_post_feature":"","_kad_post_feature_position":"","_kad_post_header":false,"_kad_post_footer":false,"_kad_post_classname":""},"product_brand":[],"product_cat":[21],"product_tag":[],"class_list":{"0":"post-67","1":"product","2":"type-product","3":"status-publish","4":"has-post-thumbnail","6":"product_cat-hyvinvointi","8":"first","9":"instock","10":"taxable","11":"shipping-taxable","12":"product-type-external","13":"entry","14":"content-bg","15":"loop-entry"},"acf":[],"_links":{"self":[{"href":"https:\/\/marketplace.epassi.fi\/puhti\/wp-json\/wp\/v2\/product\/67","targetHints":{"allow":["GET"]}}],"collection":[{"href":"https:\/\/marketplace.epassi.fi\/puhti\/wp-json\/wp\/v2\/product"}],"about":[{"href":"https:\/\/marketplace.epassi.fi\/puhti\/wp-json\/wp\/v2\/types\/product"}],"replies":[{"embeddable":true,"href":"https:\/\/marketplace.epassi.fi\/puhti\/wp-json\/wp\/v2\/comments?post=67"}],"wp:featuredmedia":[{"embeddable":true,"href":"https:\/\/marketplace.epassi.fi\/puhti\/wp-json\/wp\/v2\/media\/319"}],"wp:attachment":[{"href":"https:\/\/marketplace.epassi.fi\/puhti\/wp-json\/wp\/v2\/media?parent=67"}],"wp:term":[{"taxonomy":"product_brand","embeddable":true,"href":"https:\/\/marketplace.epassi.fi\/puhti\/wp-json\/wp\/v2\/product_brand?post=67"},{"taxonomy":"product_cat","embeddable":true,"href":"https:\/\/marketplace.epassi.fi\/puhti\/wp-json\/wp\/v2\/product_cat?post=67"},{"taxonomy":"product_tag","embeddable":true,"href":"https:\/\/marketplace.epassi.fi\/puhti\/wp-json\/wp\/v2\/product_tag?post=67"}],"curies":[{"name":"wp","href":"https:\/\/api.w.org\/{rel}","templated":true}]}}