{"id":22,"date":"2021-09-13T17:45:59","date_gmt":"2021-09-13T17:45:59","guid":{"rendered":"https:\/\/marketplace.epassi.fi\/purelahti\/?page_id=22"},"modified":"2021-10-12T10:57:35","modified_gmt":"2021-10-12T10:57:35","slug":"info","status":"publish","type":"page","link":"https:\/\/marketplace.epassi.fi\/purelahti\/info\/","title":{"rendered":"Info"},"content":{"rendered":"\n\t<div class=\"entry-content single-content\">\n\n\t\t<div class=\"wp-block-columns\" style=\"gap:30px\">\n\t\t\t<div class=\"wp-block-column\">\n\t\t\t\t<h2>Hammashoitoa, joka tekee hyv\u00e4\u00e4 mielelle ja keholle<\/h2>\n\t\t\t\t<p><p>PURE on aidosti erilainen suuhygienistin vastaanotto, ei pelkk\u00e4 hammashoitola. Huomaat sen siit\u00e4, ettet v\u00e4ltt\u00e4m\u00e4tt\u00e4 edes ajattele olevasi hammashoidossa. Olet tullut huolehtimaan itsest\u00e4si samaan tapaan kuin kuntosalille tai kampaajalle. Pitk\u00e4n linjan suuhygienistimme ovat lempe\u00e4sti ohjaavat kumppanisi t\u00e4ss\u00e4 t\u00e4rke\u00e4ss\u00e4 ja arvokkaassa huolenpidossa. <\/p>\n<p>PURE Suuhygienistipalvelut palvelee lahtelaisia ja kauempaakin tulevia aivan Lahden keskustassa \"Rautsikan kivijalassa\" osoitteessa Rautatienkatu 12, 15110 Lahti. Rautatienkadun varressa on hyvin parkkipaikkoja, joihin pys\u00e4k\u00f6it k\u00e4tev\u00e4mmin esimerkiksi Easypark- sovelluksen avulla, mutta toki my\u00f6s perinteisesti kolikoilla. <\/p>\n<p>Hoitolamme palvelee Sinua joustavasti ajanvarauksella sopimuksen mukaan. Voit tietenkin my\u00f6s soittaa meille numeroon 040 624 1008 ja tiedustella aikaisia aamu- ja ilta-aikoja. Vastaamme puheluihin mahdollisuuksien mukaan aina kun emme ole asiakasty\u00f6ss\u00e4. Ja soittelemme Sinulle tietenkin takaisin, mik\u00e4li emme heti vastaa. S\u00e4hk\u00f6postilla tavoitatte meid\u00e4t osoitteesta info@purelahti.fi. Vastaamme mielell\u00e4mme yhteydenottoihin asiakaspalvelunumerossa my\u00f6s WhatsAppin kautta, joten voi hyvin l\u00e4hesty\u00e4 my\u00f6s sit\u00e4 kautta, jos whatsappailu on sinulle luontevaa. <\/p>\n<\/p>\n\t\t\t\t<h3>PURE Suuhygienistipalvelut<\/h3>\n\t\t\t\t<p>Rautatienkatu 12<br>\n\t\t\t\t\t15110 Lahti<\/p>\n\t\t\t\t<p><a href=\"tel:+358 40 624 1008\">+358 40 624 1008<\/a><\/p>\n\t\t\t\t<p><a href=\"mailto:info@purelahti.fi\">info@purelahti.fi<\/a><\/p>\n\n\t\t\t\t<h2>Toimipisteet<\/h2><div class=\"info-page-location-list\"><div class=\"info-page-location\"><h3>PURE Suuhygienistipalvelut<\/h3><p>Rautatienkatu 12, 15110 Lahti<\/p><p><p><a href=\"https:\/\/www.google.com\/maps\/search\/?api=1&query=Google&query_place_id=ChIJyVL0j1EojkYRVgeUtnwSrqI\">Katso sijainti kartalla <span>&#8599;<\/span><\/a><\/p><\/p><p><\/p><\/div><\/div>\t\t\t<\/div>\n\n\t\t\t<div class=\"wp-block-column\">\n\t\t\t\t<figure class=\"wp-block-image size-large\"><img loading=\"lazy\" decoding=\"async\" width=\"768\" height=\"715\" src=\"https:\/\/marketplace.epassi.fi\/purelahti\/wp-content\/uploads\/sites\/220\/2022\/12\/7B7A6938mp-768x715.jpg\" class=\"attachment-medium_large size-medium_large\" alt=\"\" \/><\/figure>\n\t\t\t<\/div>\n\t\t<\/div>\n\t<\/div>\n\t\n","protected":false},"excerpt":{"rendered":"","protected":false},"author":2,"featured_media":0,"parent":0,"menu_order":0,"comment_status":"closed","ping_status":"closed","template":"","meta":{"_acf_changed":false,"_kad_post_transparent":"","_kad_post_title":"","_kad_post_layout":"","_kad_post_sidebar_id":"","_kad_post_content_style":"","_kad_post_vertical_padding":"","_kad_post_feature":"","_kad_post_feature_position":"","_kad_post_header":false,"_kad_post_footer":false,"_kad_post_classname":"","footnotes":""},"class_list":["post-22","page","type-page","status-publish","hentry"],"acf":[],"_links":{"self":[{"href":"https:\/\/marketplace.epassi.fi\/purelahti\/wp-json\/wp\/v2\/pages\/22","targetHints":{"allow":["GET"]}}],"collection":[{"href":"https:\/\/marketplace.epassi.fi\/purelahti\/wp-json\/wp\/v2\/pages"}],"about":[{"href":"https:\/\/marketplace.epassi.fi\/purelahti\/wp-json\/wp\/v2\/types\/page"}],"author":[{"embeddable":true,"href":"https:\/\/marketplace.epassi.fi\/purelahti\/wp-json\/wp\/v2\/users\/2"}],"replies":[{"embeddable":true,"href":"https:\/\/marketplace.epassi.fi\/purelahti\/wp-json\/wp\/v2\/comments?post=22"}],"version-history":[{"count":10,"href":"https:\/\/marketplace.epassi.fi\/purelahti\/wp-json\/wp\/v2\/pages\/22\/revisions"}],"predecessor-version":[{"id":264,"href":"https:\/\/marketplace.epassi.fi\/purelahti\/wp-json\/wp\/v2\/pages\/22\/revisions\/264"}],"wp:attachment":[{"href":"https:\/\/marketplace.epassi.fi\/purelahti\/wp-json\/wp\/v2\/media?parent=22"}],"curies":[{"name":"wp","href":"https:\/\/api.w.org\/{rel}","templated":true}]}}