{"id":290,"date":"2021-10-20T17:09:46","date_gmt":"2021-10-20T14:09:46","guid":{"rendered":"https:\/\/marketplace.epassi.fi\/purelahti\/?post_type=product&#038;p=290"},"modified":"2025-10-30T15:31:03","modified_gmt":"2025-10-30T13:31:03","slug":"hammaskiven-poisto-ja-hampaiden-puhdistus","status":"publish","type":"product","link":"https:\/\/marketplace.epassi.fi\/purelahti\/kauppa\/hyvinvointi\/hammaslaakari\/hammaskiven-poisto-ja-hampaiden-puhdistus\/","title":{"rendered":"Hammaskiven poisto ja hampaiden puhdistus"},"content":{"rendered":"<p>K\u00e4ydess\u00e4si hammaskiven poisto ja hampaiden puhdistus -hoidossa saat suuhygienistin rehellisen arvion suusi, ja varsinkin ikeniesi, kunnosta. Monet pit\u00e4v\u00e4t hammaskive\u00e4 mittarina puhdistuksen tarpeelle, vaikka t\u00e4rke\u00e4mp\u00e4\u00e4 olisi kysy\u00e4, mit\u00e4 ikenillesi kuuluu. Jos ikenesi vuotavat verta esimerkiksi hammasv\u00e4lej\u00e4 putsatessasi, ei suussasi ole kaikki hyvin ja siksi t\u00e4ysin hammaskivest\u00e4 vapaakin suu voi vaatia jopa nelj\u00e4 puhdistuskertaa vuodessa.<\/p>\n<p>PUREssa saat taitaen ja ajanmukaisella laitteistolla tehdyn hampaiden puhdistuksen, joka ei aiheuta kipua vaan antaa tehokkaasti kyyti\u00e4 suusi pahoille bakteereille ja hammaskivelle. Jos ikenesi ovat arat ja pahasti tulehtuneet, saattaa puhdistus hieman tuntua. T\u00e4ll\u00f6in teemme hampaidesi puhdistuksen erityisell\u00e4 varovaisuudella ja voit tarvittaessa saada my\u00f6s pintapuudutuksen helpottamaan ikeniesi herkkyytt\u00e4.<\/p>\n<p>Hammaskiven poistossa mittaamme ientaskujesi syvyyden ja ienverenvuotosi sek\u00e4 teemme arvion hammaskiven m\u00e4\u00e4r\u00e4st\u00e4. T\u00e4m\u00e4n j\u00e4lkeen teemme jauhepuhdistuksen joka hajottaa biofilmiksi kutsutun bakteeripeitteen ja samalla poistaa pinnallisia v\u00e4rj\u00e4ytymi\u00e4. Jauhepuhdistuksen j\u00e4lkeen\u00a0 poistamme hammaskivesi ultra\u00e4\u00e4nilaitteella ja viimeistelemme hoidon k\u00e4si-instrumentein. Viimeistelemme puhdistuksen kiillett\u00e4 hoitavalla hoitoaineella, jonka j\u00e4lkeen saat hampaiden hoito-ohjeita kotiin viemiseksi. Kotihoidossa onnistuminen yhdistettyn\u00e4 s\u00e4\u00e4nn\u00f6llisiin suuhygienistin tekemiin puhdistuksiin on varmin keino pit\u00e4\u00e4 ikenesi, hampaasi ja niiden kiinnityskudos tervein\u00e4. Suusi terveys onkin kaikin puolin sinun ja meid\u00e4n yhteisty\u00f6t\u00e4.<\/p>\n","protected":false},"excerpt":{"rendered":"<p>PUREssa saat taitaen ja ajanmukaisella laitteistolla tehdyn hampaiden puhdistuksen, joka ei aiheuta kipua, vaan antaa hell\u00e4n tehokkaasti kyyti\u00e4 suusi pahoille bakteerille ja hammaskivelle.<\/p>\n<p>Hammaskiven poistossa mittaamme ientaskujesi syvyyden ja ienverenvuotosi sek\u00e4 teemme arvion hammaskiven m\u00e4\u00e4r\u00e4st\u00e4. T\u00e4m\u00e4n j\u00e4lkeen teemme jauhepuhdistuksen joka hajottaa biofilmiksi kutsutun bakteeripeitteen ja samalla poistaa pinnallisia v\u00e4rj\u00e4ytymi\u00e4. Jauhepuhdistuksen j\u00e4lkeen\u00a0 poistamme hammaskivesi ultra\u00e4\u00e4nilaitteella ja viimeistelemme hoidon k\u00e4si-instrumentein. Viimeistelemme puhdistuksen kiillett\u00e4 hoitavalla hoitoaineella, jonka j\u00e4lkeen saat hampaiden hoito-ohjeita kotiin viemiseksi. Kotihoidossa onnistuminen yhdistettyn\u00e4 s\u00e4\u00e4nn\u00f6llisiin suuhygienistin tekemiin puhdistuksiin on varmin keino pit\u00e4\u00e4 ikenesi, hampaasi ja niiden kiinnityskudos tervein\u00e4. Suusi terveys onkin kaikin puolin sinun ja meid\u00e4n yhteisty\u00f6t\u00e4.<\/p>\n","protected":false},"featured_media":328,"comment_status":"open","ping_status":"closed","template":"","meta":{"_acf_changed":false,"_kad_post_transparent":"default","_kad_post_title":"","_kad_post_layout":"default","_kad_post_sidebar_id":"","_kad_post_content_style":"default","_kad_post_vertical_padding":"default","_kad_post_feature":"","_kad_post_feature_position":"","_kad_post_header":false,"_kad_post_footer":false,"_kad_post_classname":""},"product_brand":[],"product_cat":[30,21],"product_tag":[],"class_list":{"0":"post-290","1":"product","2":"type-product","3":"status-publish","4":"has-post-thumbnail","6":"product_cat-hammaslaakari","7":"product_cat-hyvinvointi","9":"first","10":"instock","11":"virtual","12":"taxable","13":"purchasable","14":"product-type-simple","15":"entry","16":"content-bg","17":"loop-entry"},"acf":[],"_links":{"self":[{"href":"https:\/\/marketplace.epassi.fi\/purelahti\/wp-json\/wp\/v2\/product\/290","targetHints":{"allow":["GET"]}}],"collection":[{"href":"https:\/\/marketplace.epassi.fi\/purelahti\/wp-json\/wp\/v2\/product"}],"about":[{"href":"https:\/\/marketplace.epassi.fi\/purelahti\/wp-json\/wp\/v2\/types\/product"}],"replies":[{"embeddable":true,"href":"https:\/\/marketplace.epassi.fi\/purelahti\/wp-json\/wp\/v2\/comments?post=290"}],"wp:featuredmedia":[{"embeddable":true,"href":"https:\/\/marketplace.epassi.fi\/purelahti\/wp-json\/wp\/v2\/media\/328"}],"wp:attachment":[{"href":"https:\/\/marketplace.epassi.fi\/purelahti\/wp-json\/wp\/v2\/media?parent=290"}],"wp:term":[{"taxonomy":"product_brand","embeddable":true,"href":"https:\/\/marketplace.epassi.fi\/purelahti\/wp-json\/wp\/v2\/product_brand?post=290"},{"taxonomy":"product_cat","embeddable":true,"href":"https:\/\/marketplace.epassi.fi\/purelahti\/wp-json\/wp\/v2\/product_cat?post=290"},{"taxonomy":"product_tag","embeddable":true,"href":"https:\/\/marketplace.epassi.fi\/purelahti\/wp-json\/wp\/v2\/product_tag?post=290"}],"curies":[{"name":"wp","href":"https:\/\/api.w.org\/{rel}","templated":true}]}}