{"id":344,"date":"2022-12-08T19:26:01","date_gmt":"2022-12-08T17:26:01","guid":{"rendered":"https:\/\/marketplace.epassi.fi\/purelahti\/?post_type=product&#038;p=344"},"modified":"2025-10-30T15:30:54","modified_gmt":"2025-10-30T13:30:54","slug":"hammaskiven-poisto-ja-hampaiden-puhdistus-pelkaavalle","status":"publish","type":"product","link":"https:\/\/marketplace.epassi.fi\/purelahti\/kauppa\/hyvinvointi\/hammaslaakari\/hammaskiven-poisto-ja-hampaiden-puhdistus-pelkaavalle\/","title":{"rendered":"Hammaskiven poisto ja hampaiden puhdistus pelk\u00e4\u00e4v\u00e4lle"},"content":{"rendered":"<p>Onko hammashoito vihonviimeinen asia, jonne haluaisit menn\u00e4? T\u00e4m\u00e4 on ymm\u00e4rrett\u00e4v\u00e4\u00e4, sill\u00e4 meist\u00e4 suomalaisista jopa joka toinen k\u00e4rsii hammashoitopelosta. Suuhygienistipalvelut PUREssa lupaamme kuitenkin, ettemme pure, vaan saat miellytt\u00e4v\u00e4\u00e4, rauhallista ja pelkojasi lievitt\u00e4v\u00e4\u00e4 hammashoitoa. PUREn pelk\u00e4\u00e4v\u00e4n hammashoidoissa hoitoaikoja on pidennetty, jotta olosi s\u00e4ilyy varmasti hyv\u00e4n\u00e4 ja voimme v\u00e4lill\u00e4 pit\u00e4\u00e4 taukoja, joiden aikana heng\u00e4ht\u00e4\u00e4.<\/p>\n<p>PUREssa saat taitaen ja ajanmukaisella laitteistolla tehdyn hampaiden puhdistuksen, joka ei aiheuta kipua vaan antaa tehokkaasti kyyti\u00e4 suusi pahoille bakteereille ja hammaskivelle. Jos ikenesi ovat arat ja pahasti tulehtuneet, saattaa puhdistus hieman tuntua. T\u00e4ll\u00f6in teemme hampaidesi puhdistuksen erityisell\u00e4 varovaisuudella ja voit tarvittaessa saada my\u00f6s pintapuudutuksen helpottamaan ikeniesi herkkyytt\u00e4.<\/p>\n<p>Hammaskiven poistossa mittaamme ientaskujesi syvyyden ja ienverenvuotosi sek\u00e4 teemme arvion hammaskiven m\u00e4\u00e4r\u00e4st\u00e4. T\u00e4m\u00e4n j\u00e4lkeen poistamme hammaskivesi ja biofilmiksi kutsutun bakteeripeitteen k\u00e4si-instrumentein ja\/tai ultra\u00e4\u00e4nilaitteella. Jos olet ottanut lis\u00e4palveluksi jauhepuhdistuksen, puhdistamme hampaasi my\u00f6s sill\u00e4. Viimeistelemme puhdistuksen hoitoaineella tai tarvittaessa fluorilakalla, jonka j\u00e4lkeen saat hampaiden hoito-ohjeita kotiin viemiseksi. Kotihoidossa onnistuminen yhdistettyn\u00e4 s\u00e4\u00e4nn\u00f6llisiin suuhygienistin tekemiin puhdistuksiin on varmin keino pit\u00e4\u00e4 ikenesi, hampaasi ja niiden kiinnityskudos tervein\u00e4. Suusi terveys onkin kaikin puolin sinun ja meid\u00e4n yhteisty\u00f6t\u00e4.<\/p>\n","protected":false},"excerpt":{"rendered":"<p>T\u00e4m\u00e4 rauhallinen ja lempe\u00e4 k\u00e4ynti on suunniteltu erityisesti hammashoitoa j\u00e4nnitt\u00e4v\u00e4lle. K\u00e4ymme toimenpiteen vaiheet l\u00e4pi yhdess\u00e4, etenemme maltillisesti ja pid\u00e4mme taukoja tarpeen mukaan. K\u00e4yt\u00e4mme hell\u00e4varaisia menetelmi\u00e4 hammaskiven poistoon ja jauhepuhdistukseen. Tavoitteena on luoda turvallinen ja luottamuksellinen hoitokokemus. Hinta on omavastuuosuus KELA- korvauksen j\u00e4lkeen. Suuhygienistik\u00e4ynnit korvataan ilman hammasl\u00e4\u00e4k\u00e4rin l\u00e4hetett\u00e4 enint\u00e4\u00e4n 2 kertaa kalenterivuodessa.<\/p>\n","protected":false},"featured_media":328,"comment_status":"open","ping_status":"closed","template":"","meta":{"_acf_changed":false,"_kad_post_transparent":"default","_kad_post_title":"","_kad_post_layout":"default","_kad_post_sidebar_id":"","_kad_post_content_style":"default","_kad_post_vertical_padding":"default","_kad_post_feature":"","_kad_post_feature_position":"","_kad_post_header":false,"_kad_post_footer":false,"_kad_post_classname":""},"product_brand":[],"product_cat":[30,21],"product_tag":[],"class_list":{"0":"post-344","1":"product","2":"type-product","3":"status-publish","4":"has-post-thumbnail","6":"product_cat-hammaslaakari","7":"product_cat-hyvinvointi","9":"first","10":"instock","11":"virtual","12":"taxable","13":"purchasable","14":"product-type-simple","15":"entry","16":"content-bg","17":"loop-entry"},"acf":[],"_links":{"self":[{"href":"https:\/\/marketplace.epassi.fi\/purelahti\/wp-json\/wp\/v2\/product\/344","targetHints":{"allow":["GET"]}}],"collection":[{"href":"https:\/\/marketplace.epassi.fi\/purelahti\/wp-json\/wp\/v2\/product"}],"about":[{"href":"https:\/\/marketplace.epassi.fi\/purelahti\/wp-json\/wp\/v2\/types\/product"}],"replies":[{"embeddable":true,"href":"https:\/\/marketplace.epassi.fi\/purelahti\/wp-json\/wp\/v2\/comments?post=344"}],"wp:featuredmedia":[{"embeddable":true,"href":"https:\/\/marketplace.epassi.fi\/purelahti\/wp-json\/wp\/v2\/media\/328"}],"wp:attachment":[{"href":"https:\/\/marketplace.epassi.fi\/purelahti\/wp-json\/wp\/v2\/media?parent=344"}],"wp:term":[{"taxonomy":"product_brand","embeddable":true,"href":"https:\/\/marketplace.epassi.fi\/purelahti\/wp-json\/wp\/v2\/product_brand?post=344"},{"taxonomy":"product_cat","embeddable":true,"href":"https:\/\/marketplace.epassi.fi\/purelahti\/wp-json\/wp\/v2\/product_cat?post=344"},{"taxonomy":"product_tag","embeddable":true,"href":"https:\/\/marketplace.epassi.fi\/purelahti\/wp-json\/wp\/v2\/product_tag?post=344"}],"curies":[{"name":"wp","href":"https:\/\/api.w.org\/{rel}","templated":true}]}}