{"id":346,"date":"2022-12-08T19:47:59","date_gmt":"2022-12-08T17:47:59","guid":{"rendered":"https:\/\/marketplace.epassi.fi\/purelahti\/?post_type=product&#038;p=346"},"modified":"2025-10-30T15:30:48","modified_gmt":"2025-10-30T13:30:48","slug":"fluorilakkaus","status":"publish","type":"product","link":"https:\/\/marketplace.epassi.fi\/purelahti\/kauppa\/hyvinvointi\/hammaslaakari\/fluorilakkaus\/","title":{"rendered":"Jauhepuhdistus ja fluorihoito"},"content":{"rendered":"<div class=\"small\">Jauhepuhdistuksessa poistetaan hampaista pintapuolisia v\u00e4rj\u00e4ytymi\u00e4, bakteereja ja plakkiretentioita aivan kuin pienell\u00e4 painepesurilla. Jauhepuhdistuksen j\u00e4lkeen hampaiden pinnalle levitet\u00e4\u00e4n levitet\u00e4\u00e4n ohuelti natriumfluoridia, joka tuo helpotusta hampaiden herkkyyteen ja toimii my\u00f6s tehokkaana tukena karieksen ennaltaehk\u00e4isev\u00e4ss\u00e4 hoidossa.<\/div>\n<div>Aikaa varatessasi valitse jauhepuhdistuksen lis\u00e4palveluksi fluorilakka.<\/div>\n<div>Ajanvaraus: www.purelahti.fi\/ajanvaraus<\/div>\n","protected":false},"excerpt":{"rendered":"<p>Jauhepuhdistuksessa poistetaan hampaista pintapuolisia v\u00e4rj\u00e4ytymi\u00e4, bakteereja ja plakkiretentioita aivan kuin pienell\u00e4 painepesurilla. Jauhepuhdistuksen j\u00e4lkeen hampaiden pinnalle levitet\u00e4\u00e4n levitet\u00e4\u00e4n ohuelti natriumfluoridia, joka tuo helpotusta hampaiden herkkyyteen ja toimii my\u00f6s tehokkaana tukena karieksen ennaltaehk\u00e4isev\u00e4ss\u00e4 hoidossa.<\/p>\n","protected":false},"featured_media":328,"comment_status":"open","ping_status":"closed","template":"","meta":{"_acf_changed":false,"_kad_post_transparent":"default","_kad_post_title":"","_kad_post_layout":"default","_kad_post_sidebar_id":"","_kad_post_content_style":"default","_kad_post_vertical_padding":"default","_kad_post_feature":"","_kad_post_feature_position":"","_kad_post_header":false,"_kad_post_footer":false,"_kad_post_classname":""},"product_brand":[],"product_cat":[30,21],"product_tag":[],"class_list":{"0":"post-346","1":"product","2":"type-product","3":"status-publish","4":"has-post-thumbnail","6":"product_cat-hammaslaakari","7":"product_cat-hyvinvointi","9":"first","10":"instock","11":"virtual","12":"taxable","13":"purchasable","14":"product-type-simple","15":"entry","16":"content-bg","17":"loop-entry"},"acf":[],"_links":{"self":[{"href":"https:\/\/marketplace.epassi.fi\/purelahti\/wp-json\/wp\/v2\/product\/346","targetHints":{"allow":["GET"]}}],"collection":[{"href":"https:\/\/marketplace.epassi.fi\/purelahti\/wp-json\/wp\/v2\/product"}],"about":[{"href":"https:\/\/marketplace.epassi.fi\/purelahti\/wp-json\/wp\/v2\/types\/product"}],"replies":[{"embeddable":true,"href":"https:\/\/marketplace.epassi.fi\/purelahti\/wp-json\/wp\/v2\/comments?post=346"}],"wp:featuredmedia":[{"embeddable":true,"href":"https:\/\/marketplace.epassi.fi\/purelahti\/wp-json\/wp\/v2\/media\/328"}],"wp:attachment":[{"href":"https:\/\/marketplace.epassi.fi\/purelahti\/wp-json\/wp\/v2\/media?parent=346"}],"wp:term":[{"taxonomy":"product_brand","embeddable":true,"href":"https:\/\/marketplace.epassi.fi\/purelahti\/wp-json\/wp\/v2\/product_brand?post=346"},{"taxonomy":"product_cat","embeddable":true,"href":"https:\/\/marketplace.epassi.fi\/purelahti\/wp-json\/wp\/v2\/product_cat?post=346"},{"taxonomy":"product_tag","embeddable":true,"href":"https:\/\/marketplace.epassi.fi\/purelahti\/wp-json\/wp\/v2\/product_tag?post=346"}],"curies":[{"name":"wp","href":"https:\/\/api.w.org\/{rel}","templated":true}]}}