{"id":325,"date":"2022-12-14T15:08:37","date_gmt":"2022-12-14T13:08:37","guid":{"rendered":"https:\/\/marketplace.epassi.fi\/purjehduskoulu-nemo\/?post_type=product&#038;p=325"},"modified":"2026-01-24T23:08:15","modified_gmt":"2026-01-24T21:08:15","slug":"iltapurjehdus","status":"publish","type":"product","link":"https:\/\/marketplace.epassi.fi\/purjehduskoulu-nemo\/kauppa\/liikuntaedut\/liikunta-muut\/iltapurjehdus\/","title":{"rendered":"Johdatus purjehdukseen kurssi \/ Iltapurjehdus"},"content":{"rendered":"<p><b>Onko purjehdus sinun lajisi?<\/b><\/p>\n<p>Tule kokeilemaan purjehduksen huumaa, opi purjehduksen perusteita ja nauti rentouttavasta iltapurjehduksesta!<\/p>\n<p>Lue lis\u00e4\u00e4 ja varaa oma purjehduksesi: nemosailing.fi<\/p>\n<p>Kes\u00e4ll\u00e4 2026 on Johdatus purjehdukseen kursseja mm.:<\/p>\n<ul>\n<li>to 13.5.2026 klo 17-21<\/li>\n<li>ke 20.5.2026 klo 17-21<\/li>\n<\/ul>\n","protected":false},"excerpt":{"rendered":"<p>Onko purjehdus sinun lajisi? Tule kokeilemaan purjehduksen huumaa, opi purjehduksen perusteita ja nauti rentouttavasta iltapurjehduksesta! Lue lis\u00e4\u00e4 ja varaa oma purjehduksesi: nemosailing.fi Kes\u00e4ll\u00e4 2026 on Johdatus purjehdukseen kursseja mm.: to 13.5.2026 klo 17-21 ke 20.5.2026 klo 17-21<\/p>\n","protected":false},"featured_media":347,"comment_status":"open","ping_status":"closed","template":"","meta":{"_acf_changed":false,"_kad_post_transparent":"default","_kad_post_title":"","_kad_post_layout":"default","_kad_post_sidebar_id":"","_kad_post_content_style":"default","_kad_post_vertical_padding":"default","_kad_post_feature":"","_kad_post_feature_position":"","_kad_post_header":false,"_kad_post_footer":false,"_kad_post_classname":""},"product_brand":[],"product_cat":[29,19],"product_tag":[],"class_list":{"0":"post-325","1":"product","2":"type-product","3":"status-publish","4":"has-post-thumbnail","6":"product_cat-liikunta-muut","7":"product_cat-liikuntaedut","9":"first","10":"instock","11":"virtual","12":"taxable","13":"purchasable","14":"product-type-simple","15":"entry","16":"content-bg","17":"loop-entry"},"acf":[],"_links":{"self":[{"href":"https:\/\/marketplace.epassi.fi\/purjehduskoulu-nemo\/wp-json\/wp\/v2\/product\/325","targetHints":{"allow":["GET"]}}],"collection":[{"href":"https:\/\/marketplace.epassi.fi\/purjehduskoulu-nemo\/wp-json\/wp\/v2\/product"}],"about":[{"href":"https:\/\/marketplace.epassi.fi\/purjehduskoulu-nemo\/wp-json\/wp\/v2\/types\/product"}],"replies":[{"embeddable":true,"href":"https:\/\/marketplace.epassi.fi\/purjehduskoulu-nemo\/wp-json\/wp\/v2\/comments?post=325"}],"wp:featuredmedia":[{"embeddable":true,"href":"https:\/\/marketplace.epassi.fi\/purjehduskoulu-nemo\/wp-json\/wp\/v2\/media\/347"}],"wp:attachment":[{"href":"https:\/\/marketplace.epassi.fi\/purjehduskoulu-nemo\/wp-json\/wp\/v2\/media?parent=325"}],"wp:term":[{"taxonomy":"product_brand","embeddable":true,"href":"https:\/\/marketplace.epassi.fi\/purjehduskoulu-nemo\/wp-json\/wp\/v2\/product_brand?post=325"},{"taxonomy":"product_cat","embeddable":true,"href":"https:\/\/marketplace.epassi.fi\/purjehduskoulu-nemo\/wp-json\/wp\/v2\/product_cat?post=325"},{"taxonomy":"product_tag","embeddable":true,"href":"https:\/\/marketplace.epassi.fi\/purjehduskoulu-nemo\/wp-json\/wp\/v2\/product_tag?post=325"}],"curies":[{"name":"wp","href":"https:\/\/api.w.org\/{rel}","templated":true}]}}