{"id":327,"date":"2022-12-14T15:09:17","date_gmt":"2022-12-14T13:09:17","guid":{"rendered":"https:\/\/marketplace.epassi.fi\/purjehduskoulu-nemo\/?post_type=product&#038;p=327"},"modified":"2025-11-26T10:11:35","modified_gmt":"2025-11-26T08:11:35","slug":"purjehtijakurssi","status":"publish","type":"product","link":"https:\/\/marketplace.epassi.fi\/purjehduskoulu-nemo\/kauppa\/liikuntaedut\/liikunta-muut\/purjehtijakurssi\/","title":{"rendered":"Purjehtijakurssi"},"content":{"rendered":"<h2 class=\"kt-adv-heading_2552bf-49 wp-block-kadence-advancedheading\" data-kb-block=\"kb-adv-heading_2552bf-49\">Purjehtijakurssi<\/h2>\n<div class=\"wp-block-kadence-rowlayout alignnone\">\n<div id=\"kt-layout-id_f90b1d-4a\" class=\"kt-row-layout-inner kt-layout-id_f90b1d-4a\">\n<div class=\"kt-row-column-wrap kt-has-2-columns kt-gutter-default kt-v-gutter-default kt-row-valign-top kt-row-layout-equal kt-tab-layout-inherit kt-m-colapse-right-to-left kt-mobile-layout-row\">\n<div class=\"wp-block-kadence-column inner-column-1 kadence-column_34d68f-a1\">\n<div class=\"kt-inside-inner-col\">\n<ul>\n<li>Kesto: 32 h, josta 24 h veneess\u00e4.<\/li>\n<li>Hinta: 548 \u20ac<\/li>\n<li>Ennakkovaatimus: 15 v ja uimataito<\/li>\n<\/ul>\n<p>Kurssin aikana tutustut purjeveneeseen ja purjehduksen perusasioihin. Kurssi alkaa purjehduksen teoriaopinnoilla. K\u00e4yt\u00e4nn\u00f6n harjoittelussa k\u00e4yd\u00e4\u00e4n l\u00e4pi ja harjoitellaan paljon purjehduksen perustaitoja. Kurssin j\u00e4lkeen osaat omatoimisesti osallistua purjehduksen aktiviteetteihin.<\/p>\n<p>Purjehtijakurssin aikana harjoitellaan l\u00e4ht\u00f6valmisteluja, l\u00e4hd\u00f6n, moottorilla ajoa, purjeiden noston, purjehtimista eri tuulensuuntiin, vendoja, jiippej\u00e4 (mit\u00e4 ne ovat\u2026), purjeiden reivausta, purjeiden laskun, rantautumisen, solmuja, v\u00e4ist\u00e4miss\u00e4\u00e4nn\u00f6t, merimerkit, MOB, navigointia, purjeiden trimmausta, ankkurointia ja yhteisty\u00f6t\u00e4 koko miehist\u00f6n kesken.<\/p>\n<p><span style=\"font-family: var(--global-body-font-family)\">Lue lis\u00e4\u00e4 ja varaa oma purjehduksesi: nemosailing.fi<\/span><\/p>\n<p><span style=\"font-family: var(--global-body-font-family)\">Kes\u00e4ll\u00e4 2026 on Purjehtijakursseja mm.:<\/span><\/p>\n<ul>\n<li>7.5.-10.5.2026<\/li>\n<li>21.5.-24.5.2026<\/li>\n<li>Lis\u00e4ksi kaikilla V\u00e4limeren ja It\u00e4meren purjehduksilla voit suorittaa purjehtijakurssin<\/li>\n<li>Esim. 25.4.-2.5.2026 Kroatiassa +422 \u20ac<\/li>\n<li>Esim. 23.6.-26.6.2026 Helsinki-Hanko +8 \u20ac<\/li>\n<li>Katso lis\u00e4\u00e4 vaihtoehtoja: <span style=\"font-family: var(--global-body-font-family)\">nemosailing.fi<\/span><\/li>\n<\/ul>\n<div class=\"is-layout-flex wp-block-buttons\"><\/div>\n<\/div>\n<\/div>\n<\/div>\n<\/div>\n<\/div>\n","protected":false},"excerpt":{"rendered":"<p>Purjehtijakurssi Kesto: 32 h, josta 24 h veneess\u00e4. Hinta: 548 \u20ac Ennakkovaatimus: 15 v ja uimataito Kurssin aikana tutustut purjeveneeseen ja purjehduksen perusasioihin. Kurssi alkaa purjehduksen teoriaopinnoilla. K\u00e4yt\u00e4nn\u00f6n harjoittelussa k\u00e4yd\u00e4\u00e4n l\u00e4pi ja harjoitellaan paljon purjehduksen perustaitoja. Kurssin j\u00e4lkeen osaat omatoimisesti osallistua purjehduksen aktiviteetteihin. Purjehtijakurssin aikana harjoitellaan l\u00e4ht\u00f6valmisteluja, l\u00e4hd\u00f6n, moottorilla ajoa, purjeiden noston, purjehtimista eri tuulensuuntiin,&#8230;<\/p>\n","protected":false},"featured_media":495,"comment_status":"open","ping_status":"closed","template":"","meta":{"_acf_changed":false,"_kad_post_transparent":"default","_kad_post_title":"","_kad_post_layout":"default","_kad_post_sidebar_id":"","_kad_post_content_style":"default","_kad_post_vertical_padding":"default","_kad_post_feature":"","_kad_post_feature_position":"","_kad_post_header":false,"_kad_post_footer":false,"_kad_post_classname":""},"product_brand":[],"product_cat":[29,19],"product_tag":[],"class_list":{"0":"post-327","1":"product","2":"type-product","3":"status-publish","4":"has-post-thumbnail","6":"product_cat-liikunta-muut","7":"product_cat-liikuntaedut","9":"first","10":"instock","11":"virtual","12":"taxable","13":"purchasable","14":"product-type-simple","15":"entry","16":"content-bg","17":"loop-entry"},"acf":[],"_links":{"self":[{"href":"https:\/\/marketplace.epassi.fi\/purjehduskoulu-nemo\/wp-json\/wp\/v2\/product\/327","targetHints":{"allow":["GET"]}}],"collection":[{"href":"https:\/\/marketplace.epassi.fi\/purjehduskoulu-nemo\/wp-json\/wp\/v2\/product"}],"about":[{"href":"https:\/\/marketplace.epassi.fi\/purjehduskoulu-nemo\/wp-json\/wp\/v2\/types\/product"}],"replies":[{"embeddable":true,"href":"https:\/\/marketplace.epassi.fi\/purjehduskoulu-nemo\/wp-json\/wp\/v2\/comments?post=327"}],"wp:featuredmedia":[{"embeddable":true,"href":"https:\/\/marketplace.epassi.fi\/purjehduskoulu-nemo\/wp-json\/wp\/v2\/media\/495"}],"wp:attachment":[{"href":"https:\/\/marketplace.epassi.fi\/purjehduskoulu-nemo\/wp-json\/wp\/v2\/media?parent=327"}],"wp:term":[{"taxonomy":"product_brand","embeddable":true,"href":"https:\/\/marketplace.epassi.fi\/purjehduskoulu-nemo\/wp-json\/wp\/v2\/product_brand?post=327"},{"taxonomy":"product_cat","embeddable":true,"href":"https:\/\/marketplace.epassi.fi\/purjehduskoulu-nemo\/wp-json\/wp\/v2\/product_cat?post=327"},{"taxonomy":"product_tag","embeddable":true,"href":"https:\/\/marketplace.epassi.fi\/purjehduskoulu-nemo\/wp-json\/wp\/v2\/product_tag?post=327"}],"curies":[{"name":"wp","href":"https:\/\/api.w.org\/{rel}","templated":true}]}}