{"id":350,"date":"2022-12-14T15:08:52","date_gmt":"2022-12-14T13:08:52","guid":{"rendered":"https:\/\/marketplace.epassi.fi\/purjehduskoulu-nemo\/?post_type=product&#038;p=350"},"modified":"2025-11-26T09:59:13","modified_gmt":"2025-11-26T07:59:13","slug":"johdatus-purjehdukseen-kurssi","status":"publish","type":"product","link":"https:\/\/marketplace.epassi.fi\/purjehduskoulu-nemo\/kauppa\/liikuntaedut\/liikunta-muut\/johdatus-purjehdukseen-kurssi\/","title":{"rendered":"Purjehtijakurssin osa 1"},"content":{"rendered":"<ul>\n<li>Kesto: 16 h, josta 8 h veneess\u00e4.<\/li>\n<li>Hinta: 280 \u20ac<\/li>\n<li>Ennakkovaatimus: 15 v ja uimataito<\/li>\n<\/ul>\n<p>Kurssin aikana tutustut purjeveneeseen ja purjehduksen perusasioihin. Kurssi alkaa purjehduksen teoriaopinnoilla. K\u00e4yt\u00e4nn\u00f6n harjoittelussa k\u00e4yd\u00e4\u00e4n l\u00e4pi purjehduksen perustaidot. Kurssin j\u00e4lkeen osaat jo osallistua moniin purjehduksen aktiviteetteihin.<\/p>\n<p>Kurssi sis\u00e4lt\u00e4\u00e4 mm. l\u00e4ht\u00f6valmisteluja, l\u00e4hd\u00f6n, moottorilla ajoa, purjeiden noston, purjehtimista eri tuulensuuntiin, vendoja, jiippej\u00e4 (mit\u00e4 ne ovat\u2026), purjeiden reivausta, purjeiden laskun, rantautumisen, solmuja, v\u00e4ist\u00e4miss\u00e4\u00e4nn\u00f6t ja merimerkit.<\/p>\n<p>Jos suoritat viel\u00e4 kahden p\u00e4iv\u00e4n &#8221;Purjehtijakurssin osa 2&#8221;, niin n\u00e4m\u00e4 yhdess\u00e4 vastaavat Purjehtijakurssia.<\/p>\n<p><span style=\"font-family: var(--global-body-font-family)\">Lue lis\u00e4\u00e4 ja varaa oma purjehduksesi: Nemosailing.fi<\/span><\/p>\n<p><span style=\"font-family: var(--global-body-font-family)\">Purjehtijakurssin osa 1 on kes\u00e4ll\u00e4 2026 mm.:<\/span><\/p>\n<ul>\n<li>27.5.-28.5.2026<\/li>\n<li>1.6.-2.6.2026<\/li>\n<li>8.6.-9.6.2026<\/li>\n<\/ul>\n","protected":false},"excerpt":{"rendered":"<p>Kesto: 16 h, josta 8 h veneess\u00e4. Hinta: 280 \u20ac Ennakkovaatimus: 15 v ja uimataito Kurssin aikana tutustut purjeveneeseen ja purjehduksen perusasioihin. Kurssi alkaa purjehduksen teoriaopinnoilla. K\u00e4yt\u00e4nn\u00f6n harjoittelussa k\u00e4yd\u00e4\u00e4n l\u00e4pi purjehduksen perustaidot. Kurssin j\u00e4lkeen osaat jo osallistua moniin purjehduksen aktiviteetteihin. Kurssi sis\u00e4lt\u00e4\u00e4 mm. l\u00e4ht\u00f6valmisteluja, l\u00e4hd\u00f6n, moottorilla ajoa, purjeiden noston, purjehtimista eri tuulensuuntiin, vendoja, jiippej\u00e4 (mit\u00e4&#8230;<\/p>\n","protected":false},"featured_media":349,"comment_status":"open","ping_status":"closed","template":"","meta":{"_acf_changed":false,"_kad_post_transparent":"default","_kad_post_title":"","_kad_post_layout":"default","_kad_post_sidebar_id":"","_kad_post_content_style":"default","_kad_post_vertical_padding":"default","_kad_post_feature":"","_kad_post_feature_position":"","_kad_post_header":false,"_kad_post_footer":false,"_kad_post_classname":""},"product_brand":[],"product_cat":[29,19],"product_tag":[],"class_list":{"0":"post-350","1":"product","2":"type-product","3":"status-publish","4":"has-post-thumbnail","6":"product_cat-liikunta-muut","7":"product_cat-liikuntaedut","9":"first","10":"instock","11":"virtual","12":"taxable","13":"purchasable","14":"product-type-simple","15":"entry","16":"content-bg","17":"loop-entry"},"acf":[],"_links":{"self":[{"href":"https:\/\/marketplace.epassi.fi\/purjehduskoulu-nemo\/wp-json\/wp\/v2\/product\/350","targetHints":{"allow":["GET"]}}],"collection":[{"href":"https:\/\/marketplace.epassi.fi\/purjehduskoulu-nemo\/wp-json\/wp\/v2\/product"}],"about":[{"href":"https:\/\/marketplace.epassi.fi\/purjehduskoulu-nemo\/wp-json\/wp\/v2\/types\/product"}],"replies":[{"embeddable":true,"href":"https:\/\/marketplace.epassi.fi\/purjehduskoulu-nemo\/wp-json\/wp\/v2\/comments?post=350"}],"wp:featuredmedia":[{"embeddable":true,"href":"https:\/\/marketplace.epassi.fi\/purjehduskoulu-nemo\/wp-json\/wp\/v2\/media\/349"}],"wp:attachment":[{"href":"https:\/\/marketplace.epassi.fi\/purjehduskoulu-nemo\/wp-json\/wp\/v2\/media?parent=350"}],"wp:term":[{"taxonomy":"product_brand","embeddable":true,"href":"https:\/\/marketplace.epassi.fi\/purjehduskoulu-nemo\/wp-json\/wp\/v2\/product_brand?post=350"},{"taxonomy":"product_cat","embeddable":true,"href":"https:\/\/marketplace.epassi.fi\/purjehduskoulu-nemo\/wp-json\/wp\/v2\/product_cat?post=350"},{"taxonomy":"product_tag","embeddable":true,"href":"https:\/\/marketplace.epassi.fi\/purjehduskoulu-nemo\/wp-json\/wp\/v2\/product_tag?post=350"}],"curies":[{"name":"wp","href":"https:\/\/api.w.org\/{rel}","templated":true}]}}