{"id":351,"date":"2022-10-05T13:57:15","date_gmt":"2022-10-05T10:57:15","guid":{"rendered":"https:\/\/marketplace.epassi.fi\/pyhatunturi\/?post_type=product&#038;p=351"},"modified":"2026-01-01T05:01:59","modified_gmt":"2026-01-01T03:01:59","slug":"kausikortti-pyha-talvi-2022-2023","status":"publish","type":"product","link":"https:\/\/marketplace.epassi.fi\/pyhatunturi\/kauppa\/liikuntaedut\/hiihtokeskus\/kausikortti-pyha-talvi-2022-2023\/","title":{"rendered":"Kausikortti Pyh\u00e4 talvi 2025-2026"},"content":{"rendered":"<p>Kausikortti on voimassa Pyh\u00e4ll\u00e4 talvikauden 2025-2026.<\/p>\n<p>Kaikki kausikortit on k\u00e4yt\u00e4v\u00e4 aktivoimassa Pyh\u00e4n lipunmyyntipisteess\u00e4 ennen rinteelle suuntaamista. Kausikortti on noudettavissa\/ladattavissa lipunmyyntipisteiss\u00e4mme talvikauden aikana 21.11.2025-3.5.2026. Kausikortit ovat henkil\u00f6kohtaisia.<\/p>\n<p>Kausikortti tulee k\u00e4yd\u00e4 aktivoimassa lipunmyyntipisteessa ennen rinteille suuntaamista. KeyCard ei sis\u00e4lly hissilipun hintaan. Mik\u00e4li omistat SkiDatan KeyCardin jossa numerosarja alkaa 01 tai 30, ja jolle haluat kausikortin ladata, ota se mukaasi lipunmyyntipisteeseen kausikorttia aktivoidessassi. KeyCardin voi my\u00f6s ostaa lipunmyyntipisteest\u00e4 erillishintaan 8\u20ac. Liikuntaedulla maksettu hissilippu on henkil\u00f6kohtainen ja henkil\u00f6llisyys tarkistetaan hissilippua noudettaessa. Varaudu my\u00f6s esitt\u00e4m\u00e4\u00e4n kuitti ostoksestasi. Pid\u00e4t\u00e4mme oikeuden hinnanmuutoksiin.<\/p>\n<p>Mik\u00e4li Epassin arvo ei riit\u00e4 kattamaan koko ostoksen suuruutta, voi Epassille lis\u00e4t\u00e4 liikuntaedun lis\u00e4ksi my\u00f6s OmaRahaa. Lue lis\u00e4\u00e4: https:\/\/www.epassi.fi\/fi\/omaraha<\/p>\n","protected":false},"excerpt":{"rendered":"<div class=\"MuiBox-root css-0\">\n<p class=\"MuiTypography-root MuiTypography-body1 jss209 css-lmufgo\"><strong>Hy\u00f6dynn\u00e4 etu ja osta Pyh\u00e4n kausikortti alennettuun hintaan kun ostat sen 15.12.2025 menness\u00e4! (Normaalihinta aikuisille 526\u20ac.)<\/strong><\/p>\n<\/div>\n<p><!--more--><\/p>\n","protected":false},"featured_media":2161,"comment_status":"open","ping_status":"closed","template":"","meta":{"_acf_changed":false,"_kad_post_transparent":"default","_kad_post_title":"","_kad_post_layout":"default","_kad_post_sidebar_id":"","_kad_post_content_style":"default","_kad_post_vertical_padding":"default","_kad_post_feature":"","_kad_post_feature_position":"","_kad_post_header":false,"_kad_post_footer":false,"_kad_post_classname":""},"product_brand":[],"product_cat":[24,19],"product_tag":[],"class_list":{"0":"post-351","1":"product","2":"type-product","3":"status-publish","4":"has-post-thumbnail","6":"product_cat-hiihtokeskus","7":"product_cat-liikuntaedut","9":"first","10":"instock","11":"sold-individually","12":"taxable","13":"shipping-taxable","14":"purchasable","15":"product-type-simple","16":"entry","17":"content-bg","18":"loop-entry"},"acf":[],"_links":{"self":[{"href":"https:\/\/marketplace.epassi.fi\/pyhatunturi\/wp-json\/wp\/v2\/product\/351","targetHints":{"allow":["GET"]}}],"collection":[{"href":"https:\/\/marketplace.epassi.fi\/pyhatunturi\/wp-json\/wp\/v2\/product"}],"about":[{"href":"https:\/\/marketplace.epassi.fi\/pyhatunturi\/wp-json\/wp\/v2\/types\/product"}],"replies":[{"embeddable":true,"href":"https:\/\/marketplace.epassi.fi\/pyhatunturi\/wp-json\/wp\/v2\/comments?post=351"}],"wp:featuredmedia":[{"embeddable":true,"href":"https:\/\/marketplace.epassi.fi\/pyhatunturi\/wp-json\/wp\/v2\/media\/2161"}],"wp:attachment":[{"href":"https:\/\/marketplace.epassi.fi\/pyhatunturi\/wp-json\/wp\/v2\/media?parent=351"}],"wp:term":[{"taxonomy":"product_brand","embeddable":true,"href":"https:\/\/marketplace.epassi.fi\/pyhatunturi\/wp-json\/wp\/v2\/product_brand?post=351"},{"taxonomy":"product_cat","embeddable":true,"href":"https:\/\/marketplace.epassi.fi\/pyhatunturi\/wp-json\/wp\/v2\/product_cat?post=351"},{"taxonomy":"product_tag","embeddable":true,"href":"https:\/\/marketplace.epassi.fi\/pyhatunturi\/wp-json\/wp\/v2\/product_tag?post=351"}],"curies":[{"name":"wp","href":"https:\/\/api.w.org\/{rel}","templated":true}]}}