{"id":451,"date":"2024-07-01T18:39:06","date_gmt":"2024-07-01T15:39:06","guid":{"rendered":"https:\/\/marketplace.epassi.fi\/pyhatunturi\/?post_type=product&#038;p=451"},"modified":"2026-04-17T12:32:29","modified_gmt":"2026-04-17T09:32:29","slug":"pyharuka-kausikortti-kesa-2024","status":"publish","type":"product","link":"https:\/\/marketplace.epassi.fi\/pyhatunturi\/kauppa\/liikuntaedut\/hiihtokeskus\/pyharuka-kausikortti-kesa-2024\/","title":{"rendered":"Pyh\u00e4+Ruka kausikortti kes\u00e4 2026"},"content":{"rendered":"<p dir=\"ltr\"><b><strong class=\"_bold_1tncs_10\">Osta nyt kauden 2026 Pyh\u00e4-kes\u00e4kausikortti ja nauti Pyh\u00e4 Flow -alam\u00e4kipy\u00f6r\u00e4reitist\u00e4 ja huipun tunturimaisemista koko kes\u00e4kausi. <\/strong><\/b><b><strong class=\"_bold_1tncs_10\">Pyh\u00e4n kes\u00e4kauden avaus on 19.6.2026 ja kausi jatkuu 20.9.2026 saakka.<\/strong><\/b><\/p>\n<p dir=\"ltr\">HUOM! Pyh\u00e4n kes\u00e4kausikortilla saat kes\u00e4kauden ajaksi rajattoman p\u00e4\u00e4syn my\u00f6s <a href=\"https:\/\/www.ruka.fi\/fi\/pyoraily\/ruka-bike-park\">Ruka Bike Parkin<\/a> py\u00f6r\u00e4hisseille niiden aukioloaikojen mukaisesti, sek\u00e4 p\u00e4\u00e4syn Rukan rinteille rakennettuihin hissipy\u00f6r\u00e4reitteihin. Kes\u00e4n 2026 avaustavoite Rukalla on 11.6.2026 ja kausi siell\u00e4 jatkuu 20.9.2026 saakka.<\/p>\n<p>Kaikki kausikortit on k\u00e4yt\u00e4v\u00e4 aktivoimassa Kultakero vuokraamon \/ Pyh\u00e4 Store:n lipunmyyntipisteess\u00e4 ennen ensimm\u00e4ist\u00e4 hissinousua. Kausikortti voidaan aktivoida olemassaolevalle Keycardille (Skidatan keycardit, jotka alkavat numeroilla 01 tai 30) tai keycardin voi my\u00f6s ostaa lipunmyyntipisteest\u00e4 erillishintaan. Liikuntaedulla maksettu hissilippu on henkil\u00f6kohtainen ja henkil\u00f6llisyys tarkistetaan hissilippua noudettaessa. Kausikortin nouto on mahdollista 19.6.2026 alkaen. Varaudu my\u00f6s esitt\u00e4m\u00e4\u00e4n kuitti ostoksestasi.<\/p>\n<p>Mik\u00e4li Epassin arvo ei riit\u00e4 kattamaan koko ostoksen suuruutta, voi Epassille lis\u00e4t\u00e4 liikuntaedun lis\u00e4ksi my\u00f6s OmaRahaa. Lue lis\u00e4\u00e4: https:\/\/www.epassi.fi\/fi\/omaraha<\/p>\n","protected":false},"excerpt":{"rendered":"<p>Osta Pyh\u00e4n -kes\u00e4kausikortti 2026 ja nauti Kultakeron maisemista sek\u00e4 Pyh\u00e4 Flow -alam\u00e4kipy\u00f6r\u00e4reitist\u00e4 rajattomasti! Samalla kortilla p\u00e4\u00e4set my\u00f6s Rukan Bike Parkkiin!<\/p>\n","protected":false},"featured_media":2574,"comment_status":"open","ping_status":"closed","template":"","meta":{"_acf_changed":false,"_kad_post_transparent":"default","_kad_post_title":"","_kad_post_layout":"default","_kad_post_sidebar_id":"","_kad_post_content_style":"default","_kad_post_vertical_padding":"default","_kad_post_feature":"","_kad_post_feature_position":"","_kad_post_header":false,"_kad_post_footer":false,"_kad_post_classname":""},"product_brand":[],"product_cat":[24,19],"product_tag":[],"class_list":{"0":"post-451","1":"product","2":"type-product","3":"status-publish","4":"has-post-thumbnail","6":"product_cat-hiihtokeskus","7":"product_cat-liikuntaedut","9":"first","10":"instock","11":"sale","12":"taxable","13":"shipping-taxable","14":"purchasable","15":"product-type-simple","16":"entry","17":"content-bg","18":"loop-entry"},"acf":[],"_links":{"self":[{"href":"https:\/\/marketplace.epassi.fi\/pyhatunturi\/wp-json\/wp\/v2\/product\/451","targetHints":{"allow":["GET"]}}],"collection":[{"href":"https:\/\/marketplace.epassi.fi\/pyhatunturi\/wp-json\/wp\/v2\/product"}],"about":[{"href":"https:\/\/marketplace.epassi.fi\/pyhatunturi\/wp-json\/wp\/v2\/types\/product"}],"replies":[{"embeddable":true,"href":"https:\/\/marketplace.epassi.fi\/pyhatunturi\/wp-json\/wp\/v2\/comments?post=451"}],"wp:featuredmedia":[{"embeddable":true,"href":"https:\/\/marketplace.epassi.fi\/pyhatunturi\/wp-json\/wp\/v2\/media\/2574"}],"wp:attachment":[{"href":"https:\/\/marketplace.epassi.fi\/pyhatunturi\/wp-json\/wp\/v2\/media?parent=451"}],"wp:term":[{"taxonomy":"product_brand","embeddable":true,"href":"https:\/\/marketplace.epassi.fi\/pyhatunturi\/wp-json\/wp\/v2\/product_brand?post=451"},{"taxonomy":"product_cat","embeddable":true,"href":"https:\/\/marketplace.epassi.fi\/pyhatunturi\/wp-json\/wp\/v2\/product_cat?post=451"},{"taxonomy":"product_tag","embeddable":true,"href":"https:\/\/marketplace.epassi.fi\/pyhatunturi\/wp-json\/wp\/v2\/product_tag?post=451"}],"curies":[{"name":"wp","href":"https:\/\/api.w.org\/{rel}","templated":true}]}}