{"id":22,"date":"2021-09-13T17:45:59","date_gmt":"2021-09-13T17:45:59","guid":{"rendered":"https:\/\/marketplace.epassi.fi\/rauhassa\/?page_id=22"},"modified":"2021-10-12T10:57:35","modified_gmt":"2021-10-12T10:57:35","slug":"info","status":"publish","type":"page","link":"https:\/\/marketplace.epassi.fi\/rauhassa\/info\/","title":{"rendered":"Info"},"content":{"rendered":"\n\t<div class=\"entry-content single-content\">\n\n\t\t<div class=\"wp-block-columns\" style=\"gap:30px\">\n\t\t\t<div class=\"wp-block-column\">\n\t\t\t\t<h2>Tietoa meist\u00e4<\/h2>\n\t\t\t\t<p><p>Olemme laaja-alainen, kokonaisvaltaisia hoitoja etenkin stressinhallintaan ja rentoutumiseen tarjoava uusi hoitola. Yhdist\u00e4mme koulutetun hierojan anatomian tuntemuksen ja asianmukaiset otteet it\u00e4isten perinteiden, vuosituhansia vanhojen hoitojen parhaisiin puoliin. Hoidoissa k\u00e4ytetyt \u00f6ljyt ja yrtit valitaan tilanteesi mukaisesti ja ovat uutettu meill\u00e4 paikanp\u00e4\u00e4ll\u00e4. N\u00e4it\u00e4 ei muualta l\u00f6ydy! Tilamme ovat viihtyis\u00e4t ja tukevat rauhoittumistasi vain saapumalla paikalle. My\u00f6s musiikki ja tuoksut ovat tietoisesti valittu tukemaan palautumistasi. T\u00e4rkeimm\u00e4t arvomme ovat l\u00e4sn\u00e4olo, kiireettymyys, t\u00e4ysi keskittyminen juuri sinun tilanteesi hoitoon parhaimmalla osaamallamme tavalla. Annamme halutessasi ohjeita ja harjotteita, joilla voit kohentaa el\u00e4m\u00e4nlaatuasi my\u00f6s kotona. Syd\u00e4nmellisesti tervetuloa!<\/p>\n<\/p>\n\t\t\t\t<h3>Hyvinvointipalvelut Rauhassa<\/h3>\n\t\t\t\t<p>Kaskitie 9 <br>\n\t\t\t\t\t17800 kuhmoinen <\/p>\n\t\t\t\t<p><a href=\"tel:0407034872\">0407034872<\/a><\/p>\n\t\t\t\t<p><a href=\"mailto:teemu@rauhassa.fi\">teemu@rauhassa.fi<\/a><\/p>\n\n\t\t\t\t<h2>Toimipisteet<\/h2><div class=\"info-page-location-list\"><div class=\"info-page-location\"><h3>Hyvinvointipalvelut Rauhassa<\/h3><p>Kaskitie 9, 17800 Pirkanmaa<\/p><p><p><a href=\"https:\/\/www.google.com\/maps\/search\/?api=1&query=Google&query_place_id=EiRLYXNraXRpZSA5LCAxNzgwMCBLdWhtb2luZW4sIEZpbmxhbmQiMBIuChQKEgkDEm7iaqOPRhEqrIqcH1KoNxAJKhQKEgkDEm7iaqOPRhHaStMvnpn8mw\">Katso sijainti kartalla <span>&#8599;<\/span><\/a><\/p><\/p><p><\/p><\/div><div class=\"info-page-location\"><h3><\/h3><p><\/p><p><\/p><\/div><\/div>\t\t\t<\/div>\n\n\t\t\t<div class=\"wp-block-column\">\n\t\t\t\t<figure class=\"wp-block-image size-large\"><img loading=\"lazy\" decoding=\"async\" width=\"768\" height=\"569\" src=\"https:\/\/marketplace.epassi.fi\/rauhassa\/wp-content\/uploads\/sites\/200\/2021\/12\/IMG_20211214_105838-768x569.jpg\" class=\"attachment-medium_large size-medium_large\" alt=\"\" \/><\/figure>\n\t\t\t<\/div>\n\t\t<\/div>\n\t<\/div>\n\t\n","protected":false},"excerpt":{"rendered":"","protected":false},"author":2,"featured_media":0,"parent":0,"menu_order":0,"comment_status":"closed","ping_status":"closed","template":"","meta":{"_acf_changed":false,"_kad_post_transparent":"","_kad_post_title":"","_kad_post_layout":"","_kad_post_sidebar_id":"","_kad_post_content_style":"","_kad_post_vertical_padding":"","_kad_post_feature":"","_kad_post_feature_position":"","_kad_post_header":false,"_kad_post_footer":false,"_kad_post_classname":"","footnotes":""},"class_list":["post-22","page","type-page","status-publish","hentry"],"acf":[],"_links":{"self":[{"href":"https:\/\/marketplace.epassi.fi\/rauhassa\/wp-json\/wp\/v2\/pages\/22","targetHints":{"allow":["GET"]}}],"collection":[{"href":"https:\/\/marketplace.epassi.fi\/rauhassa\/wp-json\/wp\/v2\/pages"}],"about":[{"href":"https:\/\/marketplace.epassi.fi\/rauhassa\/wp-json\/wp\/v2\/types\/page"}],"author":[{"embeddable":true,"href":"https:\/\/marketplace.epassi.fi\/rauhassa\/wp-json\/wp\/v2\/users\/2"}],"replies":[{"embeddable":true,"href":"https:\/\/marketplace.epassi.fi\/rauhassa\/wp-json\/wp\/v2\/comments?post=22"}],"version-history":[{"count":10,"href":"https:\/\/marketplace.epassi.fi\/rauhassa\/wp-json\/wp\/v2\/pages\/22\/revisions"}],"predecessor-version":[{"id":264,"href":"https:\/\/marketplace.epassi.fi\/rauhassa\/wp-json\/wp\/v2\/pages\/22\/revisions\/264"}],"wp:attachment":[{"href":"https:\/\/marketplace.epassi.fi\/rauhassa\/wp-json\/wp\/v2\/media?parent=22"}],"curies":[{"name":"wp","href":"https:\/\/api.w.org\/{rel}","templated":true}]}}