{"id":290,"date":"2021-10-20T17:09:46","date_gmt":"2021-10-20T14:09:46","guid":{"rendered":"https:\/\/marketplace.epassi.fi\/rauhassa\/?post_type=product&#038;p=290"},"modified":"2025-10-30T15:26:47","modified_gmt":"2025-10-30T13:26:47","slug":"klassinen-hieronta-60min","status":"publish","type":"product","link":"https:\/\/marketplace.epassi.fi\/rauhassa\/kauppa\/hyvinvointi\/hieronta\/klassinen-hieronta-60min\/","title":{"rendered":"Klassinen hieronta 60min"},"content":{"rendered":"<p>Hieronta on ikiaikainen hoitomuoto, joka tutkitusti vilkastuttaa verenkiertoa, aineenvaihduntaa ja kuona-aineiden poistumista. Lihasten rentoutumisen ja paremman liikkuvuuden ohella hieronta rauhoittaa ja rentouttaa mielt\u00e4. Saat uutta energiaa ja kehoosi luonnollista tasapainoa. Lis\u00e4ksi hieronnalla voi ehk\u00e4ist\u00e4 kehon j\u00e4nnitystiloja ja lihasten kipeytymist\u00e4. Hieronta on erinomainen keino my\u00f6s ennaltaehk\u00e4ist\u00e4 kehon j\u00e4nnitystiloja ja lihasten kipeytymist\u00e4.<\/p>\n<p>K\u00e4yt\u00e4mme vain luonnollisia \u00f6ljyj\u00e4, yrtein tai ilman, valintasi mukaan.<\/p>\n","protected":false},"excerpt":{"rendered":"<p>Rennosti muokkaavaa klassista hierontaa ammattilaisen ottein. Voimassa 31.1.2023 asti.<\/p>\n","protected":false},"featured_media":393,"comment_status":"open","ping_status":"closed","template":"","meta":{"_acf_changed":false,"_kad_post_transparent":"default","_kad_post_title":"","_kad_post_layout":"default","_kad_post_sidebar_id":"","_kad_post_content_style":"default","_kad_post_vertical_padding":"default","_kad_post_feature":"","_kad_post_feature_position":"","_kad_post_header":false,"_kad_post_footer":false,"_kad_post_classname":""},"product_brand":[],"product_cat":[31,21],"product_tag":[],"class_list":{"0":"post-290","1":"product","2":"type-product","3":"status-publish","4":"has-post-thumbnail","6":"product_cat-hieronta","7":"product_cat-hyvinvointi","9":"first","10":"instock","11":"virtual","12":"purchasable","13":"product-type-simple","14":"entry","15":"content-bg","16":"loop-entry"},"acf":[],"_links":{"self":[{"href":"https:\/\/marketplace.epassi.fi\/rauhassa\/wp-json\/wp\/v2\/product\/290","targetHints":{"allow":["GET"]}}],"collection":[{"href":"https:\/\/marketplace.epassi.fi\/rauhassa\/wp-json\/wp\/v2\/product"}],"about":[{"href":"https:\/\/marketplace.epassi.fi\/rauhassa\/wp-json\/wp\/v2\/types\/product"}],"replies":[{"embeddable":true,"href":"https:\/\/marketplace.epassi.fi\/rauhassa\/wp-json\/wp\/v2\/comments?post=290"}],"wp:featuredmedia":[{"embeddable":true,"href":"https:\/\/marketplace.epassi.fi\/rauhassa\/wp-json\/wp\/v2\/media\/393"}],"wp:attachment":[{"href":"https:\/\/marketplace.epassi.fi\/rauhassa\/wp-json\/wp\/v2\/media?parent=290"}],"wp:term":[{"taxonomy":"product_brand","embeddable":true,"href":"https:\/\/marketplace.epassi.fi\/rauhassa\/wp-json\/wp\/v2\/product_brand?post=290"},{"taxonomy":"product_cat","embeddable":true,"href":"https:\/\/marketplace.epassi.fi\/rauhassa\/wp-json\/wp\/v2\/product_cat?post=290"},{"taxonomy":"product_tag","embeddable":true,"href":"https:\/\/marketplace.epassi.fi\/rauhassa\/wp-json\/wp\/v2\/product_tag?post=290"}],"curies":[{"name":"wp","href":"https:\/\/api.w.org\/{rel}","templated":true}]}}