{"id":22,"date":"2021-09-13T17:45:59","date_gmt":"2021-09-13T17:45:59","guid":{"rendered":"https:\/\/marketplace.epassi.fi\/reijolan-fysioterapia\/?page_id=22"},"modified":"2021-10-12T10:57:35","modified_gmt":"2021-10-12T10:57:35","slug":"info","status":"publish","type":"page","link":"https:\/\/marketplace.epassi.fi\/reijolan-fysioterapia\/info\/","title":{"rendered":"Info"},"content":{"rendered":"\n\t<div class=\"entry-content single-content\">\n\n\t\t<div class=\"wp-block-columns\" style=\"gap:30px\">\n\t\t\t<div class=\"wp-block-column\">\n\t\t\t\t<h2>Reijolan Fysioterapia Joensuu<\/h2>\n\t\t\t\t<p><p>Vuodesta 2016 toiminut Reijolan Fysioterapia tarjoaa hieronta- ja fysioterapiapalveluita sek\u00e4 muita terveys- ja hyvinvointipalveluita Joensuussa. Haemme pitk\u00e4kestoisia ratkaisuja edist\u00e4\u00e4ksemme asiakkaidemme terveytt\u00e4 laajaan ammattitaitoon pohjautuvissa fysioterapia- ja hierontapalveluissamme. Kaikkiaan palvelumme on jaettu kuuteen p\u00e4\u00e4kategoriaan, jotka ovat: fysioterapia, hieronta, raskaushieronta, purentalihasten hieronta, el\u00e4m\u00e4ntapavalmennus, miesten lantiopohjan fysioterapia sek\u00e4 tukipohjalliset. Reijolan Fysioterapiasta voit hakea apua monenlaisiin vaivoihin, joita voivat olla esimerkiksi niska- ja hartiaseudun kivut tai alaraajojen kivut, kuten j\u00e4\u00e4tynyt olkap\u00e4\u00e4 tai juoksijan polvi. Leikkauksen j\u00e4lkeinen kuntoutus on erikoisalaamme.<\/p>\n<\/p>\n\t\t\t\t<h3>Reijolan Fysioterapia<\/h3>\n\t\t\t\t<p>Reijolantie 1<br>\n\t\t\t\t\t80330 Joensuu<\/p>\n\t\t\t\t<p><a href=\"tel:013871790\">013871790<\/a><\/p>\n\t\t\t\t<p><a href=\"mailto:teppo@reijolaft.fi\">teppo@reijolaft.fi<\/a><\/p>\n\n\t\t\t\t<h2>Toimipisteet<\/h2><div class=\"info-page-location-list\"><div class=\"info-page-location\"><h3>Reijolan Fysioterapia<\/h3><p>Reijolantie 1, 80330 Joensuu<\/p><p><a href=\"tel:013871790\">013871790<\/a><br><a href=\"mail:teppo@reijolaft.fi\">teppo@reijolaft.fi<\/a><p><a href=\"https:\/\/www.google.com\/maps\/search\/?api=1&query=Google&query_place_id=ChIJGbLV1j-Pm0YRN6zV9eQeIC0\">Katso sijainti kartalla <span>&#8599;<\/span><\/a><\/p><\/p><p>Meid\u00e4t l\u00f6yt\u00e4\u00e4 osoitteesta Reijolantie 1 Liikekeskuksesta.<\/p><\/div><\/div>\t\t\t<\/div>\n\n\t\t\t<div class=\"wp-block-column\">\n\t\t\t\t<figure class=\"wp-block-image size-large\"><img loading=\"lazy\" decoding=\"async\" width=\"768\" height=\"432\" src=\"https:\/\/marketplace.epassi.fi\/reijolan-fysioterapia\/wp-content\/uploads\/sites\/432\/2025\/06\/ReijolanFysio_FB_1920x1080-768x432.jpg\" class=\"attachment-medium_large size-medium_large\" alt=\"\" \/><\/figure>\n\t\t\t<\/div>\n\t\t<\/div>\n\t<\/div>\n\t\n","protected":false},"excerpt":{"rendered":"","protected":false},"author":2,"featured_media":0,"parent":0,"menu_order":0,"comment_status":"closed","ping_status":"closed","template":"","meta":{"_acf_changed":false,"_kad_post_transparent":"","_kad_post_title":"","_kad_post_layout":"","_kad_post_sidebar_id":"","_kad_post_content_style":"","_kad_post_vertical_padding":"","_kad_post_feature":"","_kad_post_feature_position":"","_kad_post_header":false,"_kad_post_footer":false,"_kad_post_classname":"","footnotes":""},"class_list":["post-22","page","type-page","status-publish","hentry"],"acf":[],"_links":{"self":[{"href":"https:\/\/marketplace.epassi.fi\/reijolan-fysioterapia\/wp-json\/wp\/v2\/pages\/22","targetHints":{"allow":["GET"]}}],"collection":[{"href":"https:\/\/marketplace.epassi.fi\/reijolan-fysioterapia\/wp-json\/wp\/v2\/pages"}],"about":[{"href":"https:\/\/marketplace.epassi.fi\/reijolan-fysioterapia\/wp-json\/wp\/v2\/types\/page"}],"author":[{"embeddable":true,"href":"https:\/\/marketplace.epassi.fi\/reijolan-fysioterapia\/wp-json\/wp\/v2\/users\/2"}],"replies":[{"embeddable":true,"href":"https:\/\/marketplace.epassi.fi\/reijolan-fysioterapia\/wp-json\/wp\/v2\/comments?post=22"}],"version-history":[{"count":10,"href":"https:\/\/marketplace.epassi.fi\/reijolan-fysioterapia\/wp-json\/wp\/v2\/pages\/22\/revisions"}],"predecessor-version":[{"id":264,"href":"https:\/\/marketplace.epassi.fi\/reijolan-fysioterapia\/wp-json\/wp\/v2\/pages\/22\/revisions\/264"}],"wp:attachment":[{"href":"https:\/\/marketplace.epassi.fi\/reijolan-fysioterapia\/wp-json\/wp\/v2\/media?parent=22"}],"curies":[{"name":"wp","href":"https:\/\/api.w.org\/{rel}","templated":true}]}}