{"id":274,"date":"2021-10-16T11:14:50","date_gmt":"2021-10-16T08:14:50","guid":{"rendered":"https:\/\/marketplace.epassi.fi\/rentoaika\/?post_type=product&#038;p=274"},"modified":"2025-10-30T13:42:12","modified_gmt":"2025-10-30T11:42:12","slug":"hieronta-60min","status":"publish","type":"product","link":"https:\/\/marketplace.epassi.fi\/rentoaika\/kauppa\/hyvinvointi\/hieronta\/hieronta-60min\/","title":{"rendered":"Hieronta 60min &#8211; kevyempi arki ilman lihaskireytt\u00e4"},"content":{"rendered":"<p><span style=\"font-family: var(--global-body-font-family);\">Napakkaa hierontaa rentouttavin ottein\u00a0 sis\u00e4lt\u00e4en\u00a0 tarpeesi mukaan faskiak\u00e4sittely\u00e4,triggerhoitoa,l\u00e4mp\u00f6hoitoa, MET-tekniikkaa ja mobilisointia.\u00a0<\/span><\/p>\n<p>60 minuutissa enn\u00e4tet\u00e4\u00e4n k\u00e4sitell\u00e4 vaikkapa selk\u00e4-niska-hartia- alue + k\u00e4det tai jalat\/alaselk\u00e4. Ajank\u00e4ytt\u00f6 kohdistetaan mahdolliselle ongelma-alueelle. Jos ei lihaskireyksi\u00e4 ole, voit aina tulla rentouttavaan hierontaan hemmottelmaan mielt\u00e4si ja kehoasi.<\/p>\n<p>AJANVARAUS OSOITTEESSA www.rentoaika.fi<\/p>\n","protected":false},"excerpt":{"rendered":"<p>60 minuutissa enn\u00e4tet\u00e4\u00e4n k\u00e4sitell\u00e4 vaikkapa selk\u00e4-niska-hartia- alue + k\u00e4det tai jalat\/alaselk\u00e4. Ajank\u00e4ytt\u00f6 kohdistetaan\u00a0 ongelma-alueelle.\u00a0 Ja\u00a0 vaikka lihaskireyksi\u00e4\u00a0 ei olisikaan, voit aina tulla rentouttavaan hierontaan hemmottelmaan mielt\u00e4si ja kehoasi.<\/p>\n<p>AJANVARAUS OSOITTEESSA www.rentoaika.fi<\/p>\n","protected":false},"featured_media":428,"comment_status":"open","ping_status":"closed","template":"","meta":{"_acf_changed":false,"_kad_post_transparent":"default","_kad_post_title":"","_kad_post_layout":"default","_kad_post_sidebar_id":"","_kad_post_content_style":"default","_kad_post_vertical_padding":"default","_kad_post_feature":"","_kad_post_feature_position":"","_kad_post_header":false,"_kad_post_footer":false,"_kad_post_classname":""},"product_brand":[],"product_cat":[31,21,15],"product_tag":[],"class_list":{"0":"post-274","1":"product","2":"type-product","3":"status-publish","4":"has-post-thumbnail","6":"product_cat-hieronta","7":"product_cat-hyvinvointi","8":"product_cat-yleinen","10":"first","11":"instock","12":"virtual","13":"purchasable","14":"product-type-simple","15":"entry","16":"content-bg","17":"loop-entry"},"acf":[],"_links":{"self":[{"href":"https:\/\/marketplace.epassi.fi\/rentoaika\/wp-json\/wp\/v2\/product\/274","targetHints":{"allow":["GET"]}}],"collection":[{"href":"https:\/\/marketplace.epassi.fi\/rentoaika\/wp-json\/wp\/v2\/product"}],"about":[{"href":"https:\/\/marketplace.epassi.fi\/rentoaika\/wp-json\/wp\/v2\/types\/product"}],"replies":[{"embeddable":true,"href":"https:\/\/marketplace.epassi.fi\/rentoaika\/wp-json\/wp\/v2\/comments?post=274"}],"wp:featuredmedia":[{"embeddable":true,"href":"https:\/\/marketplace.epassi.fi\/rentoaika\/wp-json\/wp\/v2\/media\/428"}],"wp:attachment":[{"href":"https:\/\/marketplace.epassi.fi\/rentoaika\/wp-json\/wp\/v2\/media?parent=274"}],"wp:term":[{"taxonomy":"product_brand","embeddable":true,"href":"https:\/\/marketplace.epassi.fi\/rentoaika\/wp-json\/wp\/v2\/product_brand?post=274"},{"taxonomy":"product_cat","embeddable":true,"href":"https:\/\/marketplace.epassi.fi\/rentoaika\/wp-json\/wp\/v2\/product_cat?post=274"},{"taxonomy":"product_tag","embeddable":true,"href":"https:\/\/marketplace.epassi.fi\/rentoaika\/wp-json\/wp\/v2\/product_tag?post=274"}],"curies":[{"name":"wp","href":"https:\/\/api.w.org\/{rel}","templated":true}]}}