{"id":282,"date":"2021-11-18T10:57:11","date_gmt":"2021-11-18T08:57:11","guid":{"rendered":"https:\/\/marketplace.epassi.fi\/rentoaika\/?post_type=product&#038;p=282"},"modified":"2025-10-30T13:42:05","modified_gmt":"2025-10-30T11:42:05","slug":"lahjakortti","status":"publish","type":"product","link":"https:\/\/marketplace.epassi.fi\/rentoaika\/kauppa\/hyvinvointi\/hieronta\/lahjakortti\/","title":{"rendered":"Vapaavalintainen summa hierontaan"},"content":{"rendered":"<p>Voit valita haluamasi summan 20-200 e v\u00e4lilt\u00e4. K\u00e4ytt\u00f6 samoin ehdoin kuin epassi\u00a0 ja eazybreak muutoinkin. Saat s\u00e4hk\u00f6postitse lahjakortin itsellesi.<\/p>\n<p>AJANVARAUS OSOITTEESSA www.rentoaika.fi<\/p>\n","protected":false},"excerpt":{"rendered":"<p>Voit valita haluamasi summan. k\u00e4ytt\u00f6 samoin ehdoin kuin epassi ja eazybreak\u00a0 muutoinkin. Voit t\u00e4t\u00e4 k\u00e4ytt\u00e4m\u00e4ll\u00e4 siirt\u00e4\u00e4 mahdollisesti umpeutumassa olevan saldon k\u00e4ytt\u00f6aikaa eteenp\u00e4in. Saat s\u00e4hk\u00f6postitse lahjakortin itsellesi parin p\u00e4iv\u00e4n kuluessa ostostasi.<\/p>\n<p>AJANVARAUS OSOITTEESSA www.rentoaika.fi<\/p>\n","protected":false},"featured_media":306,"comment_status":"open","ping_status":"closed","template":"","meta":{"_acf_changed":false,"_kad_post_transparent":"default","_kad_post_title":"","_kad_post_layout":"default","_kad_post_sidebar_id":"","_kad_post_content_style":"default","_kad_post_vertical_padding":"default","_kad_post_feature":"","_kad_post_feature_position":"","_kad_post_header":false,"_kad_post_footer":false,"_kad_post_classname":""},"product_brand":[],"product_cat":[31,21,15],"product_tag":[],"class_list":{"0":"post-282","1":"product","2":"type-product","3":"status-publish","4":"has-post-thumbnail","6":"product_cat-hieronta","7":"product_cat-hyvinvointi","8":"product_cat-yleinen","10":"first","11":"instock","12":"taxable","13":"shipping-taxable","14":"purchasable","15":"product-type-variable","16":"has-default-attributes","17":"entry","18":"content-bg","19":"loop-entry"},"acf":[],"_links":{"self":[{"href":"https:\/\/marketplace.epassi.fi\/rentoaika\/wp-json\/wp\/v2\/product\/282","targetHints":{"allow":["GET"]}}],"collection":[{"href":"https:\/\/marketplace.epassi.fi\/rentoaika\/wp-json\/wp\/v2\/product"}],"about":[{"href":"https:\/\/marketplace.epassi.fi\/rentoaika\/wp-json\/wp\/v2\/types\/product"}],"replies":[{"embeddable":true,"href":"https:\/\/marketplace.epassi.fi\/rentoaika\/wp-json\/wp\/v2\/comments?post=282"}],"wp:featuredmedia":[{"embeddable":true,"href":"https:\/\/marketplace.epassi.fi\/rentoaika\/wp-json\/wp\/v2\/media\/306"}],"wp:attachment":[{"href":"https:\/\/marketplace.epassi.fi\/rentoaika\/wp-json\/wp\/v2\/media?parent=282"}],"wp:term":[{"taxonomy":"product_brand","embeddable":true,"href":"https:\/\/marketplace.epassi.fi\/rentoaika\/wp-json\/wp\/v2\/product_brand?post=282"},{"taxonomy":"product_cat","embeddable":true,"href":"https:\/\/marketplace.epassi.fi\/rentoaika\/wp-json\/wp\/v2\/product_cat?post=282"},{"taxonomy":"product_tag","embeddable":true,"href":"https:\/\/marketplace.epassi.fi\/rentoaika\/wp-json\/wp\/v2\/product_tag?post=282"}],"curies":[{"name":"wp","href":"https:\/\/api.w.org\/{rel}","templated":true}]}}