{"id":290,"date":"2021-10-20T17:09:46","date_gmt":"2021-10-20T14:09:46","guid":{"rendered":"https:\/\/marketplace.epassi.fi\/rentoaika\/?post_type=product&#038;p=290"},"modified":"2025-10-30T13:42:08","modified_gmt":"2025-10-30T11:42:08","slug":"hieronta-90min","status":"publish","type":"product","link":"https:\/\/marketplace.epassi.fi\/rentoaika\/kauppa\/hyvinvointi\/hieronta\/hieronta-90min\/","title":{"rendered":"Hieronta 90min- rentoutta kehollesi ja mielellesi"},"content":{"rendered":"<p><span style=\"font-family: var(--global-body-font-family);\">Napakkaa hierontaa rentouttavin ottein\u00a0 sis\u00e4lt\u00e4en tarpeen mukaan faskiak\u00e4sittely\u00e4,triggerhoitoa,l\u00e4mp\u00f6hoitoa, MET-tekniikkaa ja mobilisointia. 90 minuutissa enn\u00e4tet\u00e4\u00e4n k\u00e4sitell\u00e4 laajempi kokonaisuus tai keskitty\u00e4 muutamaan ongelmakohtaan. Jos halutaan\u00a0 rentouttava hieronta, enn\u00e4tet\u00e4\u00e4n k\u00e4sitell\u00e4 koko kroppa.\u00a0<\/span><\/p>\n<p>AJANVARAUS OSOITTEESSA www.rentoaika.fi<\/p>\n","protected":false},"excerpt":{"rendered":"<p><span style=\"font-family: var(--global-body-font-family);\">90 minuutissa enn\u00e4tet\u00e4\u00e4n k\u00e4sitell\u00e4 rentouttavasti koko kroppa tai keskitty\u00e4 muutamaan ongelmakohtaan tarpeesi mukaan.<\/span><\/p>\n<ul>\n<li>Pys\u00e4yt\u00e4 hetkeksi kiireinen arki ja varaa aika omaan hyv\u00e4\u00e4n oloosi.<\/li>\n<\/ul>\n<p>AJANVARAUS OSOITTEESSA www.rentoaika.fi<\/p>\n<p>&nbsp;<\/p>\n","protected":false},"featured_media":429,"comment_status":"open","ping_status":"closed","template":"","meta":{"_acf_changed":false,"_kad_post_transparent":"default","_kad_post_title":"","_kad_post_layout":"default","_kad_post_sidebar_id":"","_kad_post_content_style":"default","_kad_post_vertical_padding":"default","_kad_post_feature":"","_kad_post_feature_position":"","_kad_post_header":false,"_kad_post_footer":false,"_kad_post_classname":""},"product_brand":[],"product_cat":[31,21,15],"product_tag":[],"class_list":{"0":"post-290","1":"product","2":"type-product","3":"status-publish","4":"has-post-thumbnail","6":"product_cat-hieronta","7":"product_cat-hyvinvointi","8":"product_cat-yleinen","10":"first","11":"instock","12":"virtual","13":"purchasable","14":"product-type-simple","15":"entry","16":"content-bg","17":"loop-entry"},"acf":[],"_links":{"self":[{"href":"https:\/\/marketplace.epassi.fi\/rentoaika\/wp-json\/wp\/v2\/product\/290","targetHints":{"allow":["GET"]}}],"collection":[{"href":"https:\/\/marketplace.epassi.fi\/rentoaika\/wp-json\/wp\/v2\/product"}],"about":[{"href":"https:\/\/marketplace.epassi.fi\/rentoaika\/wp-json\/wp\/v2\/types\/product"}],"replies":[{"embeddable":true,"href":"https:\/\/marketplace.epassi.fi\/rentoaika\/wp-json\/wp\/v2\/comments?post=290"}],"wp:featuredmedia":[{"embeddable":true,"href":"https:\/\/marketplace.epassi.fi\/rentoaika\/wp-json\/wp\/v2\/media\/429"}],"wp:attachment":[{"href":"https:\/\/marketplace.epassi.fi\/rentoaika\/wp-json\/wp\/v2\/media?parent=290"}],"wp:term":[{"taxonomy":"product_brand","embeddable":true,"href":"https:\/\/marketplace.epassi.fi\/rentoaika\/wp-json\/wp\/v2\/product_brand?post=290"},{"taxonomy":"product_cat","embeddable":true,"href":"https:\/\/marketplace.epassi.fi\/rentoaika\/wp-json\/wp\/v2\/product_cat?post=290"},{"taxonomy":"product_tag","embeddable":true,"href":"https:\/\/marketplace.epassi.fi\/rentoaika\/wp-json\/wp\/v2\/product_tag?post=290"}],"curies":[{"name":"wp","href":"https:\/\/api.w.org\/{rel}","templated":true}]}}