{"id":406,"date":"2022-12-17T07:18:15","date_gmt":"2022-12-17T05:18:15","guid":{"rendered":"https:\/\/marketplace.epassi.fi\/rentoaika\/?post_type=product&#038;p=406"},"modified":"2025-10-30T13:42:01","modified_gmt":"2025-10-30T11:42:01","slug":"niska-hartiahieronta-50min","status":"publish","type":"product","link":"https:\/\/marketplace.epassi.fi\/rentoaika\/kauppa\/hyvinvointi\/hieronta\/niska-hartiahieronta-50min\/","title":{"rendered":"Niska-hartiahieronta 50min"},"content":{"rendered":"<p>50min t\u00e4sm\u00e4hieronnat. Voit valita joko niska-hartia-, jalkojen- tai p\u00e4\u00e4nalueen hieronnan.\u00a0Napakkaa hierontaa rentouttavin ottein\u00a0 sis\u00e4lt\u00e4en tarpeen mukaan faskiak\u00e4sittely\u00e4,triggerhoitoa,l\u00e4mp\u00f6hoitoa, MET-tekniikkaa ja mobilisointia.<\/p>\n<p>T\u00e4sm\u00e4hieronta valintasi mukaiselle alueelle, hoitoon kuuluu halutessasi rentouttava l\u00e4mp\u00f6pakkaus. Ajanvarauksen yhteydess\u00e4 voit valita vaihtoehdoista sopivan.<\/p>\n<ul>\n<li>Hemmotteleva p\u00e4\u00e4hieronta, jossa k\u00e4sitell\u00e4\u00e4n kaulan ja p\u00e4\u00e4n alueen lihaksia ja faskioita<\/li>\n<li>T\u00e4sm\u00e4isku niska-hartiakireyksille vapauttaa mukavasti kiristykset lapojen v\u00e4list\u00e4 ja hartioilta<\/li>\n<li>K\u00e4det keveiksi lempe\u00e4ll\u00e4 hieronnalla, jossa k\u00e4sitell\u00e4\u00e4n k\u00e4det sormista hartioihin saakka<\/li>\n<li>Jalat joustaviksi lihas- ja faskiak\u00e4sittelyin<\/li>\n<\/ul>\n<p>AJANVARAUS OSOITTEESSA www.rentoaika.fi<\/p>\n","protected":false},"excerpt":{"rendered":"<p>T\u00e4sm\u00e4hieronta valintasi mukaiselle alueelle, hoitoon kuuluu halutessasi rentouttava l\u00e4mp\u00f6pakkaus. Ajanvaruksen yhteydess\u00e4 voit valita vaihtoehdoista sopivan.<\/p>\n<ul>\n<li>Hemmotteleva p\u00e4\u00e4hieronta<\/li>\n<li>T\u00e4sm\u00e4isku niska-hartiakireyksille<\/li>\n<li>K\u00e4det keveiksi<\/li>\n<li>Jalat joustaviksi<\/li>\n<\/ul>\n<p>AJANVARAUS OSOITTEESSA www.rentoaika.fi<\/p>\n","protected":false},"featured_media":427,"comment_status":"open","ping_status":"closed","template":"","meta":{"_acf_changed":false,"_kad_post_transparent":"default","_kad_post_title":"","_kad_post_layout":"default","_kad_post_sidebar_id":"","_kad_post_content_style":"default","_kad_post_vertical_padding":"default","_kad_post_feature":"","_kad_post_feature_position":"","_kad_post_header":false,"_kad_post_footer":false,"_kad_post_classname":""},"product_brand":[],"product_cat":[31,21,15],"product_tag":[],"class_list":{"0":"post-406","1":"product","2":"type-product","3":"status-publish","4":"has-post-thumbnail","6":"product_cat-hieronta","7":"product_cat-hyvinvointi","8":"product_cat-yleinen","10":"first","11":"instock","12":"virtual","13":"taxable","14":"purchasable","15":"product-type-simple","16":"entry","17":"content-bg","18":"loop-entry"},"acf":[],"_links":{"self":[{"href":"https:\/\/marketplace.epassi.fi\/rentoaika\/wp-json\/wp\/v2\/product\/406","targetHints":{"allow":["GET"]}}],"collection":[{"href":"https:\/\/marketplace.epassi.fi\/rentoaika\/wp-json\/wp\/v2\/product"}],"about":[{"href":"https:\/\/marketplace.epassi.fi\/rentoaika\/wp-json\/wp\/v2\/types\/product"}],"replies":[{"embeddable":true,"href":"https:\/\/marketplace.epassi.fi\/rentoaika\/wp-json\/wp\/v2\/comments?post=406"}],"wp:featuredmedia":[{"embeddable":true,"href":"https:\/\/marketplace.epassi.fi\/rentoaika\/wp-json\/wp\/v2\/media\/427"}],"wp:attachment":[{"href":"https:\/\/marketplace.epassi.fi\/rentoaika\/wp-json\/wp\/v2\/media?parent=406"}],"wp:term":[{"taxonomy":"product_brand","embeddable":true,"href":"https:\/\/marketplace.epassi.fi\/rentoaika\/wp-json\/wp\/v2\/product_brand?post=406"},{"taxonomy":"product_cat","embeddable":true,"href":"https:\/\/marketplace.epassi.fi\/rentoaika\/wp-json\/wp\/v2\/product_cat?post=406"},{"taxonomy":"product_tag","embeddable":true,"href":"https:\/\/marketplace.epassi.fi\/rentoaika\/wp-json\/wp\/v2\/product_tag?post=406"}],"curies":[{"name":"wp","href":"https:\/\/api.w.org\/{rel}","templated":true}]}}