{"id":67,"date":"2021-09-13T18:36:17","date_gmt":"2021-09-13T18:36:17","guid":{"rendered":"https:\/\/marketplace.epassi.fi\/rentoaika\/?post_type=product&#038;p=67"},"modified":"2025-10-30T13:42:23","modified_gmt":"2025-10-30T11:42:23","slug":"hieronta-45min","status":"publish","type":"product","link":"https:\/\/marketplace.epassi.fi\/rentoaika\/kauppa\/hyvinvointi\/hieronta\/hieronta-45min\/","title":{"rendered":"Hieronta 45min &#8211; heng\u00e4hd\u00e4 hetkeksi"},"content":{"rendered":"<p><span style=\"font-family: var(--global-body-font-family);\">Napakkaa hierontaa rentouttavin ottein\u00a0 sis\u00e4lt\u00e4en tarpeesi mukaan faskiak\u00e4sittely\u00e4,triggerhoitoa,l\u00e4mp\u00f6hoitoa, MET-tekniikkaa ja mobilisointia.\u00a0<\/span><\/p>\n<p>Ajank\u00e4ytt\u00f6 kohdistetaan tarpeesi mukaan ongelma-alueelle. Jos ei lihaskireyksi\u00e4 ole, voit aina tulla rentouttavaan hierontaan hemmottelmaan mielt\u00e4si ja kehoasi.<\/p>\n<p>AJANVARAUS OSOITTEESSA www.rentoaika.fi<\/p>\n","protected":false},"excerpt":{"rendered":"<p><span style=\"font-family: var(--global-body-font-family);\">Napakkaa hierontaa rentouttavin ottein\u00a0 sis\u00e4lt\u00e4en tarpeesi mukaan faskiak\u00e4sittely\u00e4,triggerhoitoa,l\u00e4mp\u00f6hoitoa, MET-tekniikkaa ja mobilisointia.\u00a0<\/span><\/p>\n<p>Ajank\u00e4ytt\u00f6 kohdistetaan tarpeesi mukaan ongelma-alueelle. Jos ei lihaskireyksi\u00e4 ole, voit aina tulla rentouttavaan hierontaan hemmottelmaan mielt\u00e4si ja kehoasi.<\/p>\n<p>AJANVARAUS OSOITTEESSA www.rentoaika.fi<\/p>\n<p>&nbsp;<\/p>\n","protected":false},"featured_media":408,"comment_status":"open","ping_status":"closed","template":"","meta":{"_acf_changed":false,"_kad_post_transparent":"default","_kad_post_title":"","_kad_post_layout":"default","_kad_post_sidebar_id":"","_kad_post_content_style":"default","_kad_post_vertical_padding":"default","_kad_post_feature":"","_kad_post_feature_position":"","_kad_post_header":false,"_kad_post_footer":false,"_kad_post_classname":""},"product_brand":[],"product_cat":[31,21,15],"product_tag":[],"class_list":{"0":"post-67","1":"product","2":"type-product","3":"status-publish","4":"has-post-thumbnail","6":"product_cat-hieronta","7":"product_cat-hyvinvointi","8":"product_cat-yleinen","10":"first","11":"instock","12":"virtual","13":"purchasable","14":"product-type-simple","15":"entry","16":"content-bg","17":"loop-entry"},"acf":[],"_links":{"self":[{"href":"https:\/\/marketplace.epassi.fi\/rentoaika\/wp-json\/wp\/v2\/product\/67","targetHints":{"allow":["GET"]}}],"collection":[{"href":"https:\/\/marketplace.epassi.fi\/rentoaika\/wp-json\/wp\/v2\/product"}],"about":[{"href":"https:\/\/marketplace.epassi.fi\/rentoaika\/wp-json\/wp\/v2\/types\/product"}],"replies":[{"embeddable":true,"href":"https:\/\/marketplace.epassi.fi\/rentoaika\/wp-json\/wp\/v2\/comments?post=67"}],"wp:featuredmedia":[{"embeddable":true,"href":"https:\/\/marketplace.epassi.fi\/rentoaika\/wp-json\/wp\/v2\/media\/408"}],"wp:attachment":[{"href":"https:\/\/marketplace.epassi.fi\/rentoaika\/wp-json\/wp\/v2\/media?parent=67"}],"wp:term":[{"taxonomy":"product_brand","embeddable":true,"href":"https:\/\/marketplace.epassi.fi\/rentoaika\/wp-json\/wp\/v2\/product_brand?post=67"},{"taxonomy":"product_cat","embeddable":true,"href":"https:\/\/marketplace.epassi.fi\/rentoaika\/wp-json\/wp\/v2\/product_cat?post=67"},{"taxonomy":"product_tag","embeddable":true,"href":"https:\/\/marketplace.epassi.fi\/rentoaika\/wp-json\/wp\/v2\/product_tag?post=67"}],"curies":[{"name":"wp","href":"https:\/\/api.w.org\/{rel}","templated":true}]}}