{"id":4154,"date":"2024-07-19T14:51:07","date_gmt":"2024-07-19T11:51:07","guid":{"rendered":"https:\/\/marketplace.epassi.fi\/rukakeskus\/?post_type=product&#038;p=4154"},"modified":"2026-01-01T05:01:58","modified_gmt":"2026-01-01T03:01:58","slug":"kausikortti-rukapyha-talvi-2024-2025","status":"publish","type":"product","link":"https:\/\/marketplace.epassi.fi\/rukakeskus\/kauppa\/liikuntaedut\/hiihtokeskus\/kausikortti-rukapyha-talvi-2024-2025\/","title":{"rendered":"Kausikortti Ruka+Pyh\u00e4 talvi 2025-2026"},"content":{"rendered":"<p>Kausikortti on voimassa Rukalla 3.10.2025-3.5.2026 ja Pyh\u00e4ll\u00e4 kauden avaustavoitteesta 21.11.2025 kauden loppuun asti. Kaikki kausikortit on k\u00e4yt\u00e4v\u00e4 aktivoimassa Rukan lipunmyyntipisteess\u00e4 ennen rinteelle suuntaamista. Kausikortit ovat henkil\u00f6kohtaisia.<\/p>\n<p>Kausikortti tulee aktivoida Keycardille Pisteen, Valleyn tai Vuosselinportin lipunmyynniss\u00e4 ennen rinteille saapumista. KeyCard ei sis\u00e4lly hissilipun hintaan. Mik\u00e4li omistat SkiDatan KeyCardin jossa numerosarja alkaa 01 tai 30, ja jolle haluat kausikortin ladata, ota se mukaasi lipunmyyntipisteeseen kausikorttia aktivoidessasi. KeyCardin voi my\u00f6s ostaa lipunmyyntipisteest\u00e4 erillishintaan 8\u20ac. Liikuntaedulla maksettu hissilippu on henkil\u00f6kohtainen ja henkil\u00f6llisyys tarkistetaan hissilippua noudettaessa. Varaudu my\u00f6s esitt\u00e4m\u00e4\u00e4n kuitti ostoksestasi. Pid\u00e4t\u00e4mme oikeuden hinnanmuutoksiin.<\/p>\n<ul>\n<li>PisteVuokraamo: Rukankyl\u00e4ntie 17, 93830 Rukatunturi. pistevuokraamo@ruka.fi<\/li>\n<li>Valleyvuokraamo: Bistrotie 2, 93830 Rukatunturi. valleyvuokraamo@ruka.fi<\/li>\n<li>Vuosselinportti: Jussinkuja 6, 93830 Rukatunturi, vuosselinportti@ruka.fi<\/li>\n<\/ul>\n<p>Ruka-Pyh\u00e4 kausikortti on voimassa molemmissa tuntureissa, mutta kausikortti on k\u00e4yt\u00e4v\u00e4 aktivoimassa siin\u00e4 tunturissa mink\u00e4 verkkokaupasta kausikortti on ostettu.<\/p>\n","protected":false},"excerpt":{"rendered":"<p><strong>Hy\u00f6dynn\u00e4 etu ja osta Ruka+Pyh\u00e4 kausikortti alennettuun hintaan kun ostat sen 15.12.2025 menness\u00e4! (Normaalihinta aikuisille 612\u20ac.)<\/strong> Laske yli 200 p\u00e4iv\u00e4\u00e4 kaudessa! Ruka-Pyh\u00e4 kausikortilla p\u00e4\u00e4set nauttimaan laskuista molemmissa tuntureissa koko pitk\u00e4n kauden ajan.<\/p>\n","protected":false},"featured_media":6544,"comment_status":"open","ping_status":"closed","template":"","meta":{"_acf_changed":false,"_kad_post_transparent":"default","_kad_post_title":"","_kad_post_layout":"default","_kad_post_sidebar_id":"","_kad_post_content_style":"default","_kad_post_vertical_padding":"default","_kad_post_feature":"","_kad_post_feature_position":"","_kad_post_header":false,"_kad_post_footer":false,"_kad_post_classname":""},"product_brand":[],"product_cat":[24,19],"product_tag":[],"class_list":{"0":"post-4154","1":"product","2":"type-product","3":"status-publish","4":"has-post-thumbnail","6":"product_cat-hiihtokeskus","7":"product_cat-liikuntaedut","9":"first","10":"instock","11":"sold-individually","12":"taxable","13":"shipping-taxable","14":"purchasable","15":"product-type-simple","16":"entry","17":"content-bg","18":"loop-entry"},"acf":[],"_links":{"self":[{"href":"https:\/\/marketplace.epassi.fi\/rukakeskus\/wp-json\/wp\/v2\/product\/4154","targetHints":{"allow":["GET"]}}],"collection":[{"href":"https:\/\/marketplace.epassi.fi\/rukakeskus\/wp-json\/wp\/v2\/product"}],"about":[{"href":"https:\/\/marketplace.epassi.fi\/rukakeskus\/wp-json\/wp\/v2\/types\/product"}],"replies":[{"embeddable":true,"href":"https:\/\/marketplace.epassi.fi\/rukakeskus\/wp-json\/wp\/v2\/comments?post=4154"}],"wp:featuredmedia":[{"embeddable":true,"href":"https:\/\/marketplace.epassi.fi\/rukakeskus\/wp-json\/wp\/v2\/media\/6544"}],"wp:attachment":[{"href":"https:\/\/marketplace.epassi.fi\/rukakeskus\/wp-json\/wp\/v2\/media?parent=4154"}],"wp:term":[{"taxonomy":"product_brand","embeddable":true,"href":"https:\/\/marketplace.epassi.fi\/rukakeskus\/wp-json\/wp\/v2\/product_brand?post=4154"},{"taxonomy":"product_cat","embeddable":true,"href":"https:\/\/marketplace.epassi.fi\/rukakeskus\/wp-json\/wp\/v2\/product_cat?post=4154"},{"taxonomy":"product_tag","embeddable":true,"href":"https:\/\/marketplace.epassi.fi\/rukakeskus\/wp-json\/wp\/v2\/product_tag?post=4154"}],"curies":[{"name":"wp","href":"https:\/\/api.w.org\/{rel}","templated":true}]}}