{"id":538,"date":"2022-12-20T13:42:37","date_gmt":"2022-12-20T11:42:37","guid":{"rendered":"https:\/\/marketplace.epassi.fi\/rukakeskus\/?post_type=product&#038;p=538"},"modified":"2026-04-15T13:23:36","modified_gmt":"2026-04-15T10:23:36","slug":"aikaisen-ostajan-etu-ruka-bike-park-kausikortti-kesa-2023","status":"publish","type":"product","link":"https:\/\/marketplace.epassi.fi\/rukakeskus\/kauppa\/liikuntaedut\/hiihtokeskus\/aikaisen-ostajan-etu-ruka-bike-park-kausikortti-kesa-2023\/","title":{"rendered":"Ruka Bike Park kausikortti kes\u00e4 2026"},"content":{"rendered":"<p><b><strong class=\"_bold_1tncs_10\">Osta nyt kauden 2026 Ruka Bike Park kausikortti alennettuun ennakkohintaan 129\u20ac. <\/strong><\/b><b><strong class=\"_bold_1tncs_10\">Ennakkohinta voimassa 31.5.2026 asti.<\/strong><\/b> Normaalihinta aikuiset 236\u20ac.<\/p>\n<p dir=\"ltr\">Ruka Bike Park kausikortilla saat kes\u00e4kauden ajaksi rajattoman p\u00e4\u00e4syn py\u00f6r\u00e4hisseille niiden aukioloaikojen mukaisesti, sek\u00e4 p\u00e4\u00e4syn Rukan rinteille rakennettuihin hissipy\u00f6r\u00e4reitteihin. Kes\u00e4n 2026 avaustavoite on 11.6.2026 ja kausi jatkuu 20.9.2026 saakka. Kausikortti on henkil\u00f6kohtainen.<\/p>\n<p dir=\"ltr\">HUOM! Rukan Bike Park kausikortilla nautit my\u00f6s Pyh\u00e4tunturin upeasta <a title=\"\" href=\"https:\/\/www.pyha.fi\/fi\/tapahtumat\/pyha-flow-alamakipyorareitti\" rel=\"noreferrer\">Pyh\u00e4 Flow -alam\u00e4kipy\u00f6r\u00e4reitist\u00e4<\/a> koko Pyh\u00e4n kes\u00e4kauden eli 19.6.-20.9.2026.<\/p>\n<p>Kaikki kausikortit on k\u00e4yt\u00e4v\u00e4 aktivoimassa Pisteen lipunmyyntipisteess\u00e4 ennen ensimm\u00e4ist\u00e4 hissinousua. Kausikortti voidaan aktivoida olemassaolevalle Keycardille (Skidatan keycardit, jotka alkavat numeroilla 01 tai 30) tai keycardin voi my\u00f6s ostaa lipunmyyntipisteest\u00e4 erillishintaan.<\/p>\n<p>Liikuntaedulla maksettu hissilippu on henkil\u00f6kohtainen ja henkil\u00f6llisyys tarkistetaan hissilippua noudettaessa. Kausikortin nouto on mahdollista 11.6.2026 alkaen. Varaudu my\u00f6s esitt\u00e4m\u00e4\u00e4n kuitti ostoksestasi.<\/p>\n<p>PisteVuokraamo: Rukankyl\u00e4ntie 17, 93830 Rukatunturi. +358400101605, pistevuokraamo@ruka.fi<\/p>\n","protected":false},"excerpt":{"rendered":"<p><b><strong class=\"_bold_1tncs_10\">Osta nyt kauden 2026 Ruka Bike Park kausikortti alennettuun ennakkohintaan 129\u20ac. <\/strong><\/b><b><strong class=\"_bold_1tncs_10\">Ennakkohinta voimassa 31.5.2026 asti.<\/strong><\/b> Normaalihinta aikuiset 236\u20ac.<\/p>\n<p>Bike park kausikortilla saat kes\u00e4kauden ajaksi rajattoman p\u00e4\u00e4syn py\u00f6r\u00e4hisseille niiden aukioloaikojen mukaisesti, sek\u00e4 p\u00e4\u00e4syn Rukan rinteille rakennettuihin hissipy\u00f6r\u00e4reitteihin.<\/p>\n<p>Tutustu Ruka Bike Parkin reitteihin: <a href=\"https:\/\/www.ruka.fi\/fi\/bikepark\/reitit\" target=\"_blank\" rel=\"noopener\">https:\/\/www.ruka.fi\/fi\/bikepark\/reitit<\/a>.<\/p>\n","protected":false},"featured_media":7895,"comment_status":"open","ping_status":"closed","template":"","meta":{"_acf_changed":false,"_kad_post_transparent":"default","_kad_post_title":"","_kad_post_layout":"default","_kad_post_sidebar_id":"","_kad_post_content_style":"default","_kad_post_vertical_padding":"default","_kad_post_feature":"","_kad_post_feature_position":"","_kad_post_header":false,"_kad_post_footer":false,"_kad_post_classname":""},"product_brand":[],"product_cat":[24,19],"product_tag":[],"class_list":{"0":"post-538","1":"product","2":"type-product","3":"status-publish","4":"has-post-thumbnail","6":"product_cat-hiihtokeskus","7":"product_cat-liikuntaedut","9":"first","10":"instock","11":"sale","12":"virtual","13":"sold-individually","14":"taxable","15":"purchasable","16":"product-type-simple","17":"entry","18":"content-bg","19":"loop-entry"},"acf":[],"_links":{"self":[{"href":"https:\/\/marketplace.epassi.fi\/rukakeskus\/wp-json\/wp\/v2\/product\/538","targetHints":{"allow":["GET"]}}],"collection":[{"href":"https:\/\/marketplace.epassi.fi\/rukakeskus\/wp-json\/wp\/v2\/product"}],"about":[{"href":"https:\/\/marketplace.epassi.fi\/rukakeskus\/wp-json\/wp\/v2\/types\/product"}],"replies":[{"embeddable":true,"href":"https:\/\/marketplace.epassi.fi\/rukakeskus\/wp-json\/wp\/v2\/comments?post=538"}],"wp:featuredmedia":[{"embeddable":true,"href":"https:\/\/marketplace.epassi.fi\/rukakeskus\/wp-json\/wp\/v2\/media\/7895"}],"wp:attachment":[{"href":"https:\/\/marketplace.epassi.fi\/rukakeskus\/wp-json\/wp\/v2\/media?parent=538"}],"wp:term":[{"taxonomy":"product_brand","embeddable":true,"href":"https:\/\/marketplace.epassi.fi\/rukakeskus\/wp-json\/wp\/v2\/product_brand?post=538"},{"taxonomy":"product_cat","embeddable":true,"href":"https:\/\/marketplace.epassi.fi\/rukakeskus\/wp-json\/wp\/v2\/product_cat?post=538"},{"taxonomy":"product_tag","embeddable":true,"href":"https:\/\/marketplace.epassi.fi\/rukakeskus\/wp-json\/wp\/v2\/product_tag?post=538"}],"curies":[{"name":"wp","href":"https:\/\/api.w.org\/{rel}","templated":true}]}}