{"id":6558,"date":"2025-10-02T12:46:55","date_gmt":"2025-10-02T09:46:55","guid":{"rendered":"https:\/\/marketplace.epassi.fi\/rukakeskus\/?post_type=product&#038;p=6558"},"modified":"2026-01-19T16:10:56","modified_gmt":"2026-01-19T14:10:56","slug":"hissilippu-talvikausi-2025-2026","status":"publish","type":"product","link":"https:\/\/marketplace.epassi.fi\/rukakeskus\/kauppa\/liikuntaedut\/hiihtokeskus\/hissilippu-talvikausi-2025-2026\/","title":{"rendered":"Hissilippu talvikausi 2025-2026"},"content":{"rendered":"<p><b><strong class=\"_bold_1tncs_10\"><strong>Hissilippu tulee aktivoida Keycardille Pisteen, Valleyn tai Vuosselinportin lipunmyynniss\u00e4 ennen rinteille saapumista.<\/strong>\u00a0<\/strong><\/b><\/p>\n<p>KeyCard ei sis\u00e4lly hissilipun hintaan. Mik\u00e4li omistat SkiDatan KeyCardin jossa numerosarja alkaa 01 tai 30, ja jolle haluat hissilipun ladata, ota se mukaasi lipunmyyntipisteeseen hissilippua aktivoidessasi. KeyCardin voi my\u00f6s ostaa lipunmyyntipisteest\u00e4 erillishintaan 8\u20ac. Liikuntaedulla maksettu hissilippu on henkil\u00f6kohtainen ja henkil\u00f6llisyys tarkistetaan hissilippua noudettaessa. T\u00e4st\u00e4 syyst\u00e4 hissilippuja voi ostaa samalle ajankohdalle vain yhden kappaleen per asiakas. Varauduthan my\u00f6s esitt\u00e4m\u00e4\u00e4n kuitin ostoksestasi.<\/p>\n<p>Liikuntaetu on hy\u00f6dynnett\u00e4viss\u00e4 ainoastaan normaalihintaisiin tuotteisiin talvikauden 2025-2026 aikana. Pid\u00e4t\u00e4mme oikeuden hinnanmuutoksiin.<\/p>\n<p><em>Useamman p\u00e4iv\u00e4n hissiliput on k\u00e4ytett\u00e4v\u00e4 per\u00e4kk\u00e4isin\u00e4 p\u00e4ivin\u00e4, poikkeuksena\u00a0<strong>3\/4 -p\u00e4iv\u00e4n<\/strong>\u00a0hissilippu (3 vapaavalintaista hiihtop\u00e4iv\u00e4\u00e4 4 p\u00e4iv\u00e4n aikana)\u00a0ja\u00a0<strong>5\/7-p\u00e4iv\u00e4n<\/strong>\u00a0hissilippu (5 vapaavalintaista hiihtop\u00e4iv\u00e4\u00e4 7 p\u00e4iv\u00e4n aikana).<\/em><\/p>\n<ul>\n<li>PisteVuokraamo: Rukankyl\u00e4ntie 17, 93830 Rukatunturi. +358400101605, pistevuokraamo@ruka.fi<\/li>\n<li>Valleyvuokraamo: Bistrotie 2, 93830 Rukatunturi. +358505011931, valleyvuokraamo@ruka.fi<\/li>\n<li>Vuosselinportti: Jussinkuja 6, 93830 Rukatunturi, +358400101610, vuosselinportti@ruka.fi<\/li>\n<\/ul>\n","protected":false},"excerpt":{"rendered":"<p>Hy\u00f6dynn\u00e4 liikuntaetu: osta hissilippu ennakkoon ja <strong>nouda se vuokraamosta<\/strong>.<\/p>\n","protected":false},"featured_media":2128,"comment_status":"open","ping_status":"closed","template":"","meta":{"_acf_changed":false,"_kad_post_transparent":"default","_kad_post_title":"","_kad_post_layout":"default","_kad_post_sidebar_id":"","_kad_post_content_style":"default","_kad_post_vertical_padding":"default","_kad_post_feature":"","_kad_post_feature_position":"","_kad_post_header":false,"_kad_post_footer":false,"_kad_post_classname":""},"product_brand":[],"product_cat":[24,19],"product_tag":[],"class_list":{"0":"post-6558","1":"product","2":"type-product","3":"status-publish","4":"has-post-thumbnail","6":"product_cat-hiihtokeskus","7":"product_cat-liikuntaedut","9":"first","10":"instock","11":"sold-individually","12":"taxable","13":"shipping-taxable","14":"purchasable","15":"product-type-variable","16":"has-default-attributes","17":"entry","18":"content-bg","19":"loop-entry"},"acf":[],"_links":{"self":[{"href":"https:\/\/marketplace.epassi.fi\/rukakeskus\/wp-json\/wp\/v2\/product\/6558","targetHints":{"allow":["GET"]}}],"collection":[{"href":"https:\/\/marketplace.epassi.fi\/rukakeskus\/wp-json\/wp\/v2\/product"}],"about":[{"href":"https:\/\/marketplace.epassi.fi\/rukakeskus\/wp-json\/wp\/v2\/types\/product"}],"replies":[{"embeddable":true,"href":"https:\/\/marketplace.epassi.fi\/rukakeskus\/wp-json\/wp\/v2\/comments?post=6558"}],"wp:featuredmedia":[{"embeddable":true,"href":"https:\/\/marketplace.epassi.fi\/rukakeskus\/wp-json\/wp\/v2\/media\/2128"}],"wp:attachment":[{"href":"https:\/\/marketplace.epassi.fi\/rukakeskus\/wp-json\/wp\/v2\/media?parent=6558"}],"wp:term":[{"taxonomy":"product_brand","embeddable":true,"href":"https:\/\/marketplace.epassi.fi\/rukakeskus\/wp-json\/wp\/v2\/product_brand?post=6558"},{"taxonomy":"product_cat","embeddable":true,"href":"https:\/\/marketplace.epassi.fi\/rukakeskus\/wp-json\/wp\/v2\/product_cat?post=6558"},{"taxonomy":"product_tag","embeddable":true,"href":"https:\/\/marketplace.epassi.fi\/rukakeskus\/wp-json\/wp\/v2\/product_tag?post=6558"}],"curies":[{"name":"wp","href":"https:\/\/api.w.org\/{rel}","templated":true}]}}