{"id":334,"date":"2023-03-27T21:36:16","date_gmt":"2023-03-27T18:36:16","guid":{"rendered":"https:\/\/marketplace.epassi.fi\/ruokavalioneuvola\/?post_type=product&#038;p=334"},"modified":"2025-10-30T16:00:56","modified_gmt":"2025-10-30T14:00:56","slug":"yksittainen-ravitsemusterapiaohjaus-jatkokaynti-30-min","status":"publish","type":"product","link":"https:\/\/marketplace.epassi.fi\/ruokavalioneuvola\/kauppa\/hyvinvointi\/yksittainen-ravitsemusterapiaohjaus-jatkokaynti-30-min\/","title":{"rendered":"Yksitt\u00e4inen ravitsemusterapiaohjaus (jatkok\u00e4ynti 30 min)"},"content":{"rendered":"<p class=\"font_7\"><span class=\"color_15\">Ruokavalioneuvolan ravitsemusterapiaohjauksessa pureudutaan sinun sy\u00f6miseesi ja terveyteesi vaikuttaviin asioihin. Ohjauksessa k\u00e4ymme l\u00e4pi ruokavaliotasi sek\u00e4 terveydentilaasi ja mietimme yhdess\u00e4 ravitsemukselliset ratkaisut pulmiisi. Yksitt\u00e4inen 30 minuutin jatkok\u00e4ynti on tarkoitettu odottajille, jotka ovat k\u00e4yneet Ruokavalioneuvolassa jo aiemmin. 30 minuutin jatko-ohjauksen j\u00e4lkeen saat s\u00e4hk\u00f6postiisi yhteenvedon ja materiaalit, joita ohjauksessa k\u00e4vimme l\u00e4pi.<\/span><\/p>\n<p>Lis\u00e4tietoja Ruokavalioneuvolan palveluista: https:\/\/www.raskausjaruokavalio.fi\/ruokavalioneuvola<\/p>\n<p>Avainsanat: raskaus, raskausaika, \u00e4itiys, odotus, neuvola, ravitsemus, ruokavalio, ravitsemusterapia, ravitsemusterapeutti<\/p>\n","protected":false},"excerpt":{"rendered":"<p class=\"font_7\"><span class=\"color_15\">Ruokavalioneuvolan yksitt\u00e4inen ohjaus\u00a0on sinulle, joka haluat nauttia raskaudestasi hyvinvoivana ja samalla huolehtia vauvasi kehityksest\u00e4. Haluat voida hyvin kehossasi ja\u00a0<\/span><span class=\"color_15\">ottaa katsauksen ruokavalioosi ja terveyteesi yhdess\u00e4 ammattilaisen kanssa.<\/span><\/p>\n<p class=\"font_7\"><span class=\"color_15\">Yksitt\u00e4inen ohjaus sis\u00e4lt\u00e4\u00e4:\u200b<\/span><\/p>\n<ul>\n<li class=\"font_7\"><span class=\"color_15\">30 min ravitsemusterapiaohjaus<\/span><\/li>\n<li class=\"font_7\"><span class=\"color_15\">Kirjallinen yhteenveto ohjauskerrasta<\/span><\/li>\n<li class=\"font_7\">Kirjallinen jatkomateriaali<\/li>\n<\/ul>\n","protected":false},"featured_media":333,"comment_status":"open","ping_status":"closed","template":"","meta":{"_acf_changed":false,"_kad_post_transparent":"default","_kad_post_title":"","_kad_post_layout":"default","_kad_post_sidebar_id":"","_kad_post_content_style":"default","_kad_post_vertical_padding":"default","_kad_post_feature":"","_kad_post_feature_position":"","_kad_post_header":false,"_kad_post_footer":false,"_kad_post_classname":""},"product_brand":[],"product_cat":[21],"product_tag":[],"class_list":{"0":"post-334","1":"product","2":"type-product","3":"status-publish","4":"has-post-thumbnail","6":"product_cat-hyvinvointi","8":"first","9":"instock","10":"virtual","11":"taxable","12":"purchasable","13":"product-type-simple","14":"entry","15":"content-bg","16":"loop-entry"},"acf":[],"_links":{"self":[{"href":"https:\/\/marketplace.epassi.fi\/ruokavalioneuvola\/wp-json\/wp\/v2\/product\/334","targetHints":{"allow":["GET"]}}],"collection":[{"href":"https:\/\/marketplace.epassi.fi\/ruokavalioneuvola\/wp-json\/wp\/v2\/product"}],"about":[{"href":"https:\/\/marketplace.epassi.fi\/ruokavalioneuvola\/wp-json\/wp\/v2\/types\/product"}],"replies":[{"embeddable":true,"href":"https:\/\/marketplace.epassi.fi\/ruokavalioneuvola\/wp-json\/wp\/v2\/comments?post=334"}],"wp:featuredmedia":[{"embeddable":true,"href":"https:\/\/marketplace.epassi.fi\/ruokavalioneuvola\/wp-json\/wp\/v2\/media\/333"}],"wp:attachment":[{"href":"https:\/\/marketplace.epassi.fi\/ruokavalioneuvola\/wp-json\/wp\/v2\/media?parent=334"}],"wp:term":[{"taxonomy":"product_brand","embeddable":true,"href":"https:\/\/marketplace.epassi.fi\/ruokavalioneuvola\/wp-json\/wp\/v2\/product_brand?post=334"},{"taxonomy":"product_cat","embeddable":true,"href":"https:\/\/marketplace.epassi.fi\/ruokavalioneuvola\/wp-json\/wp\/v2\/product_cat?post=334"},{"taxonomy":"product_tag","embeddable":true,"href":"https:\/\/marketplace.epassi.fi\/ruokavalioneuvola\/wp-json\/wp\/v2\/product_tag?post=334"}],"curies":[{"name":"wp","href":"https:\/\/api.w.org\/{rel}","templated":true}]}}