{"id":335,"date":"2023-03-27T21:39:11","date_gmt":"2023-03-27T18:39:11","guid":{"rendered":"https:\/\/marketplace.epassi.fi\/ruokavalioneuvola\/?post_type=product&#038;p=335"},"modified":"2025-10-30T16:00:53","modified_gmt":"2025-10-30T14:00:53","slug":"raskausajan-ravitsemusterapiaa-peruspaketti-3-x-60-min","status":"publish","type":"product","link":"https:\/\/marketplace.epassi.fi\/ruokavalioneuvola\/kauppa\/hyvinvointi\/raskausajan-ravitsemusterapiaa-peruspaketti-3-x-60-min\/","title":{"rendered":"Raskausajan ravitsemusterapiaa: Peruspaketti (3 x 60 min)"},"content":{"rendered":"<p class=\"font_7\"><span class=\"color_15\">Ruokavalioneuvolan ravitsemusterapiaohjauksessa pureudutaan sinun sy\u00f6miseesi ja terveyteesi vaikuttaviin asioihin. Ohjauksessa k\u00e4ymme l\u00e4pi ruokavaliotasi sek\u00e4 terveydentilaasi ja mietimme yhdess\u00e4 ravitsemukselliset ratkaisut pulmiisi. Yksitt\u00e4inen ohjauskerta kest\u00e4\u00e4 60 min, jotta ehdimme k\u00e4yd\u00e4 tilanteesi mahdollisimman kokonaisvaltaisesti l\u00e4pi. Ohjauksen j\u00e4lkeen saat s\u00e4hk\u00f6postiisi yhteenvedon ja materiaalit, joita ohjauksessa k\u00e4vimme l\u00e4pi.<\/span><\/p>\n<p>Lis\u00e4tietoja Ruokavalioneuvolan palveluista: https:\/\/www.raskausjaruokavalio.fi\/ruokavalioneuvola<\/p>\n<p>Avainsanat: raskaus, raskausaika, \u00e4itiys, odotus, neuvola, ravitsemus, ruokavalio, ravitsemusterapia, ravitsemusterapeutti<\/p>\n","protected":false},"excerpt":{"rendered":"<div id=\"comp-l5kwp90b\" class=\"KcpHeO tz5f0K comp-l5kwp90b wixui-rich-text\" data-testid=\"richTextElement\">\n<p class=\"font_7\"><span class=\"color_15\">Ruokavalioneuvolan Peruspaketti\u00a0on sinulle, joka haluat kasvattaa omaa hyvinvointiasi ja huolehtia samalla vauvasi kehityksest\u00e4<\/span><span class=\"color_15\">. Haluat voida paremmin kehossasi, satsata aiempaa enemm\u00e4n ravitsemukseesi, ja hakea t\u00e4t\u00e4 muutosta lempe\u00e4sti ja stressitt\u00f6m\u00e4sti ammattilaisen ohjauksessa.<\/span><\/p>\n<\/div>\n<div id=\"comp-ld72ln97\" class=\"hFQZVn comp-ld72ln97 wixui-box\"><\/div>\n<p class=\"font_7\"><span class=\"color_15\">Peruspaketin sis\u00e4lt\u00f6:<\/span><\/p>\n<ul>\n<li class=\"font_7\"><span class=\"color_15\">60 min alkuohjaus<\/span><\/li>\n<li class=\"font_7\"><span class=\"color_15\">Seurantaohjausta yhteens\u00e4 120 min <\/span><span class=\"color_15\">(tilanteesi mukaan 4 x 30 min tai 2 x 60 min)<\/span><\/li>\n<li class=\"font_7\"><span class=\"color_15\">Kirjallinen yhteenveto ohjauskerroista<\/span><\/li>\n<li class=\"font_7\"><span class=\"color_15\">Kirjalliset jatkomateriaalit<\/span><\/li>\n<\/ul>\n","protected":false},"featured_media":333,"comment_status":"open","ping_status":"closed","template":"","meta":{"_acf_changed":false,"_kad_post_transparent":"default","_kad_post_title":"","_kad_post_layout":"default","_kad_post_sidebar_id":"","_kad_post_content_style":"default","_kad_post_vertical_padding":"default","_kad_post_feature":"","_kad_post_feature_position":"","_kad_post_header":false,"_kad_post_footer":false,"_kad_post_classname":""},"product_brand":[],"product_cat":[21],"product_tag":[],"class_list":{"0":"post-335","1":"product","2":"type-product","3":"status-publish","4":"has-post-thumbnail","6":"product_cat-hyvinvointi","8":"first","9":"instock","10":"virtual","11":"taxable","12":"purchasable","13":"product-type-simple","14":"entry","15":"content-bg","16":"loop-entry"},"acf":[],"_links":{"self":[{"href":"https:\/\/marketplace.epassi.fi\/ruokavalioneuvola\/wp-json\/wp\/v2\/product\/335","targetHints":{"allow":["GET"]}}],"collection":[{"href":"https:\/\/marketplace.epassi.fi\/ruokavalioneuvola\/wp-json\/wp\/v2\/product"}],"about":[{"href":"https:\/\/marketplace.epassi.fi\/ruokavalioneuvola\/wp-json\/wp\/v2\/types\/product"}],"replies":[{"embeddable":true,"href":"https:\/\/marketplace.epassi.fi\/ruokavalioneuvola\/wp-json\/wp\/v2\/comments?post=335"}],"wp:featuredmedia":[{"embeddable":true,"href":"https:\/\/marketplace.epassi.fi\/ruokavalioneuvola\/wp-json\/wp\/v2\/media\/333"}],"wp:attachment":[{"href":"https:\/\/marketplace.epassi.fi\/ruokavalioneuvola\/wp-json\/wp\/v2\/media?parent=335"}],"wp:term":[{"taxonomy":"product_brand","embeddable":true,"href":"https:\/\/marketplace.epassi.fi\/ruokavalioneuvola\/wp-json\/wp\/v2\/product_brand?post=335"},{"taxonomy":"product_cat","embeddable":true,"href":"https:\/\/marketplace.epassi.fi\/ruokavalioneuvola\/wp-json\/wp\/v2\/product_cat?post=335"},{"taxonomy":"product_tag","embeddable":true,"href":"https:\/\/marketplace.epassi.fi\/ruokavalioneuvola\/wp-json\/wp\/v2\/product_tag?post=335"}],"curies":[{"name":"wp","href":"https:\/\/api.w.org\/{rel}","templated":true}]}}