{"id":325,"date":"2022-10-17T15:43:47","date_gmt":"2022-10-17T12:43:47","guid":{"rendered":"https:\/\/marketplace.epassi.fi\/ruumishuone\/?post_type=product&#038;p=325"},"modified":"2024-09-01T00:07:38","modified_gmt":"2024-08-31T21:07:38","slug":"6-viikon-kuntosaliohjelma","status":"publish","type":"product","link":"https:\/\/marketplace.epassi.fi\/ruumishuone\/kauppa\/liikuntaedut\/kuntosali\/6-viikon-kuntosaliohjelma\/","title":{"rendered":"6 &#8211; Viikon Kuntosaliohjelma (Hierontakurssi kaupan p\u00e4\u00e4lle!)"},"content":{"rendered":"<p>Tarkemmat tiedot osoitteesta www.ruumishuone.fi<\/p>\n<p>Ruumishuoneen 6 viikon kuntosaliohjelma on aloittelijoilla tarkoitettu treeniohjelma. Ohjelman avulla voidaan kehitt\u00e4\u00e4 peruskuntoa ja voimatasoja kuntosaliharjoittelun avulla. Kuntosaliohjelma on kaksi jakoinen ja edellytt\u00e4\u00e4 2 &#8211; 3 kuntosalik\u00e4ynti\u00e4 viikossa.<\/p>\n<p>Kuntosaliohjelman ostaja saa kuntosaliohjelman\u00a0 PDF-tiedostona.<\/p>\n<p><strong>Kaupan p\u00e4\u00e4lle tulee kotihieronnan verkkokoulutus<\/strong>. Kotihieronnan verkkokoulutus ei ole henkil\u00f6kohtainen liikuntaetu, joten emme voi myyd\u00e4 sit\u00e4 erikseen e-passissa. Lis\u00e4tietoja kotihierontakoulutuksesta saat osoitteesta https:\/\/ruumishuone.fi\/products\/hierontakurssi. Koulutuksen avulla kotihieronnasta tulee vaivatonta hierojalle ja hierottavan saamat hy\u00f6dyt kasvavat merkitt\u00e4v\u00e4sti verrattuna normaaliin kotihierontaan.<\/p>\n","protected":false},"excerpt":{"rendered":"<p>6-Viikon Kuntosaliohjelma Aloittelijoille<\/p>\n","protected":false},"featured_media":321,"comment_status":"open","ping_status":"closed","template":"","meta":{"_acf_changed":false,"_kad_post_transparent":"default","_kad_post_title":"","_kad_post_layout":"default","_kad_post_sidebar_id":"","_kad_post_content_style":"default","_kad_post_vertical_padding":"default","_kad_post_feature":"","_kad_post_feature_position":"","_kad_post_header":false,"_kad_post_footer":false,"_kad_post_classname":""},"product_brand":[],"product_cat":[23,29,19,28],"product_tag":[],"class_list":{"0":"post-325","1":"product","2":"type-product","3":"status-publish","4":"has-post-thumbnail","6":"product_cat-kuntosali","7":"product_cat-liikunta-muut","8":"product_cat-liikuntaedut","9":"product_cat-verkkotreenit","11":"first","12":"instock","13":"virtual","14":"taxable","15":"purchasable","16":"product-type-simple","17":"entry","18":"content-bg","19":"loop-entry"},"acf":[],"_links":{"self":[{"href":"https:\/\/marketplace.epassi.fi\/ruumishuone\/wp-json\/wp\/v2\/product\/325","targetHints":{"allow":["GET"]}}],"collection":[{"href":"https:\/\/marketplace.epassi.fi\/ruumishuone\/wp-json\/wp\/v2\/product"}],"about":[{"href":"https:\/\/marketplace.epassi.fi\/ruumishuone\/wp-json\/wp\/v2\/types\/product"}],"replies":[{"embeddable":true,"href":"https:\/\/marketplace.epassi.fi\/ruumishuone\/wp-json\/wp\/v2\/comments?post=325"}],"wp:featuredmedia":[{"embeddable":true,"href":"https:\/\/marketplace.epassi.fi\/ruumishuone\/wp-json\/wp\/v2\/media\/321"}],"wp:attachment":[{"href":"https:\/\/marketplace.epassi.fi\/ruumishuone\/wp-json\/wp\/v2\/media?parent=325"}],"wp:term":[{"taxonomy":"product_brand","embeddable":true,"href":"https:\/\/marketplace.epassi.fi\/ruumishuone\/wp-json\/wp\/v2\/product_brand?post=325"},{"taxonomy":"product_cat","embeddable":true,"href":"https:\/\/marketplace.epassi.fi\/ruumishuone\/wp-json\/wp\/v2\/product_cat?post=325"},{"taxonomy":"product_tag","embeddable":true,"href":"https:\/\/marketplace.epassi.fi\/ruumishuone\/wp-json\/wp\/v2\/product_tag?post=325"}],"curies":[{"name":"wp","href":"https:\/\/api.w.org\/{rel}","templated":true}]}}