{"id":289,"date":"2021-10-20T17:08:34","date_gmt":"2021-10-20T17:08:34","guid":{"rendered":"https:\/\/marketplace.epassi.fi\/sahkis\/?post_type=product&#038;p=289"},"modified":"2024-09-01T00:08:16","modified_gmt":"2024-08-31T21:08:16","slug":"silverback-elite-al-2-taysjousto-emtb-3h","status":"publish","type":"product","link":"https:\/\/marketplace.epassi.fi\/sahkis\/kauppa\/liikuntaedut\/liikunta-muut\/silverback-elite-al-2-taysjousto-emtb-3h\/","title":{"rendered":"Silverback Elite AL 2- T\u00e4ysjousto eMTB (3h)"},"content":{"rendered":"<p>Eritt\u00e4in suorituskykyisen pitk\u00e4n matkan 29 tuuman eBike-py\u00f6r\u00e4 kevyell\u00e4 rungolla, joka tarjoaa tehokkaan alustan nousuissa ja muuttaa py\u00f6r\u00e4n sitten kilpailuvalmiiksi py\u00f6r\u00e4ksi jyrkiss\u00e4 laskuissa. Shimanon poljinavustusj\u00e4rjestelm\u00e4 helpottaa polkujen huipulle p\u00e4\u00e4semist\u00e4 ja s\u00e4\u00e4st\u00e4\u00e4 energiaa.<\/p>\n<h2 class=\"rbfw_muff_post_content_headline\">Ominaisuudet<\/h2>\n<ul>\n<li><i class=\"fas fa-bolt\"><\/i>Shimano EP8 -moottori<\/li>\n<li><i class=\"fas fa-battery-full\"><\/i>EnergyPak 720Wh akku<\/li>\n<li><i class=\"fab fa-chrome\"><\/i>Hydrauliset levyjarrut<\/li>\n<li><i class=\"fas fa-bicycle\"><\/i>2.6\u2033 leve\u00e4t -renkaat 29&#8243;<\/li>\n<\/ul>\n<h2>Ty\u00f6suhdepy\u00f6r\u00e4<\/h2>\n<p>T\u00e4m\u00e4 py\u00f6r\u00e4 on my\u00f6s mahdollista hankkia EpassiBIKE-py\u00f6r\u00e4etuna meid\u00e4n kautta.<\/p>\n","protected":false},"excerpt":{"rendered":"<p>Py\u00f6ri\u00e4 on saatavana M ja L kokoisena.<\/p>\n","protected":false},"featured_media":332,"comment_status":"open","ping_status":"closed","template":"","meta":{"_acf_changed":false,"_kad_post_transparent":"default","_kad_post_title":"","_kad_post_layout":"default","_kad_post_sidebar_id":"","_kad_post_content_style":"default","_kad_post_vertical_padding":"default","_kad_post_feature":"","_kad_post_feature_position":"","_kad_post_header":false,"_kad_post_footer":false,"_kad_post_classname":""},"product_brand":[],"product_cat":[29,19],"product_tag":[],"class_list":{"0":"post-289","1":"product","2":"type-product","3":"status-publish","4":"has-post-thumbnail","6":"product_cat-liikunta-muut","7":"product_cat-liikuntaedut","9":"first","10":"instock","11":"virtual","12":"taxable","13":"purchasable","14":"product-type-simple","15":"entry","16":"content-bg","17":"loop-entry"},"acf":[],"_links":{"self":[{"href":"https:\/\/marketplace.epassi.fi\/sahkis\/wp-json\/wp\/v2\/product\/289","targetHints":{"allow":["GET"]}}],"collection":[{"href":"https:\/\/marketplace.epassi.fi\/sahkis\/wp-json\/wp\/v2\/product"}],"about":[{"href":"https:\/\/marketplace.epassi.fi\/sahkis\/wp-json\/wp\/v2\/types\/product"}],"replies":[{"embeddable":true,"href":"https:\/\/marketplace.epassi.fi\/sahkis\/wp-json\/wp\/v2\/comments?post=289"}],"wp:featuredmedia":[{"embeddable":true,"href":"https:\/\/marketplace.epassi.fi\/sahkis\/wp-json\/wp\/v2\/media\/332"}],"wp:attachment":[{"href":"https:\/\/marketplace.epassi.fi\/sahkis\/wp-json\/wp\/v2\/media?parent=289"}],"wp:term":[{"taxonomy":"product_brand","embeddable":true,"href":"https:\/\/marketplace.epassi.fi\/sahkis\/wp-json\/wp\/v2\/product_brand?post=289"},{"taxonomy":"product_cat","embeddable":true,"href":"https:\/\/marketplace.epassi.fi\/sahkis\/wp-json\/wp\/v2\/product_cat?post=289"},{"taxonomy":"product_tag","embeddable":true,"href":"https:\/\/marketplace.epassi.fi\/sahkis\/wp-json\/wp\/v2\/product_tag?post=289"}],"curies":[{"name":"wp","href":"https:\/\/api.w.org\/{rel}","templated":true}]}}