{"id":338,"date":"2024-03-13T08:14:32","date_gmt":"2024-03-13T06:14:32","guid":{"rendered":"https:\/\/marketplace.epassi.fi\/sahkis\/?post_type=product&#038;p=338"},"modified":"2024-07-22T15:58:34","modified_gmt":"2024-07-22T12:58:34","slug":"lynx-rave-enduro-600r-e-tec-2024-4h","status":"publish","type":"product","link":"https:\/\/marketplace.epassi.fi\/sahkis\/kauppa\/liikuntaedut\/liikunta-muut\/lynx-rave-enduro-600r-e-tec-2024-4h\/","title":{"rendered":"Lynx Rave Enduro 600R E-TEC 2024 (4h)"},"content":{"rendered":"<h2 class=\"wp-block-heading\"><strong>Vuokrausehdot<\/strong><\/h2>\n<p>Laite katsotaan l\u00e4pi ja kuvataan tarvittaessa, ettei tule erimielisyytt\u00e4 mahdollisista korvausvelvoitteista. Vuokraaja on velvollinen seuraamaan mittariston varoitus valoja, kelkan muita laitteita ja toimimaan oman harkinnan mukaan, jotta isommat viat saadaan ennalta ehk\u00e4isty\u00e4. Mik\u00e4li pystyt\u00e4\u00e4n todentamaan vuokraajan tahallinen piittaamattomuus, on vuokraaja velvollinen korvaamaan korjauksen t\u00e4ysim\u00e4\u00e4r\u00e4isen\u00e4.<\/p>\n<p>Mahdollinen ajovirhe on aina vuokraajan vastuulla, vuokraajalle korvattava summa voi olla maksimissaan kolari tilanteissa 1500 \u20ac (kaskovakuutus). Moottorikelkan vaurioituessa tai teknisen vian tullessa vuokrauksen aikana, pyrit\u00e4\u00e4n sopimaan molempia osapuolia miellytt\u00e4v\u00e4 ratkaisu. Vuokranantaja ei v\u00e4ltt\u00e4m\u00e4tt\u00e4 j\u00e4rjest\u00e4 uutta korvaavaa laitetta, vaan keskeytys voidaan sopia rahallisena hyvityksen\u00e4. Mik\u00e4li vuokraaja itse on syyllinen keskeytykseen, raukeaa vuokranantajan vastuu.<\/p>\n<p>Mik\u00e4li pystyt\u00e4\u00e4n todentamaan vuokraajan tahallinen piittaamattomuus, on vuokraaja velvollinen korvaamaan korjauksen t\u00e4ysim\u00e4\u00e4r\u00e4isen\u00e4 ilman maksimikattoa. (moottorikelkan veteen upotus \/ p\u00e4ihtyneen\u00e4 ajaminen tai osallistuminen kilpailuun). Vuokraaja on velvollinen ilmoittamaan laitteen omistajalle havaitsemistaan vioista v\u00e4litt\u00f6m\u00e4sti (ilmoittamatta j\u00e4tt\u00e4misest\u00e4 voidaan peri\u00e4 300,00 \u20ac). Vuokraaja on velvollinen palauttamaan laitteen vuokraajalle sovittuna aikana tai sop. mukaan. Mik\u00e4li laite ei palaudu sovittuna aikana on vuokraajalla mahdollisuus peri\u00e4 100,00 \u20ac\/jokainen alkava tunti.<\/p>\n<h2 class=\"wp-block-heading\"><strong>Moottorikelkan tekninen vika<\/strong><\/h2>\n<p>Teknisen vian tullessa vuokraamo yritys pyrkii, auttamaan mahdollisimman pian veloituksetta.<\/p>\n<h2 class=\"wp-block-heading\"><strong>Ulosajo tai kolari<\/strong><\/h2>\n<p>Mik\u00e4li matkan keskeytys johtuu asiakkaan omasta ajovirheest\u00e4 tai kolarista ei vuokraamo yrityksell\u00e4 ole suoranaista velvollisuutta tulla auttamaan, mutta pyrkii auttamaan ja veloitus on 75,00 \u20ac\/alkava tunti.<\/p>\n<h2 class=\"wp-block-heading\"><strong>Moottorikelkan k\u00e4ytt\u00f6ohje ja liikkeelle l\u00e4ht\u00f6valmistelu<\/strong><\/h2>\n<ul>\n<li>Tarkista, ett\u00e4 moottorissa on 2-tahti \u00f6ljy\u00e4 (oik. sivuposken sis\u00e4ll\u00e4, heti ylh\u00e4\u00e4ll\u00e4)<\/li>\n<li>Tarkista, ett\u00e4 moottorikelkka ei ole j\u00e4\u00e4tynyt kiinni maahan (nosta suksia ja telastoa)<\/li>\n<li>Odota, ett\u00e4 moottorikelkka l\u00e4mpi\u00e4\u00e4, jos se on k\u00e4ynnistetty kylm\u00e4n\u00e4<\/li>\n<li>Tarkista, ett\u00e4 valot toimivat<\/li>\n<li>Kiinnit\u00e4 \u201dturvakatkaisin\u201d itseesi<\/li>\n<\/ul>\n<h2 class=\"wp-block-heading\"><strong>K\u00e4ytt\u00f6<\/strong><\/h2>\n<ul>\n<li>Moottorikelkalla saa ajaa vain niille tarkoitetuilla reiteill\u00e4 ja j\u00e4\u00e4ll\u00e4.<\/li>\n<li>Vuokraamoyritys ei vastaa kelkalla aiheutetuista vahingoista.<\/li>\n<li>Seuraa moottorikelkan mittariston varoitusvaloja ja moottoril\u00e4mp\u00f6j\u00e4<\/li>\n<li>Turvakatkaisijan tulee olla kiinni kuljettajassa ajettaessa<\/li>\n<li>Aja varovasti ja tutustu kelkan ominaisuuksiin vahingon v\u00e4ltt\u00e4miseksi<\/li>\n<li>Ajamisen lopettaminen<\/li>\n<li>Jos olet kuormittanut kelkkaa paljon, anna kelkan j\u00e4\u00e4hty\u00e4 hetki (n.1min)<\/li>\n<li>Puhdista moottorikelkka mahdollisimman hyvin lumesta<\/li>\n<li>Ota Turvakatkaisin\/avain irti moottorikelkasta ja huolehdi siit\u00e4<\/li>\n<\/ul>\n<p><strong>Mik\u00e4li toimit yll\u00e4 mainittujen ohjeiden vastaisesti, olet korvausvelvollinen rikkoutumistilanteessa.<\/strong><\/p>\n","protected":false},"excerpt":{"rendered":"<p><strong>Moottorikelkan vuokraus sis\u00e4lt\u00e4\u00e4 bensat ja tarvittavat ajovarusteet.\u00a0<\/strong><\/p>\n<p>Syntynyt voittamaan. Lynx Rave on puhdasverinen urheilukelkka, jonka varta vasten pohjoismaisiin olosuhteisiin suunnitellut ominaisuudet tekev\u00e4t siit\u00e4 ylivoimaisen ykk\u00f6sen kilparadoilla ja vaativilla reiteill\u00e4. Vaativan urheilukelkkailijan erikoisty\u00f6kalu enduropoluille ja rajuille reiteille on entist\u00e4 suorituskykyisempi uuden Radien\u00b2-muotoilun ja uudelleen kalibroidun PPS\u00b3 \/ LFS+ -jousituksen my\u00f6t\u00e4. Voittava kokonaisuus rakentuu kilpak\u00e4ytt\u00f6\u00f6n suunnitelluista yksityiskohdista ja erikoislujasta rakenteesta. Vauhdin takaa kierrosherkk\u00e4 Rotax\u00ae 600R E-TEC.<\/p>\n","protected":false},"featured_media":339,"comment_status":"open","ping_status":"closed","template":"","meta":{"_acf_changed":false,"_kad_post_transparent":"default","_kad_post_title":"","_kad_post_layout":"default","_kad_post_sidebar_id":"","_kad_post_content_style":"default","_kad_post_vertical_padding":"default","_kad_post_feature":"","_kad_post_feature_position":"","_kad_post_header":false,"_kad_post_footer":false,"_kad_post_classname":""},"product_brand":[],"product_cat":[29,19],"product_tag":[],"class_list":{"0":"post-338","1":"product","2":"type-product","3":"status-publish","4":"has-post-thumbnail","6":"product_cat-liikunta-muut","7":"product_cat-liikuntaedut","9":"first","10":"instock","11":"taxable","12":"shipping-taxable","13":"purchasable","14":"product-type-simple","15":"entry","16":"content-bg","17":"loop-entry"},"acf":[],"_links":{"self":[{"href":"https:\/\/marketplace.epassi.fi\/sahkis\/wp-json\/wp\/v2\/product\/338","targetHints":{"allow":["GET"]}}],"collection":[{"href":"https:\/\/marketplace.epassi.fi\/sahkis\/wp-json\/wp\/v2\/product"}],"about":[{"href":"https:\/\/marketplace.epassi.fi\/sahkis\/wp-json\/wp\/v2\/types\/product"}],"replies":[{"embeddable":true,"href":"https:\/\/marketplace.epassi.fi\/sahkis\/wp-json\/wp\/v2\/comments?post=338"}],"wp:featuredmedia":[{"embeddable":true,"href":"https:\/\/marketplace.epassi.fi\/sahkis\/wp-json\/wp\/v2\/media\/339"}],"wp:attachment":[{"href":"https:\/\/marketplace.epassi.fi\/sahkis\/wp-json\/wp\/v2\/media?parent=338"}],"wp:term":[{"taxonomy":"product_brand","embeddable":true,"href":"https:\/\/marketplace.epassi.fi\/sahkis\/wp-json\/wp\/v2\/product_brand?post=338"},{"taxonomy":"product_cat","embeddable":true,"href":"https:\/\/marketplace.epassi.fi\/sahkis\/wp-json\/wp\/v2\/product_cat?post=338"},{"taxonomy":"product_tag","embeddable":true,"href":"https:\/\/marketplace.epassi.fi\/sahkis\/wp-json\/wp\/v2\/product_tag?post=338"}],"curies":[{"name":"wp","href":"https:\/\/api.w.org\/{rel}","templated":true}]}}