{"id":318,"date":"2021-11-16T18:24:30","date_gmt":"2021-11-16T16:24:30","guid":{"rendered":"https:\/\/marketplace.epassi.fi\/salkkari\/?post_type=product&#038;p=318"},"modified":"2025-10-30T14:19:19","modified_gmt":"2025-10-30T12:19:19","slug":"salkkarin-lahjakortti","status":"publish","type":"product","link":"https:\/\/marketplace.epassi.fi\/salkkari\/kauppa\/hyvinvointi\/salkkarin-lahjakortti\/","title":{"rendered":"Salkkarin lahjakortti!"},"content":{"rendered":"","protected":false},"excerpt":{"rendered":"<p>Jalka-ja Suolahoitolan lahjakortti perusjalkahoitoon!<\/p>\n<p>Perusjalkahoito sis\u00e4lt\u00e4\u00e4: -Jalkojen liotus ja kuivaus, kynsien leikkaus ja viilaus, jalkapohjien raspaus sek\u00e4 kevyt rasvaus\/hieronta!<\/p>\n<p>&nbsp;<\/p>\n","protected":false},"featured_media":319,"comment_status":"open","ping_status":"closed","template":"","meta":{"_acf_changed":false,"_kad_post_transparent":"default","_kad_post_title":"","_kad_post_layout":"default","_kad_post_sidebar_id":"","_kad_post_content_style":"default","_kad_post_vertical_padding":"default","_kad_post_feature":"","_kad_post_feature_position":"","_kad_post_header":false,"_kad_post_footer":false,"_kad_post_classname":""},"product_brand":[],"product_cat":[21],"product_tag":[],"class_list":{"0":"post-318","1":"product","2":"type-product","3":"status-publish","4":"has-post-thumbnail","6":"product_cat-hyvinvointi","8":"first","9":"instock","10":"taxable","11":"shipping-taxable","12":"purchasable","13":"product-type-simple","14":"entry","15":"content-bg","16":"loop-entry"},"acf":[],"_links":{"self":[{"href":"https:\/\/marketplace.epassi.fi\/salkkari\/wp-json\/wp\/v2\/product\/318","targetHints":{"allow":["GET"]}}],"collection":[{"href":"https:\/\/marketplace.epassi.fi\/salkkari\/wp-json\/wp\/v2\/product"}],"about":[{"href":"https:\/\/marketplace.epassi.fi\/salkkari\/wp-json\/wp\/v2\/types\/product"}],"replies":[{"embeddable":true,"href":"https:\/\/marketplace.epassi.fi\/salkkari\/wp-json\/wp\/v2\/comments?post=318"}],"wp:featuredmedia":[{"embeddable":true,"href":"https:\/\/marketplace.epassi.fi\/salkkari\/wp-json\/wp\/v2\/media\/319"}],"wp:attachment":[{"href":"https:\/\/marketplace.epassi.fi\/salkkari\/wp-json\/wp\/v2\/media?parent=318"}],"wp:term":[{"taxonomy":"product_brand","embeddable":true,"href":"https:\/\/marketplace.epassi.fi\/salkkari\/wp-json\/wp\/v2\/product_brand?post=318"},{"taxonomy":"product_cat","embeddable":true,"href":"https:\/\/marketplace.epassi.fi\/salkkari\/wp-json\/wp\/v2\/product_cat?post=318"},{"taxonomy":"product_tag","embeddable":true,"href":"https:\/\/marketplace.epassi.fi\/salkkari\/wp-json\/wp\/v2\/product_tag?post=318"}],"curies":[{"name":"wp","href":"https:\/\/api.w.org\/{rel}","templated":true}]}}