{"id":290,"date":"2021-10-20T17:09:46","date_gmt":"2021-10-20T17:09:46","guid":{"rendered":"https:\/\/marketplace.epassi.fi\/seikkailupuistohuippu\/?post_type=product&#038;p=290"},"modified":"2026-01-01T05:01:46","modified_gmt":"2026-01-01T03:01:46","slug":"seikkailuelamys-yhdelle","status":"publish","type":"product","link":"https:\/\/marketplace.epassi.fi\/seikkailupuistohuippu\/kauppa\/liikuntaedut\/liikunta-muut\/seikkailuelamys-yhdelle\/","title":{"rendered":"Seikkailuel\u00e4mys yhdelle"},"content":{"rendered":"<div class=\"page-header\">\n<p><strong><em>Mit\u00e4 seikkailuel\u00e4mys yhdelle sis\u00e4lt\u00e4\u00e4?<\/em><\/strong><\/p>\n<p>Lippu oikeuttaa latvarataseikkailuun Seikkailupuisto Huipussa. Paikan p\u00e4\u00e4lt\u00e4 saa kaikki kiipeilyyn tarvittavat varusteet (hanskat ostettava halutessaan erikseen) sek\u00e4 perehdytyksen kiipeilyyn. Seikkailla voi vaikka sulkemisaikaan saakka.<\/p>\n<p><em><strong>P\u00e4\u00e4kaupunkiseudun korkeimmat seikkailuradat ja pisimm\u00e4t vaijeriliu&#8217;ut<\/strong><\/em><\/p>\n<p>Seikkailupuisto Huipussa on yhteens\u00e4 yhdeks\u00e4n eritasoista k\u00f6ysirataa. Radat sijaitsevat 4\u221218 metrin korkeudessa. Kolme radoista sijaitsee kallion huipulla ja viisi sen alapuolella. Kaikki seikkailuradat p\u00e4\u00e4ttyv\u00e4t huimiin vaijeriliukuihin, joista pisin on 140 metri\u00e4 pitk\u00e4. Seikkailupuisto Huippu sijaitsee aurinkoisessa m\u00e4ntymets\u00e4ss\u00e4 Espoon Lepp\u00e4vaarassa.<\/p>\n<p><em style=\"font-family: var(--global-body-font-family)\"><strong>Huomioitavaa<\/strong><\/em><\/p>\n<p><span style=\"font-family: var(--global-body-font-family)\">Seikkailupuisto Huippu on suljettu talven ajan. Avaamme taas huhtikuussa 2024. Lippu on k\u00e4ytett\u00e4viss\u00e4 kauden 2024 aikana.<\/span><\/p>\n<\/div>\n<p>&nbsp;<\/p>\n<p>Lis\u00e4tietoa seikkailupuisto Huipusta: https:\/\/www.seikkailupuistohuippu.fi<\/p>\n","protected":false},"excerpt":{"rendered":"<p>Seikkailupuisto Huipun yl\u00e4k\u00f6ysiradoilla tasapainoillaan, ry\u00f6mit\u00e4\u00e4n tunneleissa, taiteillaan verkoissa ja k\u00e4vell\u00e4\u00e4n huojuvilla silloilla 4\u221218 metrin korkeudessa. Kaikki seikkailuradat p\u00e4\u00e4ttyv\u00e4t huimaan loppuliukuun, joista pisin on yli satametrinen. Huippu-el\u00e4mys huipentuu vatsanpohjaa kutkuttavaan Tarzan-hyppyyn. Tule yl\u00e4ilmoihin ylitt\u00e4m\u00e4\u00e4n itsesi!<\/p>\n","protected":false},"featured_media":308,"comment_status":"open","ping_status":"closed","template":"","meta":{"_acf_changed":false,"_kad_post_transparent":"default","_kad_post_title":"","_kad_post_layout":"default","_kad_post_sidebar_id":"","_kad_post_content_style":"default","_kad_post_vertical_padding":"default","_kad_post_feature":"","_kad_post_feature_position":"","_kad_post_header":false,"_kad_post_footer":false,"_kad_post_classname":""},"product_brand":[],"product_cat":[29,19],"product_tag":[],"class_list":{"0":"post-290","1":"product","2":"type-product","3":"status-publish","4":"has-post-thumbnail","6":"product_cat-liikunta-muut","7":"product_cat-liikuntaedut","9":"first","10":"instock","11":"virtual","12":"taxable","13":"purchasable","14":"product-type-simple","15":"entry","16":"content-bg","17":"loop-entry"},"acf":[],"_links":{"self":[{"href":"https:\/\/marketplace.epassi.fi\/seikkailupuistohuippu\/wp-json\/wp\/v2\/product\/290","targetHints":{"allow":["GET"]}}],"collection":[{"href":"https:\/\/marketplace.epassi.fi\/seikkailupuistohuippu\/wp-json\/wp\/v2\/product"}],"about":[{"href":"https:\/\/marketplace.epassi.fi\/seikkailupuistohuippu\/wp-json\/wp\/v2\/types\/product"}],"replies":[{"embeddable":true,"href":"https:\/\/marketplace.epassi.fi\/seikkailupuistohuippu\/wp-json\/wp\/v2\/comments?post=290"}],"wp:featuredmedia":[{"embeddable":true,"href":"https:\/\/marketplace.epassi.fi\/seikkailupuistohuippu\/wp-json\/wp\/v2\/media\/308"}],"wp:attachment":[{"href":"https:\/\/marketplace.epassi.fi\/seikkailupuistohuippu\/wp-json\/wp\/v2\/media?parent=290"}],"wp:term":[{"taxonomy":"product_brand","embeddable":true,"href":"https:\/\/marketplace.epassi.fi\/seikkailupuistohuippu\/wp-json\/wp\/v2\/product_brand?post=290"},{"taxonomy":"product_cat","embeddable":true,"href":"https:\/\/marketplace.epassi.fi\/seikkailupuistohuippu\/wp-json\/wp\/v2\/product_cat?post=290"},{"taxonomy":"product_tag","embeddable":true,"href":"https:\/\/marketplace.epassi.fi\/seikkailupuistohuippu\/wp-json\/wp\/v2\/product_tag?post=290"}],"curies":[{"name":"wp","href":"https:\/\/api.w.org\/{rel}","templated":true}]}}