{"id":329,"date":"2021-12-15T17:57:19","date_gmt":"2021-12-15T15:57:19","guid":{"rendered":"https:\/\/marketplace.epassi.fi\/seikkailupuistohuippu\/?post_type=product&#038;p=329"},"modified":"2026-01-01T05:01:45","modified_gmt":"2026-01-01T03:01:45","slug":"seikkailujen-kesa-kausikortti","status":"publish","type":"product","link":"https:\/\/marketplace.epassi.fi\/seikkailupuistohuippu\/kauppa\/liikuntaedut\/liikunta-muut\/seikkailujen-kesa-kausikortti\/","title":{"rendered":"Seikkailujen kes\u00e4 -kausikortti"},"content":{"rendered":"<p><strong><em>Mit\u00e4 seikkailujen kes\u00e4 kausikortti sis\u00e4lt\u00e4\u00e4?<\/em><\/strong><\/p>\n<p>Kausikortti oikeuttaa latvarataseikkailuun pituusrajojen puitteissa, minigolfiin, verkkoseikkailuun ja pakopeliin Huipussa. Pakopeliss\u00e4 kausikortilla voi maksaa kausikortin haltijan osuuden pelin hinnasta.<\/p>\n<p>Paikan p\u00e4\u00e4lt\u00e4 saa kaikki kiipeilyyn tarvittavat varusteet sek\u00e4 perehdytyksen kiipeilyyn (hanskat ostettava halutessaan erikseen).<\/p>\n<p>Kausikortilla voi seikkailla kauden 2025 aikana aukioloaikoina niin monta kertaa kuin haluaa.<\/p>\n<p>Kausikortti on henkil\u00f6kohtainen.<\/p>\n<p>Seikkailupuisto Huippu varaa oikeuden rajoittaa sis\u00e4\u00e4np\u00e4\u00e4sy\u00e4. Esimerkiksi ruuhkan tai varaustilanteen vuoksi.<\/p>\n","protected":false},"excerpt":{"rendered":"<p>Kausilipulla saat rajoittamattomasti latvarataseikkailua yhdelle kev\u00e4\u00e4st\u00e4 syksyyn!<\/p>\n<p>&nbsp;<\/p>\n","protected":false},"featured_media":334,"comment_status":"open","ping_status":"closed","template":"","meta":{"_acf_changed":false,"_kad_post_transparent":"default","_kad_post_title":"","_kad_post_layout":"default","_kad_post_sidebar_id":"","_kad_post_content_style":"default","_kad_post_vertical_padding":"default","_kad_post_feature":"","_kad_post_feature_position":"","_kad_post_header":false,"_kad_post_footer":false,"_kad_post_classname":""},"product_brand":[],"product_cat":[29,19],"product_tag":[],"class_list":{"0":"post-329","1":"product","2":"type-product","3":"status-publish","4":"has-post-thumbnail","6":"product_cat-liikunta-muut","7":"product_cat-liikuntaedut","9":"first","10":"instock","11":"sold-individually","12":"taxable","13":"shipping-taxable","14":"purchasable","15":"product-type-simple","16":"entry","17":"content-bg","18":"loop-entry"},"acf":[],"_links":{"self":[{"href":"https:\/\/marketplace.epassi.fi\/seikkailupuistohuippu\/wp-json\/wp\/v2\/product\/329","targetHints":{"allow":["GET"]}}],"collection":[{"href":"https:\/\/marketplace.epassi.fi\/seikkailupuistohuippu\/wp-json\/wp\/v2\/product"}],"about":[{"href":"https:\/\/marketplace.epassi.fi\/seikkailupuistohuippu\/wp-json\/wp\/v2\/types\/product"}],"replies":[{"embeddable":true,"href":"https:\/\/marketplace.epassi.fi\/seikkailupuistohuippu\/wp-json\/wp\/v2\/comments?post=329"}],"wp:featuredmedia":[{"embeddable":true,"href":"https:\/\/marketplace.epassi.fi\/seikkailupuistohuippu\/wp-json\/wp\/v2\/media\/334"}],"wp:attachment":[{"href":"https:\/\/marketplace.epassi.fi\/seikkailupuistohuippu\/wp-json\/wp\/v2\/media?parent=329"}],"wp:term":[{"taxonomy":"product_brand","embeddable":true,"href":"https:\/\/marketplace.epassi.fi\/seikkailupuistohuippu\/wp-json\/wp\/v2\/product_brand?post=329"},{"taxonomy":"product_cat","embeddable":true,"href":"https:\/\/marketplace.epassi.fi\/seikkailupuistohuippu\/wp-json\/wp\/v2\/product_cat?post=329"},{"taxonomy":"product_tag","embeddable":true,"href":"https:\/\/marketplace.epassi.fi\/seikkailupuistohuippu\/wp-json\/wp\/v2\/product_tag?post=329"}],"curies":[{"name":"wp","href":"https:\/\/api.w.org\/{rel}","templated":true}]}}