{"id":337,"date":"2021-12-15T18:43:54","date_gmt":"2021-12-15T16:43:54","guid":{"rendered":"https:\/\/marketplace.epassi.fi\/seikkailupuistohuippu\/?post_type=product&#038;p=337"},"modified":"2026-01-01T05:01:45","modified_gmt":"2026-01-01T03:01:45","slug":"joulutarjous-seikkailupaiva","status":"publish","type":"product","link":"https:\/\/marketplace.epassi.fi\/seikkailupuistohuippu\/kauppa\/liikuntaedut\/liikunta-muut\/joulutarjous-seikkailupaiva\/","title":{"rendered":"Seikkailup\u00e4iv\u00e4!"},"content":{"rendered":"<p><strong><em>Mit\u00e4 seikkailup\u00e4iv\u00e4 sis\u00e4lt\u00e4\u00e4?<\/em><\/strong><\/p>\n<p>Lippu oikeuttaa latvarataseikkailuun, verkkoseikkailuun ja kierrokseen seikkailuminigolfia Seikkailupuisto Huipussa. Lipun palvelut on k\u00e4ytett\u00e4v\u00e4 saman p\u00e4iv\u00e4n aikana.<\/p>\n<p>Paikan p\u00e4\u00e4lt\u00e4 saa kaikki tarvittavat varusteet (hanskat ostettava erikseen) sek\u00e4 perehdytyksen.<\/p>\n<p><strong><em>Kenelle lippu soveltuu?<\/em><\/strong><\/p>\n<p>Seikkailua ei suositella raskaana oleville.<\/p>\n","protected":false},"excerpt":{"rendered":"<p>K\u00f6ysiseikkailu + verkkoseikkailu + seikkailuminigolf!<\/p>\n","protected":false},"featured_media":338,"comment_status":"open","ping_status":"closed","template":"","meta":{"_acf_changed":false,"_kad_post_transparent":"default","_kad_post_title":"","_kad_post_layout":"default","_kad_post_sidebar_id":"","_kad_post_content_style":"default","_kad_post_vertical_padding":"default","_kad_post_feature":"","_kad_post_feature_position":"","_kad_post_header":false,"_kad_post_footer":false,"_kad_post_classname":""},"product_brand":[],"product_cat":[29,15],"product_tag":[],"class_list":{"0":"post-337","1":"product","2":"type-product","3":"status-publish","4":"has-post-thumbnail","6":"product_cat-liikunta-muut","7":"product_cat-yleinen","9":"first","10":"instock","11":"taxable","12":"shipping-taxable","13":"purchasable","14":"product-type-simple","15":"entry","16":"content-bg","17":"loop-entry"},"acf":[],"_links":{"self":[{"href":"https:\/\/marketplace.epassi.fi\/seikkailupuistohuippu\/wp-json\/wp\/v2\/product\/337","targetHints":{"allow":["GET"]}}],"collection":[{"href":"https:\/\/marketplace.epassi.fi\/seikkailupuistohuippu\/wp-json\/wp\/v2\/product"}],"about":[{"href":"https:\/\/marketplace.epassi.fi\/seikkailupuistohuippu\/wp-json\/wp\/v2\/types\/product"}],"replies":[{"embeddable":true,"href":"https:\/\/marketplace.epassi.fi\/seikkailupuistohuippu\/wp-json\/wp\/v2\/comments?post=337"}],"wp:featuredmedia":[{"embeddable":true,"href":"https:\/\/marketplace.epassi.fi\/seikkailupuistohuippu\/wp-json\/wp\/v2\/media\/338"}],"wp:attachment":[{"href":"https:\/\/marketplace.epassi.fi\/seikkailupuistohuippu\/wp-json\/wp\/v2\/media?parent=337"}],"wp:term":[{"taxonomy":"product_brand","embeddable":true,"href":"https:\/\/marketplace.epassi.fi\/seikkailupuistohuippu\/wp-json\/wp\/v2\/product_brand?post=337"},{"taxonomy":"product_cat","embeddable":true,"href":"https:\/\/marketplace.epassi.fi\/seikkailupuistohuippu\/wp-json\/wp\/v2\/product_cat?post=337"},{"taxonomy":"product_tag","embeddable":true,"href":"https:\/\/marketplace.epassi.fi\/seikkailupuistohuippu\/wp-json\/wp\/v2\/product_tag?post=337"}],"curies":[{"name":"wp","href":"https:\/\/api.w.org\/{rel}","templated":true}]}}