{"id":290,"date":"2021-10-20T17:09:46","date_gmt":"2021-10-20T17:09:46","guid":{"rendered":"https:\/\/marketplace.epassi.fi\/serena\/?post_type=product&#038;p=290"},"modified":"2026-02-02T11:37:44","modified_gmt":"2026-02-02T09:37:44","slug":"happy-pass-2pv-vesipuistolippu","status":"publish","type":"product","link":"https:\/\/marketplace.epassi.fi\/serena\/kauppa\/liikuntaedut\/vesipuisto-uimahalli\/happy-pass-2pv-vesipuistolippu\/","title":{"rendered":"2pv vesipuistolippu 2026"},"content":{"rendered":"<p>2 per\u00e4kk\u00e4isen p\u00e4iv\u00e4n lippu vesipuisto Serenaan (aikuiset ja lapset). Voimassa <strong>vuoden 2026 loppuun saakka<\/strong>. Huom! T\u00e4m\u00e4 alennushintainen lippu on k\u00e4ytett\u00e4v\u00e4 <strong>2 per\u00e4kk\u00e4isen\u00e4 aukiolop\u00e4iv\u00e4n\u00e4<\/strong>. Saat lipunmyynnist\u00e4 1. k\u00e4ynnill\u00e4si 2. p\u00e4iv\u00e4n k\u00e4yntiin oikeuttavan lipun. Tarkista aina aukioloajat nettisivuiltamme ennen ostamista ja vierailuasi, jotta tied\u00e4t miten lippu on k\u00e4ytett\u00e4viss\u00e4. 0-3-vuotiaat veloituksetta. Tullessasi lipunmyyntiin n\u00e4yt\u00e4th\u00e4n Epassi Marketplacen kautta saamasi tilausvahvistuksen kassalla. Saat kassalta uuden lipun, joka on voimassa seuraavana aukiolop\u00e4iv\u00e4n\u00e4.<\/p>\n<ul>\n<li>Esimerkki 1: K\u00e4yt\u00e4t lipun lomasesongin aikana tiistaina, toinen vierailup\u00e4iv\u00e4si on siis keskiviikko.<\/li>\n<li>Esimerkki 2: K\u00e4yt\u00e4t lipun sunnuntaina ajankohtana, jolloin vesipuisto on avoinna viikonloppuisin. Toinen vierailup\u00e4iv\u00e4si on siis seuraavan viikon lauantaina.<\/li>\n<\/ul>\n","protected":false},"excerpt":{"rendered":"<p style=\"text-align: center\">2 per\u00e4kk\u00e4isen p\u00e4iv\u00e4n lippu vesipuisto Serenaan (aikuiset ja lapset). Voimassa vuoden 2026 loppuun saakka.<\/p>\n","protected":false},"featured_media":364,"comment_status":"open","ping_status":"closed","template":"","meta":{"_acf_changed":false,"_kad_post_transparent":"default","_kad_post_title":"","_kad_post_layout":"default","_kad_post_sidebar_id":"","_kad_post_content_style":"default","_kad_post_vertical_padding":"default","_kad_post_feature":"","_kad_post_feature_position":"","_kad_post_header":false,"_kad_post_footer":false,"_kad_post_classname":""},"product_brand":[],"product_cat":[19,36],"product_tag":[],"class_list":{"0":"post-290","1":"product","2":"type-product","3":"status-publish","4":"has-post-thumbnail","6":"product_cat-liikuntaedut","7":"product_cat-vesipuisto-uimahalli","9":"first","10":"instock","11":"virtual","12":"taxable","13":"purchasable","14":"product-type-simple","15":"entry","16":"content-bg","17":"loop-entry"},"acf":[],"_links":{"self":[{"href":"https:\/\/marketplace.epassi.fi\/serena\/wp-json\/wp\/v2\/product\/290","targetHints":{"allow":["GET"]}}],"collection":[{"href":"https:\/\/marketplace.epassi.fi\/serena\/wp-json\/wp\/v2\/product"}],"about":[{"href":"https:\/\/marketplace.epassi.fi\/serena\/wp-json\/wp\/v2\/types\/product"}],"replies":[{"embeddable":true,"href":"https:\/\/marketplace.epassi.fi\/serena\/wp-json\/wp\/v2\/comments?post=290"}],"wp:featuredmedia":[{"embeddable":true,"href":"https:\/\/marketplace.epassi.fi\/serena\/wp-json\/wp\/v2\/media\/364"}],"wp:attachment":[{"href":"https:\/\/marketplace.epassi.fi\/serena\/wp-json\/wp\/v2\/media?parent=290"}],"wp:term":[{"taxonomy":"product_brand","embeddable":true,"href":"https:\/\/marketplace.epassi.fi\/serena\/wp-json\/wp\/v2\/product_brand?post=290"},{"taxonomy":"product_cat","embeddable":true,"href":"https:\/\/marketplace.epassi.fi\/serena\/wp-json\/wp\/v2\/product_cat?post=290"},{"taxonomy":"product_tag","embeddable":true,"href":"https:\/\/marketplace.epassi.fi\/serena\/wp-json\/wp\/v2\/product_tag?post=290"}],"curies":[{"name":"wp","href":"https:\/\/api.w.org\/{rel}","templated":true}]}}