{"id":321,"date":"2022-04-08T13:28:52","date_gmt":"2022-04-08T10:28:52","guid":{"rendered":"https:\/\/marketplace.epassi.fi\/serena\/?post_type=product&#038;p=321"},"modified":"2026-01-01T05:01:56","modified_gmt":"2026-01-01T03:01:56","slug":"serenan-kesakausikortti","status":"publish","type":"product","link":"https:\/\/marketplace.epassi.fi\/serena\/kauppa\/liikuntaedut\/vesipuisto-uimahalli\/serenan-kesakausikortti\/","title":{"rendered":"Vesipuiston TALVIkausikortti 2025-2026"},"content":{"rendered":"<p><strong>Vesipuisto Serenan talvikausikortti.<\/strong> Kausikortilla p\u00e4\u00e4set vesipuisto Serenaan rajoituksetta <strong>syys-, talvi- ja kev\u00e4tkauden 2025-2026<\/strong> ajan. Huom! Kausikortti on henkil\u00f6kohtainen. Tarkista aukioloajat, s\u00e4\u00e4nn\u00f6t ja ohjeistukset Serenan kotisivuilta. Ensimm\u00e4isell\u00e4 k\u00e4yntikerrallasi n\u00e4yt\u00e4th\u00e4n Epassi Marketplacen kautta saamasi tilausvahvistuksen kassalla. Tuo passikuvan kokoinen kasvokuva ensimm\u00e4isen k\u00e4yntisi yhteydess\u00e4 tai toimita esimerkiksi k\u00e4nnyk\u00e4ll\u00e4 otettu kasvokuvasi s\u00e4hk\u00f6postilla info.serena@puuhagroup.com. Varsinaisen kausikortin saat toimitettuasi kuvasi. 0-3-vuotiaat veloituksetta maksavan aikuisen kanssa. Alle 10-vuotiaat kausikorttilaiset tarvitsevat huoltajan Serenassa.<\/p>\n","protected":false},"excerpt":{"rendered":"<p style=\"text-align: center\"><strong>Serenan talvikausikortti.<\/strong> Talvikausikortilla p\u00e4\u00e4set vesipuisto Serenaan rajoituksetta syys-, talvi- ja kev\u00e4tkauden 2025-2026 ajan. Huom! Kausikortti on henkil\u00f6kohtainen.<\/p>\n","protected":false},"featured_media":334,"comment_status":"open","ping_status":"closed","template":"","meta":{"_acf_changed":false,"_kad_post_transparent":"default","_kad_post_title":"","_kad_post_layout":"default","_kad_post_sidebar_id":"","_kad_post_content_style":"default","_kad_post_vertical_padding":"default","_kad_post_feature":"","_kad_post_feature_position":"","_kad_post_header":false,"_kad_post_footer":false,"_kad_post_classname":""},"product_brand":[],"product_cat":[19,36],"product_tag":[],"class_list":{"0":"post-321","1":"product","2":"type-product","3":"status-publish","4":"has-post-thumbnail","6":"product_cat-liikuntaedut","7":"product_cat-vesipuisto-uimahalli","9":"first","10":"instock","11":"taxable","12":"shipping-taxable","13":"purchasable","14":"product-type-simple","15":"entry","16":"content-bg","17":"loop-entry"},"acf":[],"_links":{"self":[{"href":"https:\/\/marketplace.epassi.fi\/serena\/wp-json\/wp\/v2\/product\/321","targetHints":{"allow":["GET"]}}],"collection":[{"href":"https:\/\/marketplace.epassi.fi\/serena\/wp-json\/wp\/v2\/product"}],"about":[{"href":"https:\/\/marketplace.epassi.fi\/serena\/wp-json\/wp\/v2\/types\/product"}],"replies":[{"embeddable":true,"href":"https:\/\/marketplace.epassi.fi\/serena\/wp-json\/wp\/v2\/comments?post=321"}],"wp:featuredmedia":[{"embeddable":true,"href":"https:\/\/marketplace.epassi.fi\/serena\/wp-json\/wp\/v2\/media\/334"}],"wp:attachment":[{"href":"https:\/\/marketplace.epassi.fi\/serena\/wp-json\/wp\/v2\/media?parent=321"}],"wp:term":[{"taxonomy":"product_brand","embeddable":true,"href":"https:\/\/marketplace.epassi.fi\/serena\/wp-json\/wp\/v2\/product_brand?post=321"},{"taxonomy":"product_cat","embeddable":true,"href":"https:\/\/marketplace.epassi.fi\/serena\/wp-json\/wp\/v2\/product_cat?post=321"},{"taxonomy":"product_tag","embeddable":true,"href":"https:\/\/marketplace.epassi.fi\/serena\/wp-json\/wp\/v2\/product_tag?post=321"}],"curies":[{"name":"wp","href":"https:\/\/api.w.org\/{rel}","templated":true}]}}