{"id":322,"date":"2022-04-08T13:43:29","date_gmt":"2022-04-08T10:43:29","guid":{"rendered":"https:\/\/marketplace.epassi.fi\/serena\/?post_type=product&#038;p=322"},"modified":"2026-01-01T05:01:55","modified_gmt":"2026-01-01T03:01:55","slug":"puuharyhman-kesakausikortti","status":"publish","type":"product","link":"https:\/\/marketplace.epassi.fi\/serena\/kauppa\/liikuntaedut\/vesipuisto-uimahalli\/puuharyhman-kesakausikortti\/","title":{"rendered":"Puuharyhm\u00e4n KES\u00c4kausikortti 2026"},"content":{"rendered":"<p><strong>Puuharyhm\u00e4n kes\u00e4kausikortilla<\/strong> on k\u00e4ytett\u00e4viss\u00e4 4 eri puistoa! Kes\u00e4kausarilla p\u00e4\u00e4set Serenaan, Puuhamaahan, Visulahteen ja Tropiclandiaan rajoituksetta <strong>kes\u00e4kauden 2026 ajan<\/strong>. Tarkista puistokohtaiset aukioloajat, s\u00e4\u00e4nn\u00f6t ja ohjeistukset puistojen nettisivuilta. <strong>Huom!<\/strong> Kausikortti on henkil\u00f6kohtainen. 1. k\u00e4yntikerrallasi n\u00e4yt\u00e4th\u00e4n Epassi Marketplacen kautta saamasi tilausvahvistuksen kassalla. Huomioithan samalla, ett\u00e4 1. k\u00e4ynti on aina teht\u00e4v\u00e4 Serenaan. Tuo passikuvan kokoinen kasvokuva ensimm\u00e4isen k\u00e4yntisi yhteydess\u00e4 tai toimita esimerkiksi k\u00e4nnyk\u00e4ll\u00e4 otettu kasvokuvasi s\u00e4hk\u00f6postilla info.serena@puuhagroup.com. Varsinaisen kausikortin saat toimitettuasi kuvasi, n\u00e4in p\u00e4\u00e4set my\u00f6s muihin puistoihimme. 0-3-vuotiaat veloituksetta maksavan aikuisen kanssa Serenaan. Alle 10-vuotiaat kausikorttilaiset tarvitsevat huoltajan mukaansa.<\/p>\n","protected":false},"excerpt":{"rendered":"<p style=\"text-align: center\">Puuharyhm\u00e4n kes\u00e4kausikortilla on k\u00e4ytett\u00e4viss\u00e4 4 eri puistoa! Kes\u00e4kausarilla p\u00e4\u00e4set Serenaan, Puuhamaahan, Visulahteen ja Tropiclandiaan rajoituksetta <strong>kes\u00e4kauden 2026<\/strong>\u00a0ajan.<\/p>\n","protected":false},"featured_media":333,"comment_status":"open","ping_status":"closed","template":"","meta":{"_acf_changed":false,"_kad_post_transparent":"default","_kad_post_title":"","_kad_post_layout":"default","_kad_post_sidebar_id":"","_kad_post_content_style":"default","_kad_post_vertical_padding":"default","_kad_post_feature":"","_kad_post_feature_position":"","_kad_post_header":false,"_kad_post_footer":false,"_kad_post_classname":""},"product_brand":[],"product_cat":[19,36],"product_tag":[],"class_list":{"0":"post-322","1":"product","2":"type-product","3":"status-publish","4":"has-post-thumbnail","6":"product_cat-liikuntaedut","7":"product_cat-vesipuisto-uimahalli","9":"first","10":"instock","11":"taxable","12":"shipping-taxable","13":"purchasable","14":"product-type-simple","15":"entry","16":"content-bg","17":"loop-entry"},"acf":[],"_links":{"self":[{"href":"https:\/\/marketplace.epassi.fi\/serena\/wp-json\/wp\/v2\/product\/322","targetHints":{"allow":["GET"]}}],"collection":[{"href":"https:\/\/marketplace.epassi.fi\/serena\/wp-json\/wp\/v2\/product"}],"about":[{"href":"https:\/\/marketplace.epassi.fi\/serena\/wp-json\/wp\/v2\/types\/product"}],"replies":[{"embeddable":true,"href":"https:\/\/marketplace.epassi.fi\/serena\/wp-json\/wp\/v2\/comments?post=322"}],"wp:featuredmedia":[{"embeddable":true,"href":"https:\/\/marketplace.epassi.fi\/serena\/wp-json\/wp\/v2\/media\/333"}],"wp:attachment":[{"href":"https:\/\/marketplace.epassi.fi\/serena\/wp-json\/wp\/v2\/media?parent=322"}],"wp:term":[{"taxonomy":"product_brand","embeddable":true,"href":"https:\/\/marketplace.epassi.fi\/serena\/wp-json\/wp\/v2\/product_brand?post=322"},{"taxonomy":"product_cat","embeddable":true,"href":"https:\/\/marketplace.epassi.fi\/serena\/wp-json\/wp\/v2\/product_cat?post=322"},{"taxonomy":"product_tag","embeddable":true,"href":"https:\/\/marketplace.epassi.fi\/serena\/wp-json\/wp\/v2\/product_tag?post=322"}],"curies":[{"name":"wp","href":"https:\/\/api.w.org\/{rel}","templated":true}]}}