{"id":323,"date":"2022-04-08T13:44:19","date_gmt":"2022-04-08T10:44:19","guid":{"rendered":"https:\/\/marketplace.epassi.fi\/serena\/?post_type=product&#038;p=323"},"modified":"2026-02-02T11:38:07","modified_gmt":"2026-02-02T09:38:07","slug":"vesipuiston-paivalippu","status":"publish","type":"product","link":"https:\/\/marketplace.epassi.fi\/serena\/kauppa\/liikuntaedut\/vesipuisto-uimahalli\/vesipuiston-paivalippu\/","title":{"rendered":"Vesipuiston p\u00e4iv\u00e4lippu 2026"},"content":{"rendered":"<p>P\u00e4iv\u00e4lippu vesipuisto Serenaan (aikuiset ja lapset). Voimassa <strong>vuoden 2026<\/strong>\u00a0loppuun saakka. Huom! Tarkista aukioloajat nettisivuiltamme. 0-3-vuotiaat veloituksetta. Tulosta Epassi Marketplacen kautta saamasi tilausvahvistus tai n\u00e4yt\u00e4 se mobiililaitteestasi kassalla.<\/p>\n","protected":false},"excerpt":{"rendered":"<p>P\u00e4iv\u00e4lippu vesipuisto Serenaan (aikuiset ja lapset). Voimassa <strong>vuoden 2026<\/strong>\u00a0loppuun saakka.<\/p>\n","protected":false},"featured_media":1021,"comment_status":"open","ping_status":"closed","template":"","meta":{"_acf_changed":false,"_kad_post_transparent":"default","_kad_post_title":"","_kad_post_layout":"default","_kad_post_sidebar_id":"","_kad_post_content_style":"default","_kad_post_vertical_padding":"default","_kad_post_feature":"","_kad_post_feature_position":"","_kad_post_header":false,"_kad_post_footer":false,"_kad_post_classname":""},"product_brand":[],"product_cat":[19,36],"product_tag":[],"class_list":{"0":"post-323","1":"product","2":"type-product","3":"status-publish","4":"has-post-thumbnail","6":"product_cat-liikuntaedut","7":"product_cat-vesipuisto-uimahalli","9":"first","10":"instock","11":"taxable","12":"shipping-taxable","13":"purchasable","14":"product-type-simple","15":"entry","16":"content-bg","17":"loop-entry"},"acf":[],"_links":{"self":[{"href":"https:\/\/marketplace.epassi.fi\/serena\/wp-json\/wp\/v2\/product\/323","targetHints":{"allow":["GET"]}}],"collection":[{"href":"https:\/\/marketplace.epassi.fi\/serena\/wp-json\/wp\/v2\/product"}],"about":[{"href":"https:\/\/marketplace.epassi.fi\/serena\/wp-json\/wp\/v2\/types\/product"}],"replies":[{"embeddable":true,"href":"https:\/\/marketplace.epassi.fi\/serena\/wp-json\/wp\/v2\/comments?post=323"}],"wp:featuredmedia":[{"embeddable":true,"href":"https:\/\/marketplace.epassi.fi\/serena\/wp-json\/wp\/v2\/media\/1021"}],"wp:attachment":[{"href":"https:\/\/marketplace.epassi.fi\/serena\/wp-json\/wp\/v2\/media?parent=323"}],"wp:term":[{"taxonomy":"product_brand","embeddable":true,"href":"https:\/\/marketplace.epassi.fi\/serena\/wp-json\/wp\/v2\/product_brand?post=323"},{"taxonomy":"product_cat","embeddable":true,"href":"https:\/\/marketplace.epassi.fi\/serena\/wp-json\/wp\/v2\/product_cat?post=323"},{"taxonomy":"product_tag","embeddable":true,"href":"https:\/\/marketplace.epassi.fi\/serena\/wp-json\/wp\/v2\/product_tag?post=323"}],"curies":[{"name":"wp","href":"https:\/\/api.w.org\/{rel}","templated":true}]}}